{"id":1188,"date":"2019-12-15T15:45:44","date_gmt":"2019-12-15T14:45:44","guid":{"rendered":"http:\/\/assphilateliquelilloise.fr\/?page_id=1188"},"modified":"2022-03-22T22:18:31","modified_gmt":"2022-03-22T21:18:31","slug":"bourse-expo-philatelique-17-mai-2020","status":"publish","type":"page","link":"https:\/\/assphilateliquelilloise.fr\/index.php\/bourse-expo-philatelique-17-mai-2020\/","title":{"rendered":"10e Bourse Philat\u00e9lique annul\u00e9e du 17 mai 2020"},"content":{"rendered":"\t\t<div data-elementor-type=\"wp-post\" data-elementor-id=\"1188\" class=\"elementor elementor-1188\">\n\t\t\t\t\t\t<section class=\"elementor-section elementor-top-section elementor-element elementor-element-544a408 elementor-section-boxed elementor-section-height-default elementor-section-height-default\" data-id=\"544a408\" data-element_type=\"section\" data-e-type=\"section\">\n\t\t\t\t\t\t<div class=\"elementor-container elementor-column-gap-default\">\n\t\t\t\t\t<div class=\"elementor-column elementor-col-100 elementor-top-column elementor-element elementor-element-77868daa\" data-id=\"77868daa\" data-element_type=\"column\" data-e-type=\"column\">\n\t\t\t<div class=\"elementor-widget-wrap elementor-element-populated\">\n\t\t\t\t\t\t<div class=\"elementor-element elementor-element-436c028c elementor-widget elementor-widget-text-editor\" data-id=\"436c028c\" data-element_type=\"widget\" data-e-type=\"widget\" data-widget_type=\"text-editor.default\">\n\t\t\t\t<div class=\"elementor-widget-container\">\n\t\t\t\t\t\t\t\t\t\n<p style=\"text-align:center\">            <\/p>\n\t\t\t\t\t\t\t\t<\/div>\n\t\t\t\t<\/div>\n\t\t\t\t\t<\/div>\n\t\t<\/div>\n\t\t\t\t\t<\/div>\n\t\t<\/section>\n\t\t\t\t<section class=\"elementor-section elementor-top-section elementor-element elementor-element-91058de elementor-section-boxed elementor-section-height-default elementor-section-height-default\" data-id=\"91058de\" data-element_type=\"section\" data-e-type=\"section\">\n\t\t\t\t\t\t<div class=\"elementor-container elementor-column-gap-default\">\n\t\t\t\t\t<div class=\"elementor-column elementor-col-100 elementor-top-column elementor-element elementor-element-201d366\" data-id=\"201d366\" data-element_type=\"column\" data-e-type=\"column\">\n\t\t\t<div class=\"elementor-widget-wrap elementor-element-populated\">\n\t\t\t\t\t\t<div class=\"elementor-element elementor-element-99d99c5 elementor-widget elementor-widget-heading\" data-id=\"99d99c5\" data-element_type=\"widget\" data-e-type=\"widget\" data-widget_type=\"heading.default\">\n\t\t\t\t<div class=\"elementor-widget-container\">\n\t\t\t\t\t<h2 class=\"elementor-heading-title elementor-size-default\">10\u00e8me  bourse de 2020 annul\u00e9e - expo philat\u00e9lique et cartophile<\/h2>\t\t\t\t<\/div>\n\t\t\t\t<\/div>\n\t\t\t\t<div class=\"elementor-element elementor-element-45ae463 elementor-widget elementor-widget-spacer\" data-id=\"45ae463\" data-element_type=\"widget\" data-e-type=\"widget\" data-widget_type=\"spacer.default\">\n\t\t\t\t<div class=\"elementor-widget-container\">\n\t\t\t\t\t\t\t<div class=\"elementor-spacer\">\n\t\t\t<div class=\"elementor-spacer-inner\"><\/div>\n\t\t<\/div>\n\t\t\t\t\t\t<\/div>\n\t\t\t\t<\/div>\n\t\t\t\t<div class=\"elementor-element elementor-element-6731bca elementor-widget elementor-widget-image\" data-id=\"6731bca\" data-element_type=\"widget\" data-e-type=\"widget\" data-widget_type=\"image.default\">\n\t\t\t\t<div class=\"elementor-widget-container\">\n\t\t\t\t\t\t\t\t\t\t\t\t\t\t\t<img fetchpriority=\"high\" decoding=\"async\" width=\"724\" height=\"1024\" src=\"https:\/\/assphilateliquelilloise.fr\/wp-content\/uploads\/2020\/04\/Lettre-coronavirus-et-bourse-2020-724x1024.jpg\" class=\"attachment-large size-large wp-image-1366\" alt=\"\" srcset=\"https:\/\/assphilateliquelilloise.fr\/wp-content\/uploads\/2020\/04\/Lettre-coronavirus-et-bourse-2020-724x1024.jpg 724w, https:\/\/assphilateliquelilloise.fr\/wp-content\/uploads\/2020\/04\/Lettre-coronavirus-et-bourse-2020-212x300.jpg 212w, https:\/\/assphilateliquelilloise.fr\/wp-content\/uploads\/2020\/04\/Lettre-coronavirus-et-bourse-2020-768x1086.jpg 768w, https:\/\/assphilateliquelilloise.fr\/wp-content\/uploads\/2020\/04\/Lettre-coronavirus-et-bourse-2020-1024x1447.jpg 1024w, https:\/\/assphilateliquelilloise.fr\/wp-content\/uploads\/2020\/04\/Lettre-coronavirus-et-bourse-2020-764x1080.jpg 764w, https:\/\/assphilateliquelilloise.fr\/wp-content\/uploads\/2020\/04\/Lettre-coronavirus-et-bourse-2020.jpg 1654w\" sizes=\"(max-width: 724px) 100vw, 724px\" \/>\t\t\t\t\t\t\t\t\t\t\t\t\t\t\t<\/div>\n\t\t\t\t<\/div>\n\t\t\t\t<section class=\"elementor-section elementor-inner-section elementor-element elementor-element-caacccf elementor-section-boxed elementor-section-height-default elementor-section-height-default\" data-id=\"caacccf\" data-element_type=\"section\" data-e-type=\"section\">\n\t\t\t\t\t\t<div class=\"elementor-container elementor-column-gap-default\">\n\t\t\t\t\t<div class=\"elementor-column elementor-col-50 elementor-inner-column elementor-element elementor-element-1253c5c\" data-id=\"1253c5c\" data-element_type=\"column\" data-e-type=\"column\">\n\t\t\t<div class=\"elementor-widget-wrap\">\n\t\t\t\t\t\t\t<\/div>\n\t\t<\/div>\n\t\t\t\t<div class=\"elementor-column elementor-col-50 elementor-inner-column elementor-element elementor-element-252779f\" data-id=\"252779f\" data-element_type=\"column\" data-e-type=\"column\">\n\t\t\t<div class=\"elementor-widget-wrap\">\n\t\t\t\t\t\t\t<\/div>\n\t\t<\/div>\n\t\t\t\t\t<\/div>\n\t\t<\/section>\n\t\t\t\t\t<\/div>\n\t\t<\/div>\n\t\t\t\t\t<\/div>\n\t\t<\/section>\n\t\t\t\t<section class=\"elementor-section elementor-top-section elementor-element elementor-element-29499c1 elementor-section-boxed elementor-section-height-default elementor-section-height-default\" data-id=\"29499c1\" data-element_type=\"section\" data-e-type=\"section\">\n\t\t\t\t\t\t<div class=\"elementor-container elementor-column-gap-default\">\n\t\t\t\t\t<div class=\"elementor-column elementor-col-50 elementor-top-column elementor-element elementor-element-78d4695\" data-id=\"78d4695\" data-element_type=\"column\" data-e-type=\"column\">\n\t\t\t<div class=\"elementor-widget-wrap elementor-element-populated\">\n\t\t\t\t\t\t<div class=\"elementor-element elementor-element-208c20a elementor-widget elementor-widget-image\" data-id=\"208c20a\" data-element_type=\"widget\" data-e-type=\"widget\" data-widget_type=\"image.default\">\n\t\t\t\t<div class=\"elementor-widget-container\">\n\t\t\t\t\t\t\t\t\t\t\t\t\t\t\t<img decoding=\"async\" width=\"724\" height=\"1024\" src=\"https:\/\/assphilateliquelilloise.fr\/wp-content\/uploads\/2019\/12\/Bourse-2020-1-724x1024.jpg\" class=\"attachment-large size-large wp-image-1192\" alt=\"\" srcset=\"https:\/\/assphilateliquelilloise.fr\/wp-content\/uploads\/2019\/12\/Bourse-2020-1-724x1024.jpg 724w, https:\/\/assphilateliquelilloise.fr\/wp-content\/uploads\/2019\/12\/Bourse-2020-1-212x300.jpg 212w, https:\/\/assphilateliquelilloise.fr\/wp-content\/uploads\/2019\/12\/Bourse-2020-1-768x1086.jpg 768w, https:\/\/assphilateliquelilloise.fr\/wp-content\/uploads\/2019\/12\/Bourse-2020-1-1024x1447.jpg 1024w, https:\/\/assphilateliquelilloise.fr\/wp-content\/uploads\/2019\/12\/Bourse-2020-1-764x1080.jpg 764w, https:\/\/assphilateliquelilloise.fr\/wp-content\/uploads\/2019\/12\/Bourse-2020-1.jpg 1654w\" sizes=\"(max-width: 724px) 100vw, 724px\" \/>\t\t\t\t\t\t\t\t\t\t\t\t\t\t\t<\/div>\n\t\t\t\t<\/div>\n\t\t\t\t\t<\/div>\n\t\t<\/div>\n\t\t\t\t<div class=\"elementor-column elementor-col-50 elementor-top-column elementor-element elementor-element-5e3d8ed\" data-id=\"5e3d8ed\" data-element_type=\"column\" data-e-type=\"column\">\n\t\t\t<div class=\"elementor-widget-wrap elementor-element-populated\">\n\t\t\t\t\t\t<div class=\"elementor-element elementor-element-0339377 elementor-widget elementor-widget-image\" data-id=\"0339377\" data-element_type=\"widget\" data-e-type=\"widget\" data-widget_type=\"image.default\">\n\t\t\t\t<div class=\"elementor-widget-container\">\n\t\t\t\t\t\t\t\t\t\t\t\t\t\t\t<img decoding=\"async\" width=\"724\" height=\"1024\" src=\"https:\/\/assphilateliquelilloise.fr\/wp-content\/uploads\/2019\/12\/Bourse-2020-2-724x1024.jpg\" class=\"attachment-large size-large wp-image-1193\" alt=\"\" srcset=\"https:\/\/assphilateliquelilloise.fr\/wp-content\/uploads\/2019\/12\/Bourse-2020-2-724x1024.jpg 724w, https:\/\/assphilateliquelilloise.fr\/wp-content\/uploads\/2019\/12\/Bourse-2020-2-212x300.jpg 212w, https:\/\/assphilateliquelilloise.fr\/wp-content\/uploads\/2019\/12\/Bourse-2020-2-768x1086.jpg 768w, https:\/\/assphilateliquelilloise.fr\/wp-content\/uploads\/2019\/12\/Bourse-2020-2-1024x1447.jpg 1024w, https:\/\/assphilateliquelilloise.fr\/wp-content\/uploads\/2019\/12\/Bourse-2020-2-764x1080.jpg 764w, https:\/\/assphilateliquelilloise.fr\/wp-content\/uploads\/2019\/12\/Bourse-2020-2.jpg 1654w\" sizes=\"(max-width: 724px) 100vw, 724px\" \/>\t\t\t\t\t\t\t\t\t\t\t\t\t\t\t<\/div>\n\t\t\t\t<\/div>\n\t\t\t\t\t<\/div>\n\t\t<\/div>\n\t\t\t\t\t<\/div>\n\t\t<\/section>\n\t\t\t\t<section class=\"elementor-section elementor-top-section elementor-element elementor-element-1cd7c5d elementor-section-boxed elementor-section-height-default elementor-section-height-default\" data-id=\"1cd7c5d\" data-element_type=\"section\" data-e-type=\"section\">\n\t\t\t\t\t\t<div class=\"elementor-container elementor-column-gap-default\">\n\t\t\t\t\t<div class=\"elementor-column elementor-col-100 elementor-top-column elementor-element elementor-element-c132e2e\" data-id=\"c132e2e\" data-element_type=\"column\" data-e-type=\"column\">\n\t\t\t<div class=\"elementor-widget-wrap elementor-element-populated\">\n\t\t\t\t\t\t<div class=\"elementor-element elementor-element-e07ebc9 elementor-widget elementor-widget-spacer\" data-id=\"e07ebc9\" data-element_type=\"widget\" data-e-type=\"widget\" data-widget_type=\"spacer.default\">\n\t\t\t\t<div class=\"elementor-widget-container\">\n\t\t\t\t\t\t\t<div class=\"elementor-spacer\">\n\t\t\t<div class=\"elementor-spacer-inner\"><\/div>\n\t\t<\/div>\n\t\t\t\t\t\t<\/div>\n\t\t\t\t<\/div>\n\t\t\t\t<div class=\"elementor-element elementor-element-04a24bb elementor-widget elementor-widget-image\" data-id=\"04a24bb\" data-element_type=\"widget\" data-e-type=\"widget\" data-widget_type=\"image.default\">\n\t\t\t\t<div class=\"elementor-widget-container\">\n\t\t\t\t\t\t\t\t\t\t\t\t\t\t\t<img loading=\"lazy\" decoding=\"async\" width=\"1024\" height=\"724\" src=\"https:\/\/assphilateliquelilloise.fr\/wp-content\/uploads\/2019\/12\/Bourse-2020-4-1024x724.jpg\" class=\"attachment-large size-large wp-image-1195\" alt=\"\" srcset=\"https:\/\/assphilateliquelilloise.fr\/wp-content\/uploads\/2019\/12\/Bourse-2020-4-1024x724.jpg 1024w, https:\/\/assphilateliquelilloise.fr\/wp-content\/uploads\/2019\/12\/Bourse-2020-4-300x212.jpg 300w, https:\/\/assphilateliquelilloise.fr\/wp-content\/uploads\/2019\/12\/Bourse-2020-4-768x543.jpg 768w, https:\/\/assphilateliquelilloise.fr\/wp-content\/uploads\/2019\/12\/Bourse-2020-4-1527x1080.jpg 1527w\" sizes=\"(max-width: 1024px) 100vw, 1024px\" \/>\t\t\t\t\t\t\t\t\t\t\t\t\t\t\t<\/div>\n\t\t\t\t<\/div>\n\t\t\t\t\t<\/div>\n\t\t<\/div>\n\t\t\t\t\t<\/div>\n\t\t<\/section>\n\t\t\t\t<section class=\"elementor-section elementor-top-section elementor-element elementor-element-5922f97 elementor-section-boxed elementor-section-height-default elementor-section-height-default\" data-id=\"5922f97\" data-element_type=\"section\" data-e-type=\"section\">\n\t\t\t\t\t\t<div class=\"elementor-container elementor-column-gap-default\">\n\t\t\t\t\t<div class=\"elementor-column elementor-col-25 elementor-top-column elementor-element elementor-element-ad62a52\" data-id=\"ad62a52\" data-element_type=\"column\" data-e-type=\"column\">\n\t\t\t<div class=\"elementor-widget-wrap\">\n\t\t\t\t\t\t\t<\/div>\n\t\t<\/div>\n\t\t\t\t<div class=\"elementor-column elementor-col-50 elementor-top-column elementor-element elementor-element-44eb063\" data-id=\"44eb063\" data-element_type=\"column\" data-e-type=\"column\">\n\t\t\t<div class=\"elementor-widget-wrap elementor-element-populated\">\n\t\t\t\t\t\t<div class=\"elementor-element elementor-element-5517895 elementor-widget elementor-widget-image\" data-id=\"5517895\" data-element_type=\"widget\" data-e-type=\"widget\" data-widget_type=\"image.default\">\n\t\t\t\t<div class=\"elementor-widget-container\">\n\t\t\t\t\t\t\t\t\t\t\t\t\t\t\t<img decoding=\"async\" src=\"http:\/\/assphilateliquelilloise.fr\/wp-content\/uploads\/2019\/12\/Bourse-2020-5.jpg\" title=\"\" alt=\"\" loading=\"lazy\" \/>\t\t\t\t\t\t\t\t\t\t\t\t\t\t\t<\/div>\n\t\t\t\t<\/div>\n\t\t\t\t\t<\/div>\n\t\t<\/div>\n\t\t\t\t<div class=\"elementor-column elementor-col-25 elementor-top-column elementor-element elementor-element-a001529\" data-id=\"a001529\" data-element_type=\"column\" data-e-type=\"column\">\n\t\t\t<div class=\"elementor-widget-wrap\">\n\t\t\t\t\t\t\t<\/div>\n\t\t<\/div>\n\t\t\t\t\t<\/div>\n\t\t<\/section>\n\t\t\t\t<\/div>\n\t\t","protected":false},"excerpt":{"rendered":"<p>10\u00e8me bourse de 2020 annul\u00e9e &#8211; expo philat\u00e9lique et cartophile<\/p>\n","protected":false},"author":3,"featured_media":0,"parent":0,"menu_order":0,"comment_status":"closed","ping_status":"closed","template":"","meta":{"footnotes":""},"class_list":["post-1188","page","type-page","status-publish","hentry"],"yoast_head":"<!-- This site is optimized with the Yoast SEO plugin v27.3 - https:\/\/yoast.com\/product\/yoast-seo-wordpress\/ -->\n<title>10e Bourse Philat\u00e9lique annul\u00e9e du 17 mai 2020 - Association Philat\u00e9lique de Lille-Mons et Environs<\/title>\n<meta name=\"robots\" content=\"index, follow, max-snippet:-1, max-image-preview:large, max-video-preview:-1\" \/>\n<link rel=\"canonical\" href=\"https:\/\/assphilateliquelilloise.fr\/index.php\/bourse-expo-philatelique-17-mai-2020\/\" \/>\n<meta property=\"og:locale\" content=\"fr_FR\" \/>\n<meta property=\"og:type\" content=\"article\" \/>\n<meta property=\"og:title\" content=\"10e Bourse Philat\u00e9lique annul\u00e9e du 17 mai 2020 - Association Philat\u00e9lique de Lille-Mons et Environs\" \/>\n<meta property=\"og:description\" content=\"10\u00e8me bourse de 2020 annul\u00e9e &#8211; expo philat\u00e9lique et cartophile\" \/>\n<meta property=\"og:url\" content=\"https:\/\/assphilateliquelilloise.fr\/index.php\/bourse-expo-philatelique-17-mai-2020\/\" \/>\n<meta property=\"og:site_name\" content=\"Association Philat\u00e9lique de Lille-Mons et Environs\" \/>\n<meta property=\"article:modified_time\" content=\"2022-03-22T21:18:31+00:00\" \/>\n<meta property=\"og:image\" content=\"https:\/\/assphilateliquelilloise.fr\/wp-content\/uploads\/2020\/04\/Lettre-coronavirus-et-bourse-2020-724x1024.jpg\" \/>\n<meta name=\"twitter:card\" content=\"summary_large_image\" \/>\n<script type=\"application\/ld+json\" class=\"yoast-schema-graph\">{\"@context\":\"https:\\\/\\\/schema.org\",\"@graph\":[{\"@type\":\"WebPage\",\"@id\":\"https:\\\/\\\/assphilateliquelilloise.fr\\\/index.php\\\/bourse-expo-philatelique-17-mai-2020\\\/\",\"url\":\"https:\\\/\\\/assphilateliquelilloise.fr\\\/index.php\\\/bourse-expo-philatelique-17-mai-2020\\\/\",\"name\":\"10e Bourse Philat\u00e9lique annul\u00e9e du 17 mai 2020 - Association Philat\u00e9lique de Lille-Mons et Environs\",\"isPartOf\":{\"@id\":\"https:\\\/\\\/assphilateliquelilloise.fr\\\/#website\"},\"primaryImageOfPage\":{\"@id\":\"https:\\\/\\\/assphilateliquelilloise.fr\\\/index.php\\\/bourse-expo-philatelique-17-mai-2020\\\/#primaryimage\"},\"image\":{\"@id\":\"https:\\\/\\\/assphilateliquelilloise.fr\\\/index.php\\\/bourse-expo-philatelique-17-mai-2020\\\/#primaryimage\"},\"thumbnailUrl\":\"https:\\\/\\\/assphilateliquelilloise.fr\\\/wp-content\\\/uploads\\\/2020\\\/04\\\/Lettre-coronavirus-et-bourse-2020-724x1024.jpg\",\"datePublished\":\"2019-12-15T14:45:44+00:00\",\"dateModified\":\"2022-03-22T21:18:31+00:00\",\"breadcrumb\":{\"@id\":\"https:\\\/\\\/assphilateliquelilloise.fr\\\/index.php\\\/bourse-expo-philatelique-17-mai-2020\\\/#breadcrumb\"},\"inLanguage\":\"fr-FR\",\"potentialAction\":[{\"@type\":\"ReadAction\",\"target\":[\"https:\\\/\\\/assphilateliquelilloise.fr\\\/index.php\\\/bourse-expo-philatelique-17-mai-2020\\\/\"]}]},{\"@type\":\"ImageObject\",\"inLanguage\":\"fr-FR\",\"@id\":\"https:\\\/\\\/assphilateliquelilloise.fr\\\/index.php\\\/bourse-expo-philatelique-17-mai-2020\\\/#primaryimage\",\"url\":\"https:\\\/\\\/assphilateliquelilloise.fr\\\/wp-content\\\/uploads\\\/2020\\\/04\\\/Lettre-coronavirus-et-bourse-2020.jpg\",\"contentUrl\":\"https:\\\/\\\/assphilateliquelilloise.fr\\\/wp-content\\\/uploads\\\/2020\\\/04\\\/Lettre-coronavirus-et-bourse-2020.jpg\",\"width\":1654,\"height\":2338},{\"@type\":\"BreadcrumbList\",\"@id\":\"https:\\\/\\\/assphilateliquelilloise.fr\\\/index.php\\\/bourse-expo-philatelique-17-mai-2020\\\/#breadcrumb\",\"itemListElement\":[{\"@type\":\"ListItem\",\"position\":1,\"name\":\"Accueil\",\"item\":\"https:\\\/\\\/assphilateliquelilloise.fr\\\/\"},{\"@type\":\"ListItem\",\"position\":2,\"name\":\"10e Bourse Philat\u00e9lique annul\u00e9e du 17 mai 2020\"}]},{\"@type\":\"WebSite\",\"@id\":\"https:\\\/\\\/assphilateliquelilloise.fr\\\/#website\",\"url\":\"https:\\\/\\\/assphilateliquelilloise.fr\\\/\",\"name\":\"Association Philat\u00e9lique de Lille-Mons et Environs\",\"description\":\"Site de l&#039;Association Philat\u00e9lique de Lille-Mons et Environs\",\"publisher\":{\"@id\":\"https:\\\/\\\/assphilateliquelilloise.fr\\\/#organization\"},\"potentialAction\":[{\"@type\":\"SearchAction\",\"target\":{\"@type\":\"EntryPoint\",\"urlTemplate\":\"https:\\\/\\\/assphilateliquelilloise.fr\\\/?s={search_term_string}\"},\"query-input\":{\"@type\":\"PropertyValueSpecification\",\"valueRequired\":true,\"valueName\":\"search_term_string\"}}],\"inLanguage\":\"fr-FR\"},{\"@type\":\"Organization\",\"@id\":\"https:\\\/\\\/assphilateliquelilloise.fr\\\/#organization\",\"name\":\"Association Philat\u00e9lique de Lille-Mons et Environs\",\"url\":\"https:\\\/\\\/assphilateliquelilloise.fr\\\/\",\"logo\":{\"@type\":\"ImageObject\",\"inLanguage\":\"fr-FR\",\"@id\":\"https:\\\/\\\/assphilateliquelilloise.fr\\\/#\\\/schema\\\/logo\\\/image\\\/\",\"url\":\"https:\\\/\\\/assphilateliquelilloise.fr\\\/wp-content\\\/uploads\\\/2024\\\/04\\\/Logo_APLME_Internet5.jpg\",\"contentUrl\":\"https:\\\/\\\/assphilateliquelilloise.fr\\\/wp-content\\\/uploads\\\/2024\\\/04\\\/Logo_APLME_Internet5.jpg\",\"width\":345,\"height\":162,\"caption\":\"Association Philat\u00e9lique de Lille-Mons et Environs\"},\"image\":{\"@id\":\"https:\\\/\\\/assphilateliquelilloise.fr\\\/#\\\/schema\\\/logo\\\/image\\\/\"}}]}<\/script>\n<!-- \/ Yoast SEO plugin. -->","yoast_head_json":{"title":"10e Bourse Philat\u00e9lique annul\u00e9e du 17 mai 2020 - Association Philat\u00e9lique de Lille-Mons et Environs","robots":{"index":"index","follow":"follow","max-snippet":"max-snippet:-1","max-image-preview":"max-image-preview:large","max-video-preview":"max-video-preview:-1"},"canonical":"https:\/\/assphilateliquelilloise.fr\/index.php\/bourse-expo-philatelique-17-mai-2020\/","og_locale":"fr_FR","og_type":"article","og_title":"10e Bourse Philat\u00e9lique annul\u00e9e du 17 mai 2020 - Association Philat\u00e9lique de Lille-Mons et Environs","og_description":"10\u00e8me bourse de 2020 annul\u00e9e &#8211; expo philat\u00e9lique et cartophile","og_url":"https:\/\/assphilateliquelilloise.fr\/index.php\/bourse-expo-philatelique-17-mai-2020\/","og_site_name":"Association Philat\u00e9lique de Lille-Mons et Environs","article_modified_time":"2022-03-22T21:18:31+00:00","og_image":[{"url":"https:\/\/assphilateliquelilloise.fr\/wp-content\/uploads\/2020\/04\/Lettre-coronavirus-et-bourse-2020-724x1024.jpg","type":"","width":"","height":""}],"twitter_card":"summary_large_image","schema":{"@context":"https:\/\/schema.org","@graph":[{"@type":"WebPage","@id":"https:\/\/assphilateliquelilloise.fr\/index.php\/bourse-expo-philatelique-17-mai-2020\/","url":"https:\/\/assphilateliquelilloise.fr\/index.php\/bourse-expo-philatelique-17-mai-2020\/","name":"10e Bourse Philat\u00e9lique annul\u00e9e du 17 mai 2020 - Association Philat\u00e9lique de Lille-Mons et Environs","isPartOf":{"@id":"https:\/\/assphilateliquelilloise.fr\/#website"},"primaryImageOfPage":{"@id":"https:\/\/assphilateliquelilloise.fr\/index.php\/bourse-expo-philatelique-17-mai-2020\/#primaryimage"},"image":{"@id":"https:\/\/assphilateliquelilloise.fr\/index.php\/bourse-expo-philatelique-17-mai-2020\/#primaryimage"},"thumbnailUrl":"https:\/\/assphilateliquelilloise.fr\/wp-content\/uploads\/2020\/04\/Lettre-coronavirus-et-bourse-2020-724x1024.jpg","datePublished":"2019-12-15T14:45:44+00:00","dateModified":"2022-03-22T21:18:31+00:00","breadcrumb":{"@id":"https:\/\/assphilateliquelilloise.fr\/index.php\/bourse-expo-philatelique-17-mai-2020\/#breadcrumb"},"inLanguage":"fr-FR","potentialAction":[{"@type":"ReadAction","target":["https:\/\/assphilateliquelilloise.fr\/index.php\/bourse-expo-philatelique-17-mai-2020\/"]}]},{"@type":"ImageObject","inLanguage":"fr-FR","@id":"https:\/\/assphilateliquelilloise.fr\/index.php\/bourse-expo-philatelique-17-mai-2020\/#primaryimage","url":"https:\/\/assphilateliquelilloise.fr\/wp-content\/uploads\/2020\/04\/Lettre-coronavirus-et-bourse-2020.jpg","contentUrl":"https:\/\/assphilateliquelilloise.fr\/wp-content\/uploads\/2020\/04\/Lettre-coronavirus-et-bourse-2020.jpg","width":1654,"height":2338},{"@type":"BreadcrumbList","@id":"https:\/\/assphilateliquelilloise.fr\/index.php\/bourse-expo-philatelique-17-mai-2020\/#breadcrumb","itemListElement":[{"@type":"ListItem","position":1,"name":"Accueil","item":"https:\/\/assphilateliquelilloise.fr\/"},{"@type":"ListItem","position":2,"name":"10e Bourse Philat\u00e9lique annul\u00e9e du 17 mai 2020"}]},{"@type":"WebSite","@id":"https:\/\/assphilateliquelilloise.fr\/#website","url":"https:\/\/assphilateliquelilloise.fr\/","name":"Association Philat\u00e9lique de Lille-Mons et Environs","description":"Site de l&#039;Association Philat\u00e9lique de Lille-Mons et Environs","publisher":{"@id":"https:\/\/assphilateliquelilloise.fr\/#organization"},"potentialAction":[{"@type":"SearchAction","target":{"@type":"EntryPoint","urlTemplate":"https:\/\/assphilateliquelilloise.fr\/?s={search_term_string}"},"query-input":{"@type":"PropertyValueSpecification","valueRequired":true,"valueName":"search_term_string"}}],"inLanguage":"fr-FR"},{"@type":"Organization","@id":"https:\/\/assphilateliquelilloise.fr\/#organization","name":"Association Philat\u00e9lique de Lille-Mons et Environs","url":"https:\/\/assphilateliquelilloise.fr\/","logo":{"@type":"ImageObject","inLanguage":"fr-FR","@id":"https:\/\/assphilateliquelilloise.fr\/#\/schema\/logo\/image\/","url":"https:\/\/assphilateliquelilloise.fr\/wp-content\/uploads\/2024\/04\/Logo_APLME_Internet5.jpg","contentUrl":"https:\/\/assphilateliquelilloise.fr\/wp-content\/uploads\/2024\/04\/Logo_APLME_Internet5.jpg","width":345,"height":162,"caption":"Association Philat\u00e9lique de Lille-Mons et Environs"},"image":{"@id":"https:\/\/assphilateliquelilloise.fr\/#\/schema\/logo\/image\/"}}]}},"jetpack_sharing_enabled":true,"_links":{"self":[{"href":"https:\/\/assphilateliquelilloise.fr\/index.php\/wp-json\/wp\/v2\/pages\/1188","targetHints":{"allow":["GET"]}}],"collection":[{"href":"https:\/\/assphilateliquelilloise.fr\/index.php\/wp-json\/wp\/v2\/pages"}],"about":[{"href":"https:\/\/assphilateliquelilloise.fr\/index.php\/wp-json\/wp\/v2\/types\/page"}],"author":[{"embeddable":true,"href":"https:\/\/assphilateliquelilloise.fr\/index.php\/wp-json\/wp\/v2\/users\/3"}],"replies":[{"embeddable":true,"href":"https:\/\/assphilateliquelilloise.fr\/index.php\/wp-json\/wp\/v2\/comments?post=1188"}],"version-history":[{"count":14,"href":"https:\/\/assphilateliquelilloise.fr\/index.php\/wp-json\/wp\/v2\/pages\/1188\/revisions"}],"predecessor-version":[{"id":2268,"href":"https:\/\/assphilateliquelilloise.fr\/index.php\/wp-json\/wp\/v2\/pages\/1188\/revisions\/2268"}],"wp:attachment":[{"href":"https:\/\/assphilateliquelilloise.fr\/index.php\/wp-json\/wp\/v2\/media?parent=1188"}],"curies":[{"name":"wp","href":"https:\/\/api.w.org\/{rel}","templated":true}]}}