{"id":152,"date":"2018-11-16T09:16:48","date_gmt":"2018-11-16T08:16:48","guid":{"rendered":"http:\/\/assphilateliquelilloise.fr\/?page_id=152"},"modified":"2024-04-11T09:51:51","modified_gmt":"2024-04-11T07:51:51","slug":"numeros-speciaux","status":"publish","type":"page","link":"https:\/\/assphilateliquelilloise.fr\/index.php\/numeros-speciaux\/","title":{"rendered":"Num\u00e9ros sp\u00e9ciaux"},"content":{"rendered":"\t\t<div data-elementor-type=\"wp-post\" data-elementor-id=\"152\" class=\"elementor elementor-152\">\n\t\t\t\t\t\t<section class=\"elementor-section elementor-top-section elementor-element elementor-element-23f7207 elementor-section-boxed elementor-section-height-default elementor-section-height-default\" data-id=\"23f7207\" data-element_type=\"section\" data-e-type=\"section\">\n\t\t\t\t\t\t<div class=\"elementor-container elementor-column-gap-default\">\n\t\t\t\t\t<div class=\"elementor-column elementor-col-100 elementor-top-column elementor-element elementor-element-27cdb89\" data-id=\"27cdb89\" data-element_type=\"column\" data-e-type=\"column\">\n\t\t\t<div class=\"elementor-widget-wrap elementor-element-populated\">\n\t\t\t\t\t\t<div class=\"elementor-element elementor-element-59144e9 elementor-widget elementor-widget-heading\" data-id=\"59144e9\" data-element_type=\"widget\" data-e-type=\"widget\" data-widget_type=\"heading.default\">\n\t\t\t\t<div class=\"elementor-widget-container\">\n\t\t\t\t\t<h2 class=\"elementor-heading-title elementor-size-default\"><span style=\"color:red\">N<\/span>um\u00e9ros sp\u00e9ciaux<\/h2>\t\t\t\t<\/div>\n\t\t\t\t<\/div>\n\t\t\t\t<div class=\"elementor-element elementor-element-57035a5 elementor-widget-divider--view-line elementor-widget elementor-widget-divider\" data-id=\"57035a5\" data-element_type=\"widget\" data-e-type=\"widget\" data-widget_type=\"divider.default\">\n\t\t\t\t<div class=\"elementor-widget-container\">\n\t\t\t\t\t\t\t<div class=\"elementor-divider\">\n\t\t\t<span class=\"elementor-divider-separator\">\n\t\t\t\t\t\t<\/span>\n\t\t<\/div>\n\t\t\t\t\t\t<\/div>\n\t\t\t\t<\/div>\n\t\t\t\t\t<\/div>\n\t\t<\/div>\n\t\t\t\t\t<\/div>\n\t\t<\/section>\n\t\t\t\t<section class=\"elementor-section elementor-top-section elementor-element elementor-element-387b5c2 elementor-section-boxed elementor-section-height-default elementor-section-height-default\" data-id=\"387b5c2\" data-element_type=\"section\" data-e-type=\"section\">\n\t\t\t\t\t\t<div class=\"elementor-container elementor-column-gap-default\">\n\t\t\t\t\t<div class=\"elementor-column elementor-col-100 elementor-top-column elementor-element elementor-element-c623ac1\" data-id=\"c623ac1\" data-element_type=\"column\" data-e-type=\"column\">\n\t\t\t<div class=\"elementor-widget-wrap elementor-element-populated\">\n\t\t\t\t\t\t<div class=\"elementor-element elementor-element-051464e elementor-widget elementor-widget-text-editor\" data-id=\"051464e\" data-element_type=\"widget\" data-e-type=\"widget\" data-widget_type=\"text-editor.default\">\n\t\t\t\t<div class=\"elementor-widget-container\">\n\t\t\t\t\t\t\t\t\t<p><span style=\"color: #000000;\">En 2012, \u00a02013 et 2014, nous avons \u00e9diter un num\u00e9ro sp\u00e9cial, intitul\u00e9 Lille, La Poste et La Philat\u00e9lie.<\/span><br \/><span style=\"color: #000000;\">Notre quatri\u00e8me num\u00e9ro a vu le jour en mars 2017.<\/span><\/p><p><span style=\"font-size: large; color: #000000;\"><span style=\"font-family: Lucida Sans Unicode;\">Ces num\u00e9ros sp\u00e9ciaux sont distribu\u00e9s de la main \u00e0 la main gratuitement en un exemplaire \u00e0 chacun de nos adh\u00e9rents.<\/span><\/span><br \/><span style=\"color: #000000;\"><span style=\"font-size: large;\"><span style=\"font-family: Lucida Sans Unicode;\">Si vous \u00eates int\u00e9ress\u00e9 par nos Num\u00e9ros Sp\u00e9ciaux, vous pouvez vous les procurer contre une participation aux frais de conception et d&rsquo;impression de 10 \u20ac l&rsquo;exemplaire. Si vous \u00eates membre de l&rsquo;APLME et que vous ne pouvez vous d\u00e9placer rapproch<\/span><\/span>ez vous de Brigitte Vansteendam ou Lucienne Lamirand.<\/span><br \/><span style=\"color: #000000;\">En cas d&rsquo;envoi par la poste<span style=\"font-size: large;\"><span style=\"font-family: Lucida Sans Unicode;\">, une participation au frais de port sera demand\u00e9e.<\/span><\/span><\/span><\/p><p><span style=\"color: #000000;\">Pour un envoi par la poste, merci d&rsquo;adresser une enveloppe grand format, avec votre adresse, timbr\u00e9e\u00a0<\/span><br \/><span style=\"color: #000000;\"><span style=\"font-size: small;\">(tarif de La Poste en vig<\/span><span style=\"font-size: large;\"><span style=\"font-family: Lucida Sans Unicode;\"><span style=\"font-size: small;\">ueur au 1er janvier 2017)<\/span>\u00a0:<\/span><\/span><\/span><\/p><div><span style=\"font-size: large; color: #000000;\"><span style=\"font-family: Lucida Sans Unicode;\">au tarif Lettre Prioritaire :\u00a01 exemplaire : 5.10 \u20ac, \u00e0 partir de 2 exemplaires : 6.80 \u20ac,\u00a0<br \/>au tarif Lettre Verte :\u00a01 exemplaire : 4.38 \u20ac, \u00e0 partir de 2 exemplaires : 5.84 \u20ac,\u00a0<\/span><\/span><\/div><div><p><span style=\"color: #000000;\"><span style=\"font-size: large;\"><span style=\"font-family: Lucida Sans Unicode;\">\u00e0 Brigitte Vansteendam, 40, rue Louis Montois 59790 RONCHIN<\/span><\/span><\/span><span style=\"color: #000000;\"> isatis.van@laposte.net\u00a0<\/span><br \/><span style=\"color: #000000;\"><span style=\"font-size: large;\"><span style=\"font-family: Lucida Sans Unicode;\">ou Lucienne Lamirand, 16 rue des Pr\u00e8s, 59320 Emmerin \u00a0<\/span><\/span>serge.lamirand0109@orange.fr\u00a0<\/span><\/p><p><span style=\"font-size: large; color: #000000;\"><span style=\"font-family: Lucida Sans Unicode;\">Vous trouverez ci-joint un bon de commande qui vous permet \u00e9galement de commander les anciens num\u00e9ros<\/span><\/span><\/p><\/div>\t\t\t\t\t\t\t\t<\/div>\n\t\t\t\t<\/div>\n\t\t\t\t\t<\/div>\n\t\t<\/div>\n\t\t\t\t\t<\/div>\n\t\t<\/section>\n\t\t\t\t<section class=\"elementor-section elementor-top-section elementor-element elementor-element-6ec8cea elementor-section-boxed elementor-section-height-default elementor-section-height-default\" data-id=\"6ec8cea\" data-element_type=\"section\" data-e-type=\"section\">\n\t\t\t\t\t\t<div class=\"elementor-container elementor-column-gap-default\">\n\t\t\t\t\t<div class=\"elementor-column elementor-col-100 elementor-top-column elementor-element elementor-element-3f5352e\" data-id=\"3f5352e\" data-element_type=\"column\" data-e-type=\"column\">\n\t\t\t<div class=\"elementor-widget-wrap elementor-element-populated\">\n\t\t\t\t\t\t<div class=\"elementor-element elementor-element-bf1baae elementor-tabs-view-horizontal elementor-widget elementor-widget-tabs\" data-id=\"bf1baae\" data-element_type=\"widget\" data-e-type=\"widget\" data-widget_type=\"tabs.default\">\n\t\t\t\t<div class=\"elementor-widget-container\">\n\t\t\t\t\t\t\t<div class=\"elementor-tabs\">\n\t\t\t<div class=\"elementor-tabs-wrapper\" role=\"tablist\" >\n\t\t\t\t\t\t\t\t\t<div id=\"elementor-tab-title-2001\" class=\"elementor-tab-title elementor-tab-desktop-title\" aria-selected=\"true\" data-tab=\"1\" role=\"tab\" tabindex=\"0\" aria-controls=\"elementor-tab-content-2001\" aria-expanded=\"false\">Num\u00e9ro 4 - Mars 2017<\/div>\n\t\t\t\t\t\t\t\t\t<div id=\"elementor-tab-title-2002\" class=\"elementor-tab-title elementor-tab-desktop-title\" aria-selected=\"false\" data-tab=\"2\" role=\"tab\" tabindex=\"-1\" aria-controls=\"elementor-tab-content-2002\" aria-expanded=\"false\">Num\u00e9ro 3 - Mai 2014<\/div>\n\t\t\t\t\t\t\t\t\t<div id=\"elementor-tab-title-2003\" class=\"elementor-tab-title elementor-tab-desktop-title\" aria-selected=\"false\" data-tab=\"3\" role=\"tab\" tabindex=\"-1\" aria-controls=\"elementor-tab-content-2003\" aria-expanded=\"false\">Num\u00e9ro 2 - Mai 2013<\/div>\n\t\t\t\t\t\t\t\t\t<div id=\"elementor-tab-title-2004\" class=\"elementor-tab-title elementor-tab-desktop-title\" aria-selected=\"false\" data-tab=\"4\" role=\"tab\" tabindex=\"-1\" aria-controls=\"elementor-tab-content-2004\" aria-expanded=\"false\">Num\u00e9ro 1 - Janvier 2012<\/div>\n\t\t\t\t\t\t\t<\/div>\n\t\t\t<div class=\"elementor-tabs-content-wrapper\" role=\"tablist\" aria-orientation=\"vertical\">\n\t\t\t\t\t\t\t\t\t<div class=\"elementor-tab-title elementor-tab-mobile-title\" aria-selected=\"true\" data-tab=\"1\" role=\"tab\" tabindex=\"0\" aria-controls=\"elementor-tab-content-2001\" aria-expanded=\"false\">Num\u00e9ro 4 - Mars 2017<\/div>\n\t\t\t\t\t<div id=\"elementor-tab-content-2001\" class=\"elementor-tab-content elementor-clearfix\" data-tab=\"1\" role=\"tabpanel\" aria-labelledby=\"elementor-tab-title-2001\" tabindex=\"0\" hidden=\"false\"><p><span style=\"color: #000000;\"><img fetchpriority=\"high\" decoding=\"async\" class=\"alignnone size-full wp-image-776\" src=\"http:\/\/assphilateliquelilloise.fr\/wp-content\/uploads\/2019\/05\/Couverture-du-NTNS40001-T3FUIY.jpg\" alt=\"\" width=\"491\" height=\"695\" srcset=\"https:\/\/assphilateliquelilloise.fr\/wp-content\/uploads\/2019\/05\/Couverture-du-NTNS40001-T3FUIY.jpg 491w, https:\/\/assphilateliquelilloise.fr\/wp-content\/uploads\/2019\/05\/Couverture-du-NTNS40001-T3FUIY-212x300.jpg 212w\" sizes=\"(max-width: 491px) 100vw, 491px\" \/><\/span><\/p><p><span style=\"color: #000000;\">le sommaire :<\/span><br \/><span style=\"color: #000000;\">\u00a0<\/span><\/p><p><span style=\"color: #000000;\">p.\u00a0 1 \u2013 Pr\u00e9sentation &#8211; R\u00e9trospective &#8211; Errata<\/span><\/p><p><span style=\"color: #000000;\">p. 3 \u2013 La Poste et le courrier \u00e0 Lille pendant la guerre de 1914-1918 &#8211;\u00a0par Bernard DEVAMBEZ<\/span><\/p><p><span style=\"color: #000000;\">p. 9 \u2013 L\u2019incendie de l\u2019h\u00f4tel de ville de Lille en 1916 &#8211;\u00a0par Brigitte FONCEZ et Andr\u00e9 BERA<\/span><\/p><p><span style=\"color: #000000;\">p. 15 \u2013 Pierre Mauroy &#8211;\u00a0par Jacques LIEFOOGHE<\/span><\/p><p><span style=\"color: #000000;\">p. 21 \u2013 La Petite Poste de Lille &#8211;\u00a0par Andr\u00e9 BERA<\/span><\/p><p><span style=\"color: #000000;\">p. 29 \u2013 Les ch\u00e8ques postaux \u00e0 Lille &#8211;\u00a0par Jacques LIEFOOGHE<\/span><\/p><p><span style=\"color: #000000;\">p. 40 \u2013 Les oblit\u00e9rations de\u00a0<span id=\"OBJ_PREFIX_DWT71_com_zimbra_date\" class=\"Object\">janvier 1849<\/span>\u00a0\u00e0 Lille &#8211;\u00a0par Pierre WEEXSTEEN<\/span><\/p><p><span style=\"color: #000000;\">p. 45 \u2013 La poste ferroviaire \u00e0 Lille &#8211;\u00a0par Charles BERNARD et Jacques LIEFOOGHE<\/span><\/p><p><span style=\"color: #000000;\">p. 55 \u2013 D\u00e9couverte d\u2019une T.S.C. lilloise &#8211;\u00a0par Pierre WEEXSTEEN<\/span><\/p><p><span style=\"color: #000000;\">Je remercie tout particuli\u00e8re Jacques Liefooghe qui a tr\u00e8s largement contribu\u00e9, avec l&rsquo;aide de sa fille pour la mise en page, \u00e0 la r\u00e9alisation de ce livre.<\/span><\/p><\/div>\n\t\t\t\t\t\t\t\t\t<div class=\"elementor-tab-title elementor-tab-mobile-title\" aria-selected=\"false\" data-tab=\"2\" role=\"tab\" tabindex=\"-1\" aria-controls=\"elementor-tab-content-2002\" aria-expanded=\"false\">Num\u00e9ro 3 - Mai 2014<\/div>\n\t\t\t\t\t<div id=\"elementor-tab-content-2002\" class=\"elementor-tab-content elementor-clearfix\" data-tab=\"2\" role=\"tabpanel\" aria-labelledby=\"elementor-tab-title-2002\" tabindex=\"0\" hidden=\"hidden\"><p><img decoding=\"async\" class=\"alignnone size-full wp-image-778\" src=\"http:\/\/assphilateliquelilloise.fr\/wp-content\/uploads\/2019\/05\/NTNS30001.jpg\" alt=\"\" width=\"568\" height=\"813\" srcset=\"https:\/\/assphilateliquelilloise.fr\/wp-content\/uploads\/2019\/05\/NTNS30001.jpg 568w, https:\/\/assphilateliquelilloise.fr\/wp-content\/uploads\/2019\/05\/NTNS30001-210x300.jpg 210w\" sizes=\"(max-width: 568px) 100vw, 568px\" \/><br \/><span style=\"color: #000000;\">cliquez\u00a0<a href=\"http:\/\/assphilateliquelilloise.fr\/wp-content\/uploads\/2019\/05\/ntns3-table-des-matieres.pdf\" target=\"_blank\" rel=\"noopener\">ICI<\/a>\u00a0pour obtenir la table des mati\u00e8res<\/span><\/p><\/div>\n\t\t\t\t\t\t\t\t\t<div class=\"elementor-tab-title elementor-tab-mobile-title\" aria-selected=\"false\" data-tab=\"3\" role=\"tab\" tabindex=\"-1\" aria-controls=\"elementor-tab-content-2003\" aria-expanded=\"false\">Num\u00e9ro 2 - Mai 2013<\/div>\n\t\t\t\t\t<div id=\"elementor-tab-content-2003\" class=\"elementor-tab-content elementor-clearfix\" data-tab=\"3\" role=\"tabpanel\" aria-labelledby=\"elementor-tab-title-2003\" tabindex=\"0\" hidden=\"hidden\"><p><a href=\"http:\/\/assphilateliquelilloise.fr\/wp-content\/uploads\/2019\/05\/Table-des-Matire-NTNS2.pdf\" target=\"_blank\" rel=\"noopener\"><img decoding=\"async\" class=\"alignnone size-full wp-image-775\" src=\"http:\/\/assphilateliquelilloise.fr\/wp-content\/uploads\/2019\/05\/Couverture-4-pages-NTNS-page-1-R.jpg\" alt=\"\" width=\"621\" height=\"876\" srcset=\"https:\/\/assphilateliquelilloise.fr\/wp-content\/uploads\/2019\/05\/Couverture-4-pages-NTNS-page-1-R.jpg 621w, https:\/\/assphilateliquelilloise.fr\/wp-content\/uploads\/2019\/05\/Couverture-4-pages-NTNS-page-1-R-213x300.jpg 213w\" sizes=\"(max-width: 621px) 100vw, 621px\" \/><\/a><\/p><p><span style=\"color: #000000;\">cliquez sur l&rsquo;image pour obtenir la table des mati\u00e8res\u00a0<\/span><\/p><\/div>\n\t\t\t\t\t\t\t\t\t<div class=\"elementor-tab-title elementor-tab-mobile-title\" aria-selected=\"false\" data-tab=\"4\" role=\"tab\" tabindex=\"-1\" aria-controls=\"elementor-tab-content-2004\" aria-expanded=\"false\">Num\u00e9ro 1 - Janvier 2012<\/div>\n\t\t\t\t\t<div id=\"elementor-tab-content-2004\" class=\"elementor-tab-content elementor-clearfix\" data-tab=\"4\" role=\"tabpanel\" aria-labelledby=\"elementor-tab-title-2004\" tabindex=\"0\" hidden=\"hidden\"><p><a href=\"http:\/\/assphilateliquelilloise.fr\/wp-content\/uploads\/2019\/05\/Table-des-matire-NT-NS1.pdf\" target=\"_blank\" rel=\"noopener\"><img loading=\"lazy\" decoding=\"async\" class=\"alignnone size-full wp-image-777\" src=\"http:\/\/assphilateliquelilloise.fr\/wp-content\/uploads\/2019\/05\/Couverture-NT-NS1-2.jpg\" alt=\"\" width=\"725\" height=\"1050\" srcset=\"https:\/\/assphilateliquelilloise.fr\/wp-content\/uploads\/2019\/05\/Couverture-NT-NS1-2.jpg 725w, https:\/\/assphilateliquelilloise.fr\/wp-content\/uploads\/2019\/05\/Couverture-NT-NS1-2-207x300.jpg 207w, https:\/\/assphilateliquelilloise.fr\/wp-content\/uploads\/2019\/05\/Couverture-NT-NS1-2-707x1024.jpg 707w\" sizes=\"(max-width: 725px) 100vw, 725px\" \/><\/a><\/p><p><span style=\"color: #000000;\">cliquez sur l\u2019image pour obtenir la table des mati\u00e8res\u00a0<\/span><\/p><\/div>\n\t\t\t\t\t\t\t<\/div>\n\t\t<\/div>\n\t\t\t\t\t\t<\/div>\n\t\t\t\t<\/div>\n\t\t\t\t\t<\/div>\n\t\t<\/div>\n\t\t\t\t\t<\/div>\n\t\t<\/section>\n\t\t\t\t<\/div>\n\t\t","protected":false},"excerpt":{"rendered":"<p>Num\u00e9ros sp\u00e9ciaux En 2012, \u00a02013 et 2014, nous avons \u00e9diter un num\u00e9ro sp\u00e9cial, intitul\u00e9 Lille, La Poste et La Philat\u00e9lie.Notre quatri\u00e8me num\u00e9ro a vu le jour en mars 2017. Ces num\u00e9ros sp\u00e9ciaux sont distribu\u00e9s de la main \u00e0 la main gratuitement en un exemplaire \u00e0 chacun de nos adh\u00e9rents.Si vous \u00eates int\u00e9ress\u00e9 par nos Num\u00e9ros&hellip; <br \/> <a class=\"read-more\" href=\"https:\/\/assphilateliquelilloise.fr\/index.php\/numeros-speciaux\/\">Lire la suite<\/a><\/p>\n","protected":false},"author":2,"featured_media":0,"parent":0,"menu_order":0,"comment_status":"closed","ping_status":"closed","template":"","meta":{"footnotes":""},"class_list":["post-152","page","type-page","status-publish","hentry"],"yoast_head":"<!-- This site is optimized with the Yoast SEO plugin v27.3 - https:\/\/yoast.com\/product\/yoast-seo-wordpress\/ -->\n<title>Num\u00e9ros sp\u00e9ciaux - Association Philat\u00e9lique de Lille-Mons et Environs<\/title>\n<meta name=\"robots\" content=\"index, follow, max-snippet:-1, max-image-preview:large, max-video-preview:-1\" \/>\n<link rel=\"canonical\" href=\"https:\/\/assphilateliquelilloise.fr\/index.php\/numeros-speciaux\/\" \/>\n<meta property=\"og:locale\" content=\"fr_FR\" \/>\n<meta property=\"og:type\" content=\"article\" \/>\n<meta property=\"og:title\" content=\"Num\u00e9ros sp\u00e9ciaux - Association Philat\u00e9lique de Lille-Mons et Environs\" \/>\n<meta property=\"og:description\" content=\"Num\u00e9ros sp\u00e9ciaux En 2012, \u00a02013 et 2014, nous avons \u00e9diter un num\u00e9ro sp\u00e9cial, intitul\u00e9 Lille, La Poste et La Philat\u00e9lie.Notre quatri\u00e8me num\u00e9ro a vu le jour en mars 2017. Ces num\u00e9ros sp\u00e9ciaux sont distribu\u00e9s de la main \u00e0 la main gratuitement en un exemplaire \u00e0 chacun de nos adh\u00e9rents.Si vous \u00eates int\u00e9ress\u00e9 par nos Num\u00e9ros&hellip; Lire la suite\" \/>\n<meta property=\"og:url\" content=\"https:\/\/assphilateliquelilloise.fr\/index.php\/numeros-speciaux\/\" \/>\n<meta property=\"og:site_name\" content=\"Association Philat\u00e9lique de Lille-Mons et Environs\" \/>\n<meta property=\"article:modified_time\" content=\"2024-04-11T07:51:51+00:00\" \/>\n<meta property=\"og:image\" content=\"http:\/\/assphilateliquelilloise.fr\/wp-content\/uploads\/2019\/05\/Couverture-du-NTNS40001-T3FUIY.jpg\" \/>\n<meta name=\"twitter:card\" content=\"summary_large_image\" \/>\n<meta name=\"twitter:label1\" content=\"Dur\u00e9e de lecture estim\u00e9e\" \/>\n\t<meta name=\"twitter:data1\" content=\"3 minutes\" \/>\n<script type=\"application\/ld+json\" class=\"yoast-schema-graph\">{\"@context\":\"https:\\\/\\\/schema.org\",\"@graph\":[{\"@type\":\"WebPage\",\"@id\":\"https:\\\/\\\/assphilateliquelilloise.fr\\\/index.php\\\/numeros-speciaux\\\/\",\"url\":\"https:\\\/\\\/assphilateliquelilloise.fr\\\/index.php\\\/numeros-speciaux\\\/\",\"name\":\"Num\u00e9ros sp\u00e9ciaux - Association Philat\u00e9lique de Lille-Mons et Environs\",\"isPartOf\":{\"@id\":\"https:\\\/\\\/assphilateliquelilloise.fr\\\/#website\"},\"primaryImageOfPage\":{\"@id\":\"https:\\\/\\\/assphilateliquelilloise.fr\\\/index.php\\\/numeros-speciaux\\\/#primaryimage\"},\"image\":{\"@id\":\"https:\\\/\\\/assphilateliquelilloise.fr\\\/index.php\\\/numeros-speciaux\\\/#primaryimage\"},\"thumbnailUrl\":\"http:\\\/\\\/assphilateliquelilloise.fr\\\/wp-content\\\/uploads\\\/2019\\\/05\\\/Couverture-du-NTNS40001-T3FUIY.jpg\",\"datePublished\":\"2018-11-16T08:16:48+00:00\",\"dateModified\":\"2024-04-11T07:51:51+00:00\",\"breadcrumb\":{\"@id\":\"https:\\\/\\\/assphilateliquelilloise.fr\\\/index.php\\\/numeros-speciaux\\\/#breadcrumb\"},\"inLanguage\":\"fr-FR\",\"potentialAction\":[{\"@type\":\"ReadAction\",\"target\":[\"https:\\\/\\\/assphilateliquelilloise.fr\\\/index.php\\\/numeros-speciaux\\\/\"]}]},{\"@type\":\"ImageObject\",\"inLanguage\":\"fr-FR\",\"@id\":\"https:\\\/\\\/assphilateliquelilloise.fr\\\/index.php\\\/numeros-speciaux\\\/#primaryimage\",\"url\":\"https:\\\/\\\/assphilateliquelilloise.fr\\\/wp-content\\\/uploads\\\/2019\\\/05\\\/Couverture-du-NTNS40001-T3FUIY.jpg\",\"contentUrl\":\"https:\\\/\\\/assphilateliquelilloise.fr\\\/wp-content\\\/uploads\\\/2019\\\/05\\\/Couverture-du-NTNS40001-T3FUIY.jpg\",\"width\":491,\"height\":695},{\"@type\":\"BreadcrumbList\",\"@id\":\"https:\\\/\\\/assphilateliquelilloise.fr\\\/index.php\\\/numeros-speciaux\\\/#breadcrumb\",\"itemListElement\":[{\"@type\":\"ListItem\",\"position\":1,\"name\":\"Accueil\",\"item\":\"https:\\\/\\\/assphilateliquelilloise.fr\\\/\"},{\"@type\":\"ListItem\",\"position\":2,\"name\":\"Num\u00e9ros sp\u00e9ciaux\"}]},{\"@type\":\"WebSite\",\"@id\":\"https:\\\/\\\/assphilateliquelilloise.fr\\\/#website\",\"url\":\"https:\\\/\\\/assphilateliquelilloise.fr\\\/\",\"name\":\"Association Philat\u00e9lique de Lille-Mons et Environs\",\"description\":\"Site de l&#039;Association Philat\u00e9lique de Lille-Mons et Environs\",\"publisher\":{\"@id\":\"https:\\\/\\\/assphilateliquelilloise.fr\\\/#organization\"},\"potentialAction\":[{\"@type\":\"SearchAction\",\"target\":{\"@type\":\"EntryPoint\",\"urlTemplate\":\"https:\\\/\\\/assphilateliquelilloise.fr\\\/?s={search_term_string}\"},\"query-input\":{\"@type\":\"PropertyValueSpecification\",\"valueRequired\":true,\"valueName\":\"search_term_string\"}}],\"inLanguage\":\"fr-FR\"},{\"@type\":\"Organization\",\"@id\":\"https:\\\/\\\/assphilateliquelilloise.fr\\\/#organization\",\"name\":\"Association Philat\u00e9lique de Lille-Mons et Environs\",\"url\":\"https:\\\/\\\/assphilateliquelilloise.fr\\\/\",\"logo\":{\"@type\":\"ImageObject\",\"inLanguage\":\"fr-FR\",\"@id\":\"https:\\\/\\\/assphilateliquelilloise.fr\\\/#\\\/schema\\\/logo\\\/image\\\/\",\"url\":\"https:\\\/\\\/assphilateliquelilloise.fr\\\/wp-content\\\/uploads\\\/2024\\\/04\\\/Logo_APLME_Internet5.jpg\",\"contentUrl\":\"https:\\\/\\\/assphilateliquelilloise.fr\\\/wp-content\\\/uploads\\\/2024\\\/04\\\/Logo_APLME_Internet5.jpg\",\"width\":345,\"height\":162,\"caption\":\"Association Philat\u00e9lique de Lille-Mons et Environs\"},\"image\":{\"@id\":\"https:\\\/\\\/assphilateliquelilloise.fr\\\/#\\\/schema\\\/logo\\\/image\\\/\"}}]}<\/script>\n<!-- \/ Yoast SEO plugin. -->","yoast_head_json":{"title":"Num\u00e9ros sp\u00e9ciaux - Association Philat\u00e9lique de Lille-Mons et Environs","robots":{"index":"index","follow":"follow","max-snippet":"max-snippet:-1","max-image-preview":"max-image-preview:large","max-video-preview":"max-video-preview:-1"},"canonical":"https:\/\/assphilateliquelilloise.fr\/index.php\/numeros-speciaux\/","og_locale":"fr_FR","og_type":"article","og_title":"Num\u00e9ros sp\u00e9ciaux - Association Philat\u00e9lique de Lille-Mons et Environs","og_description":"Num\u00e9ros sp\u00e9ciaux En 2012, \u00a02013 et 2014, nous avons \u00e9diter un num\u00e9ro sp\u00e9cial, intitul\u00e9 Lille, La Poste et La Philat\u00e9lie.Notre quatri\u00e8me num\u00e9ro a vu le jour en mars 2017. Ces num\u00e9ros sp\u00e9ciaux sont distribu\u00e9s de la main \u00e0 la main gratuitement en un exemplaire \u00e0 chacun de nos adh\u00e9rents.Si vous \u00eates int\u00e9ress\u00e9 par nos Num\u00e9ros&hellip; Lire la suite","og_url":"https:\/\/assphilateliquelilloise.fr\/index.php\/numeros-speciaux\/","og_site_name":"Association Philat\u00e9lique de Lille-Mons et Environs","article_modified_time":"2024-04-11T07:51:51+00:00","og_image":[{"url":"http:\/\/assphilateliquelilloise.fr\/wp-content\/uploads\/2019\/05\/Couverture-du-NTNS40001-T3FUIY.jpg","type":"","width":"","height":""}],"twitter_card":"summary_large_image","twitter_misc":{"Dur\u00e9e de lecture estim\u00e9e":"3 minutes"},"schema":{"@context":"https:\/\/schema.org","@graph":[{"@type":"WebPage","@id":"https:\/\/assphilateliquelilloise.fr\/index.php\/numeros-speciaux\/","url":"https:\/\/assphilateliquelilloise.fr\/index.php\/numeros-speciaux\/","name":"Num\u00e9ros sp\u00e9ciaux - Association Philat\u00e9lique de Lille-Mons et Environs","isPartOf":{"@id":"https:\/\/assphilateliquelilloise.fr\/#website"},"primaryImageOfPage":{"@id":"https:\/\/assphilateliquelilloise.fr\/index.php\/numeros-speciaux\/#primaryimage"},"image":{"@id":"https:\/\/assphilateliquelilloise.fr\/index.php\/numeros-speciaux\/#primaryimage"},"thumbnailUrl":"http:\/\/assphilateliquelilloise.fr\/wp-content\/uploads\/2019\/05\/Couverture-du-NTNS40001-T3FUIY.jpg","datePublished":"2018-11-16T08:16:48+00:00","dateModified":"2024-04-11T07:51:51+00:00","breadcrumb":{"@id":"https:\/\/assphilateliquelilloise.fr\/index.php\/numeros-speciaux\/#breadcrumb"},"inLanguage":"fr-FR","potentialAction":[{"@type":"ReadAction","target":["https:\/\/assphilateliquelilloise.fr\/index.php\/numeros-speciaux\/"]}]},{"@type":"ImageObject","inLanguage":"fr-FR","@id":"https:\/\/assphilateliquelilloise.fr\/index.php\/numeros-speciaux\/#primaryimage","url":"https:\/\/assphilateliquelilloise.fr\/wp-content\/uploads\/2019\/05\/Couverture-du-NTNS40001-T3FUIY.jpg","contentUrl":"https:\/\/assphilateliquelilloise.fr\/wp-content\/uploads\/2019\/05\/Couverture-du-NTNS40001-T3FUIY.jpg","width":491,"height":695},{"@type":"BreadcrumbList","@id":"https:\/\/assphilateliquelilloise.fr\/index.php\/numeros-speciaux\/#breadcrumb","itemListElement":[{"@type":"ListItem","position":1,"name":"Accueil","item":"https:\/\/assphilateliquelilloise.fr\/"},{"@type":"ListItem","position":2,"name":"Num\u00e9ros sp\u00e9ciaux"}]},{"@type":"WebSite","@id":"https:\/\/assphilateliquelilloise.fr\/#website","url":"https:\/\/assphilateliquelilloise.fr\/","name":"Association Philat\u00e9lique de Lille-Mons et Environs","description":"Site de l&#039;Association Philat\u00e9lique de Lille-Mons et Environs","publisher":{"@id":"https:\/\/assphilateliquelilloise.fr\/#organization"},"potentialAction":[{"@type":"SearchAction","target":{"@type":"EntryPoint","urlTemplate":"https:\/\/assphilateliquelilloise.fr\/?s={search_term_string}"},"query-input":{"@type":"PropertyValueSpecification","valueRequired":true,"valueName":"search_term_string"}}],"inLanguage":"fr-FR"},{"@type":"Organization","@id":"https:\/\/assphilateliquelilloise.fr\/#organization","name":"Association Philat\u00e9lique de Lille-Mons et Environs","url":"https:\/\/assphilateliquelilloise.fr\/","logo":{"@type":"ImageObject","inLanguage":"fr-FR","@id":"https:\/\/assphilateliquelilloise.fr\/#\/schema\/logo\/image\/","url":"https:\/\/assphilateliquelilloise.fr\/wp-content\/uploads\/2024\/04\/Logo_APLME_Internet5.jpg","contentUrl":"https:\/\/assphilateliquelilloise.fr\/wp-content\/uploads\/2024\/04\/Logo_APLME_Internet5.jpg","width":345,"height":162,"caption":"Association Philat\u00e9lique de Lille-Mons et Environs"},"image":{"@id":"https:\/\/assphilateliquelilloise.fr\/#\/schema\/logo\/image\/"}}]}},"jetpack_sharing_enabled":true,"_links":{"self":[{"href":"https:\/\/assphilateliquelilloise.fr\/index.php\/wp-json\/wp\/v2\/pages\/152","targetHints":{"allow":["GET"]}}],"collection":[{"href":"https:\/\/assphilateliquelilloise.fr\/index.php\/wp-json\/wp\/v2\/pages"}],"about":[{"href":"https:\/\/assphilateliquelilloise.fr\/index.php\/wp-json\/wp\/v2\/types\/page"}],"author":[{"embeddable":true,"href":"https:\/\/assphilateliquelilloise.fr\/index.php\/wp-json\/wp\/v2\/users\/2"}],"replies":[{"embeddable":true,"href":"https:\/\/assphilateliquelilloise.fr\/index.php\/wp-json\/wp\/v2\/comments?post=152"}],"version-history":[{"count":11,"href":"https:\/\/assphilateliquelilloise.fr\/index.php\/wp-json\/wp\/v2\/pages\/152\/revisions"}],"predecessor-version":[{"id":4126,"href":"https:\/\/assphilateliquelilloise.fr\/index.php\/wp-json\/wp\/v2\/pages\/152\/revisions\/4126"}],"wp:attachment":[{"href":"https:\/\/assphilateliquelilloise.fr\/index.php\/wp-json\/wp\/v2\/media?parent=152"}],"curies":[{"name":"wp","href":"https:\/\/api.w.org\/{rel}","templated":true}]}}