{"id":157,"date":"2018-11-16T09:18:45","date_gmt":"2018-11-16T08:18:45","guid":{"rendered":"http:\/\/assphilateliquelilloise.fr\/?page_id=157"},"modified":"2020-01-23T15:39:13","modified_gmt":"2020-01-23T14:39:13","slug":"1ere-bourse-philatelique-du-22-mai-2011","status":"publish","type":"page","link":"https:\/\/assphilateliquelilloise.fr\/index.php\/1ere-bourse-philatelique-du-22-mai-2011\/","title":{"rendered":"1\u00e8re Bourse Philat\u00e9lique du 22 mai 2011"},"content":{"rendered":"\t\t<div data-elementor-type=\"wp-post\" data-elementor-id=\"157\" class=\"elementor elementor-157 elementor-bc-flex-widget\">\n\t\t\t\t\t\t<section class=\"elementor-section elementor-top-section elementor-element elementor-element-dc5e128 elementor-section-boxed elementor-section-height-default elementor-section-height-default\" data-id=\"dc5e128\" data-element_type=\"section\" data-e-type=\"section\">\n\t\t\t\t\t\t<div class=\"elementor-container elementor-column-gap-default\">\n\t\t\t\t\t<div class=\"elementor-column elementor-col-100 elementor-top-column elementor-element elementor-element-c02ea80\" data-id=\"c02ea80\" data-element_type=\"column\" data-e-type=\"column\">\n\t\t\t<div class=\"elementor-widget-wrap elementor-element-populated\">\n\t\t\t\t\t\t<div class=\"elementor-element elementor-element-17c1e61 elementor-widget elementor-widget-image-gallery\" data-id=\"17c1e61\" data-element_type=\"widget\" data-e-type=\"widget\" data-widget_type=\"image-gallery.default\">\n\t\t\t\t<div class=\"elementor-widget-container\">\n\t\t\t\t\t\t\t<div class=\"elementor-image-gallery\">\n\t\t\t\n\t\t<style type=\"text\/css\">\n\t\t\t#gallery-1 {\n\t\t\t\tmargin: auto;\n\t\t\t}\n\t\t\t#gallery-1 .gallery-item {\n\t\t\t\tfloat: left;\n\t\t\t\tmargin-top: 10px;\n\t\t\t\ttext-align: center;\n\t\t\t\twidth: 50%;\n\t\t\t}\n\t\t\t#gallery-1 img {\n\t\t\t\tborder: 2px solid #cfcfcf;\n\t\t\t}\n\t\t\t#gallery-1 .gallery-caption {\n\t\t\t\tmargin-left: 0;\n\t\t\t}\n\t\t\t\/* see gallery_shortcode() in wp-includes\/media.php *\/\n\t\t<\/style>\n\t\t<div id='gallery-1' class='gallery galleryid-157 gallery-columns-2 gallery-size-medium_large'><dl class='gallery-item'>\n\t\t\t<dt class='gallery-icon landscape'>\n\t\t\t\t<a data-elementor-open-lightbox=\"yes\" data-elementor-lightbox-slideshow=\"17c1e61\" data-elementor-lightbox-title=\"2011\" data-e-action-hash=\"#elementor-action%3Aaction%3Dlightbox%26settings%3DeyJpZCI6Mzc5LCJ1cmwiOiJodHRwczpcL1wvYXNzcGhpbGF0ZWxpcXVlbGlsbG9pc2UuZnJcL3dwLWNvbnRlbnRcL3VwbG9hZHNcLzIwMTlcLzAxXC8yMDExLmpwZyIsInNsaWRlc2hvdyI6IjE3YzFlNjEifQ%3D%3D\" href='https:\/\/assphilateliquelilloise.fr\/wp-content\/uploads\/2019\/01\/2011.jpg'><img fetchpriority=\"high\" decoding=\"async\" width=\"500\" height=\"332\" src=\"https:\/\/assphilateliquelilloise.fr\/wp-content\/uploads\/2019\/01\/2011.jpg\" class=\"attachment-medium_large size-medium_large\" alt=\"\" srcset=\"https:\/\/assphilateliquelilloise.fr\/wp-content\/uploads\/2019\/01\/2011.jpg 500w, https:\/\/assphilateliquelilloise.fr\/wp-content\/uploads\/2019\/01\/2011-300x199.jpg 300w\" sizes=\"(max-width: 500px) 100vw, 500px\" \/><\/a>\n\t\t\t<\/dt><\/dl><dl class='gallery-item'>\n\t\t\t<dt class='gallery-icon landscape'>\n\t\t\t\t<a data-elementor-open-lightbox=\"yes\" data-elementor-lightbox-slideshow=\"17c1e61\" data-elementor-lightbox-title=\"Collector-10-timbres\" data-e-action-hash=\"#elementor-action%3Aaction%3Dlightbox%26settings%3DeyJpZCI6MzgwLCJ1cmwiOiJodHRwczpcL1wvYXNzcGhpbGF0ZWxpcXVlbGlsbG9pc2UuZnJcL3dwLWNvbnRlbnRcL3VwbG9hZHNcLzIwMTlcLzAxXC9Db2xsZWN0b3ItMTAtdGltYnJlcy5qcGciLCJzbGlkZXNob3ciOiIxN2MxZTYxIn0%3D\" href='https:\/\/assphilateliquelilloise.fr\/wp-content\/uploads\/2019\/01\/Collector-10-timbres.jpg'><img decoding=\"async\" width=\"500\" height=\"367\" src=\"https:\/\/assphilateliquelilloise.fr\/wp-content\/uploads\/2019\/01\/Collector-10-timbres.jpg\" class=\"attachment-medium_large size-medium_large\" alt=\"\" srcset=\"https:\/\/assphilateliquelilloise.fr\/wp-content\/uploads\/2019\/01\/Collector-10-timbres.jpg 500w, https:\/\/assphilateliquelilloise.fr\/wp-content\/uploads\/2019\/01\/Collector-10-timbres-300x220.jpg 300w\" sizes=\"(max-width: 500px) 100vw, 500px\" \/><\/a>\n\t\t\t<\/dt><\/dl><br style=\"clear: both\" \/><dl class='gallery-item'>\n\t\t\t<dt class='gallery-icon landscape'>\n\t\t\t\t<a data-elementor-open-lightbox=\"yes\" data-elementor-lightbox-slideshow=\"17c1e61\" data-elementor-lightbox-title=\"1ere-enveloppe\" data-e-action-hash=\"#elementor-action%3Aaction%3Dlightbox%26settings%3DeyJpZCI6Mzc3LCJ1cmwiOiJodHRwczpcL1wvYXNzcGhpbGF0ZWxpcXVlbGlsbG9pc2UuZnJcL3dwLWNvbnRlbnRcL3VwbG9hZHNcLzIwMTlcLzAxXC8xZXJlLWVudmVsb3BwZS5qcGciLCJzbGlkZXNob3ciOiIxN2MxZTYxIn0%3D\" href='https:\/\/assphilateliquelilloise.fr\/wp-content\/uploads\/2019\/01\/1ere-enveloppe.jpg'><img decoding=\"async\" width=\"500\" height=\"246\" src=\"https:\/\/assphilateliquelilloise.fr\/wp-content\/uploads\/2019\/01\/1ere-enveloppe.jpg\" class=\"attachment-medium_large size-medium_large\" alt=\"\" srcset=\"https:\/\/assphilateliquelilloise.fr\/wp-content\/uploads\/2019\/01\/1ere-enveloppe.jpg 500w, https:\/\/assphilateliquelilloise.fr\/wp-content\/uploads\/2019\/01\/1ere-enveloppe-300x148.jpg 300w\" sizes=\"(max-width: 500px) 100vw, 500px\" \/><\/a>\n\t\t\t<\/dt><\/dl><dl class='gallery-item'>\n\t\t\t<dt class='gallery-icon landscape'>\n\t\t\t\t<a data-elementor-open-lightbox=\"yes\" data-elementor-lightbox-slideshow=\"17c1e61\" data-elementor-lightbox-title=\"2eme-enveloppe\" data-e-action-hash=\"#elementor-action%3Aaction%3Dlightbox%26settings%3DeyJpZCI6Mzc4LCJ1cmwiOiJodHRwczpcL1wvYXNzcGhpbGF0ZWxpcXVlbGlsbG9pc2UuZnJcL3dwLWNvbnRlbnRcL3VwbG9hZHNcLzIwMTlcLzAxXC8yZW1lLWVudmVsb3BwZS5qcGciLCJzbGlkZXNob3ciOiIxN2MxZTYxIn0%3D\" href='https:\/\/assphilateliquelilloise.fr\/wp-content\/uploads\/2019\/01\/2eme-enveloppe.jpg'><img loading=\"lazy\" decoding=\"async\" width=\"500\" height=\"249\" src=\"https:\/\/assphilateliquelilloise.fr\/wp-content\/uploads\/2019\/01\/2eme-enveloppe.jpg\" class=\"attachment-medium_large size-medium_large\" alt=\"\" srcset=\"https:\/\/assphilateliquelilloise.fr\/wp-content\/uploads\/2019\/01\/2eme-enveloppe.jpg 500w, https:\/\/assphilateliquelilloise.fr\/wp-content\/uploads\/2019\/01\/2eme-enveloppe-300x149.jpg 300w\" sizes=\"(max-width: 500px) 100vw, 500px\" \/><\/a>\n\t\t\t<\/dt><\/dl><br style=\"clear: both\" \/>\n\t\t<\/div>\n\t\t<\/div>\n\t\t\t\t\t\t<\/div>\n\t\t\t\t<\/div>\n\t\t\t\t\t<\/div>\n\t\t<\/div>\n\t\t\t\t\t<\/div>\n\t\t<\/section>\n\t\t\t\t<\/div>\n\t\t","protected":false},"excerpt":{"rendered":"","protected":false},"author":2,"featured_media":0,"parent":0,"menu_order":0,"comment_status":"closed","ping_status":"closed","template":"","meta":{"footnotes":""},"class_list":["post-157","page","type-page","status-publish","hentry"],"yoast_head":"<!-- This site is optimized with the Yoast SEO plugin v27.3 - https:\/\/yoast.com\/product\/yoast-seo-wordpress\/ -->\n<title>1\u00e8re Bourse Philat\u00e9lique du 22 mai 2011 - Association Philat\u00e9lique de Lille-Mons et Environs<\/title>\n<meta name=\"robots\" content=\"index, follow, max-snippet:-1, max-image-preview:large, max-video-preview:-1\" \/>\n<link rel=\"canonical\" href=\"https:\/\/assphilateliquelilloise.fr\/index.php\/1ere-bourse-philatelique-du-22-mai-2011\/\" \/>\n<meta property=\"og:locale\" content=\"fr_FR\" \/>\n<meta property=\"og:type\" content=\"article\" \/>\n<meta property=\"og:title\" content=\"1\u00e8re Bourse Philat\u00e9lique du 22 mai 2011 - Association Philat\u00e9lique de Lille-Mons et Environs\" \/>\n<meta property=\"og:url\" content=\"https:\/\/assphilateliquelilloise.fr\/index.php\/1ere-bourse-philatelique-du-22-mai-2011\/\" \/>\n<meta property=\"og:site_name\" content=\"Association Philat\u00e9lique de Lille-Mons et Environs\" \/>\n<meta property=\"article:modified_time\" content=\"2020-01-23T14:39:13+00:00\" \/>\n<meta property=\"og:image\" content=\"http:\/\/assphilateliquelilloise.fr\/wp-content\/uploads\/2019\/01\/2011.jpg\" \/>\n<meta name=\"twitter:card\" content=\"summary_large_image\" \/>\n<script type=\"application\/ld+json\" class=\"yoast-schema-graph\">{\"@context\":\"https:\\\/\\\/schema.org\",\"@graph\":[{\"@type\":\"WebPage\",\"@id\":\"https:\\\/\\\/assphilateliquelilloise.fr\\\/index.php\\\/1ere-bourse-philatelique-du-22-mai-2011\\\/\",\"url\":\"https:\\\/\\\/assphilateliquelilloise.fr\\\/index.php\\\/1ere-bourse-philatelique-du-22-mai-2011\\\/\",\"name\":\"1\u00e8re Bourse Philat\u00e9lique du 22 mai 2011 - Association Philat\u00e9lique de Lille-Mons et Environs\",\"isPartOf\":{\"@id\":\"https:\\\/\\\/assphilateliquelilloise.fr\\\/#website\"},\"primaryImageOfPage\":{\"@id\":\"https:\\\/\\\/assphilateliquelilloise.fr\\\/index.php\\\/1ere-bourse-philatelique-du-22-mai-2011\\\/#primaryimage\"},\"image\":{\"@id\":\"https:\\\/\\\/assphilateliquelilloise.fr\\\/index.php\\\/1ere-bourse-philatelique-du-22-mai-2011\\\/#primaryimage\"},\"thumbnailUrl\":\"http:\\\/\\\/assphilateliquelilloise.fr\\\/wp-content\\\/uploads\\\/2019\\\/01\\\/2011.jpg\",\"datePublished\":\"2018-11-16T08:18:45+00:00\",\"dateModified\":\"2020-01-23T14:39:13+00:00\",\"breadcrumb\":{\"@id\":\"https:\\\/\\\/assphilateliquelilloise.fr\\\/index.php\\\/1ere-bourse-philatelique-du-22-mai-2011\\\/#breadcrumb\"},\"inLanguage\":\"fr-FR\",\"potentialAction\":[{\"@type\":\"ReadAction\",\"target\":[\"https:\\\/\\\/assphilateliquelilloise.fr\\\/index.php\\\/1ere-bourse-philatelique-du-22-mai-2011\\\/\"]}]},{\"@type\":\"ImageObject\",\"inLanguage\":\"fr-FR\",\"@id\":\"https:\\\/\\\/assphilateliquelilloise.fr\\\/index.php\\\/1ere-bourse-philatelique-du-22-mai-2011\\\/#primaryimage\",\"url\":\"http:\\\/\\\/assphilateliquelilloise.fr\\\/wp-content\\\/uploads\\\/2019\\\/01\\\/2011.jpg\",\"contentUrl\":\"http:\\\/\\\/assphilateliquelilloise.fr\\\/wp-content\\\/uploads\\\/2019\\\/01\\\/2011.jpg\"},{\"@type\":\"BreadcrumbList\",\"@id\":\"https:\\\/\\\/assphilateliquelilloise.fr\\\/index.php\\\/1ere-bourse-philatelique-du-22-mai-2011\\\/#breadcrumb\",\"itemListElement\":[{\"@type\":\"ListItem\",\"position\":1,\"name\":\"Accueil\",\"item\":\"https:\\\/\\\/assphilateliquelilloise.fr\\\/\"},{\"@type\":\"ListItem\",\"position\":2,\"name\":\"1\u00e8re Bourse Philat\u00e9lique du 22 mai 2011\"}]},{\"@type\":\"WebSite\",\"@id\":\"https:\\\/\\\/assphilateliquelilloise.fr\\\/#website\",\"url\":\"https:\\\/\\\/assphilateliquelilloise.fr\\\/\",\"name\":\"Association Philat\u00e9lique de Lille-Mons et Environs\",\"description\":\"Site de l&#039;Association Philat\u00e9lique de Lille-Mons et Environs\",\"publisher\":{\"@id\":\"https:\\\/\\\/assphilateliquelilloise.fr\\\/#organization\"},\"potentialAction\":[{\"@type\":\"SearchAction\",\"target\":{\"@type\":\"EntryPoint\",\"urlTemplate\":\"https:\\\/\\\/assphilateliquelilloise.fr\\\/?s={search_term_string}\"},\"query-input\":{\"@type\":\"PropertyValueSpecification\",\"valueRequired\":true,\"valueName\":\"search_term_string\"}}],\"inLanguage\":\"fr-FR\"},{\"@type\":\"Organization\",\"@id\":\"https:\\\/\\\/assphilateliquelilloise.fr\\\/#organization\",\"name\":\"Association Philat\u00e9lique de Lille-Mons et Environs\",\"url\":\"https:\\\/\\\/assphilateliquelilloise.fr\\\/\",\"logo\":{\"@type\":\"ImageObject\",\"inLanguage\":\"fr-FR\",\"@id\":\"https:\\\/\\\/assphilateliquelilloise.fr\\\/#\\\/schema\\\/logo\\\/image\\\/\",\"url\":\"https:\\\/\\\/assphilateliquelilloise.fr\\\/wp-content\\\/uploads\\\/2024\\\/04\\\/Logo_APLME_Internet5.jpg\",\"contentUrl\":\"https:\\\/\\\/assphilateliquelilloise.fr\\\/wp-content\\\/uploads\\\/2024\\\/04\\\/Logo_APLME_Internet5.jpg\",\"width\":345,\"height\":162,\"caption\":\"Association Philat\u00e9lique de Lille-Mons et Environs\"},\"image\":{\"@id\":\"https:\\\/\\\/assphilateliquelilloise.fr\\\/#\\\/schema\\\/logo\\\/image\\\/\"}}]}<\/script>\n<!-- \/ Yoast SEO plugin. -->","yoast_head_json":{"title":"1\u00e8re Bourse Philat\u00e9lique du 22 mai 2011 - Association Philat\u00e9lique de Lille-Mons et Environs","robots":{"index":"index","follow":"follow","max-snippet":"max-snippet:-1","max-image-preview":"max-image-preview:large","max-video-preview":"max-video-preview:-1"},"canonical":"https:\/\/assphilateliquelilloise.fr\/index.php\/1ere-bourse-philatelique-du-22-mai-2011\/","og_locale":"fr_FR","og_type":"article","og_title":"1\u00e8re Bourse Philat\u00e9lique du 22 mai 2011 - Association Philat\u00e9lique de Lille-Mons et Environs","og_url":"https:\/\/assphilateliquelilloise.fr\/index.php\/1ere-bourse-philatelique-du-22-mai-2011\/","og_site_name":"Association Philat\u00e9lique de Lille-Mons et Environs","article_modified_time":"2020-01-23T14:39:13+00:00","og_image":[{"url":"http:\/\/assphilateliquelilloise.fr\/wp-content\/uploads\/2019\/01\/2011.jpg","type":"","width":"","height":""}],"twitter_card":"summary_large_image","schema":{"@context":"https:\/\/schema.org","@graph":[{"@type":"WebPage","@id":"https:\/\/assphilateliquelilloise.fr\/index.php\/1ere-bourse-philatelique-du-22-mai-2011\/","url":"https:\/\/assphilateliquelilloise.fr\/index.php\/1ere-bourse-philatelique-du-22-mai-2011\/","name":"1\u00e8re Bourse Philat\u00e9lique du 22 mai 2011 - Association Philat\u00e9lique de Lille-Mons et Environs","isPartOf":{"@id":"https:\/\/assphilateliquelilloise.fr\/#website"},"primaryImageOfPage":{"@id":"https:\/\/assphilateliquelilloise.fr\/index.php\/1ere-bourse-philatelique-du-22-mai-2011\/#primaryimage"},"image":{"@id":"https:\/\/assphilateliquelilloise.fr\/index.php\/1ere-bourse-philatelique-du-22-mai-2011\/#primaryimage"},"thumbnailUrl":"http:\/\/assphilateliquelilloise.fr\/wp-content\/uploads\/2019\/01\/2011.jpg","datePublished":"2018-11-16T08:18:45+00:00","dateModified":"2020-01-23T14:39:13+00:00","breadcrumb":{"@id":"https:\/\/assphilateliquelilloise.fr\/index.php\/1ere-bourse-philatelique-du-22-mai-2011\/#breadcrumb"},"inLanguage":"fr-FR","potentialAction":[{"@type":"ReadAction","target":["https:\/\/assphilateliquelilloise.fr\/index.php\/1ere-bourse-philatelique-du-22-mai-2011\/"]}]},{"@type":"ImageObject","inLanguage":"fr-FR","@id":"https:\/\/assphilateliquelilloise.fr\/index.php\/1ere-bourse-philatelique-du-22-mai-2011\/#primaryimage","url":"http:\/\/assphilateliquelilloise.fr\/wp-content\/uploads\/2019\/01\/2011.jpg","contentUrl":"http:\/\/assphilateliquelilloise.fr\/wp-content\/uploads\/2019\/01\/2011.jpg"},{"@type":"BreadcrumbList","@id":"https:\/\/assphilateliquelilloise.fr\/index.php\/1ere-bourse-philatelique-du-22-mai-2011\/#breadcrumb","itemListElement":[{"@type":"ListItem","position":1,"name":"Accueil","item":"https:\/\/assphilateliquelilloise.fr\/"},{"@type":"ListItem","position":2,"name":"1\u00e8re Bourse Philat\u00e9lique du 22 mai 2011"}]},{"@type":"WebSite","@id":"https:\/\/assphilateliquelilloise.fr\/#website","url":"https:\/\/assphilateliquelilloise.fr\/","name":"Association Philat\u00e9lique de Lille-Mons et Environs","description":"Site de l&#039;Association Philat\u00e9lique de Lille-Mons et Environs","publisher":{"@id":"https:\/\/assphilateliquelilloise.fr\/#organization"},"potentialAction":[{"@type":"SearchAction","target":{"@type":"EntryPoint","urlTemplate":"https:\/\/assphilateliquelilloise.fr\/?s={search_term_string}"},"query-input":{"@type":"PropertyValueSpecification","valueRequired":true,"valueName":"search_term_string"}}],"inLanguage":"fr-FR"},{"@type":"Organization","@id":"https:\/\/assphilateliquelilloise.fr\/#organization","name":"Association Philat\u00e9lique de Lille-Mons et Environs","url":"https:\/\/assphilateliquelilloise.fr\/","logo":{"@type":"ImageObject","inLanguage":"fr-FR","@id":"https:\/\/assphilateliquelilloise.fr\/#\/schema\/logo\/image\/","url":"https:\/\/assphilateliquelilloise.fr\/wp-content\/uploads\/2024\/04\/Logo_APLME_Internet5.jpg","contentUrl":"https:\/\/assphilateliquelilloise.fr\/wp-content\/uploads\/2024\/04\/Logo_APLME_Internet5.jpg","width":345,"height":162,"caption":"Association Philat\u00e9lique de Lille-Mons et Environs"},"image":{"@id":"https:\/\/assphilateliquelilloise.fr\/#\/schema\/logo\/image\/"}}]}},"jetpack_sharing_enabled":true,"_links":{"self":[{"href":"https:\/\/assphilateliquelilloise.fr\/index.php\/wp-json\/wp\/v2\/pages\/157","targetHints":{"allow":["GET"]}}],"collection":[{"href":"https:\/\/assphilateliquelilloise.fr\/index.php\/wp-json\/wp\/v2\/pages"}],"about":[{"href":"https:\/\/assphilateliquelilloise.fr\/index.php\/wp-json\/wp\/v2\/types\/page"}],"author":[{"embeddable":true,"href":"https:\/\/assphilateliquelilloise.fr\/index.php\/wp-json\/wp\/v2\/users\/2"}],"replies":[{"embeddable":true,"href":"https:\/\/assphilateliquelilloise.fr\/index.php\/wp-json\/wp\/v2\/comments?post=157"}],"version-history":[{"count":9,"href":"https:\/\/assphilateliquelilloise.fr\/index.php\/wp-json\/wp\/v2\/pages\/157\/revisions"}],"predecessor-version":[{"id":1270,"href":"https:\/\/assphilateliquelilloise.fr\/index.php\/wp-json\/wp\/v2\/pages\/157\/revisions\/1270"}],"wp:attachment":[{"href":"https:\/\/assphilateliquelilloise.fr\/index.php\/wp-json\/wp\/v2\/media?parent=157"}],"curies":[{"name":"wp","href":"https:\/\/api.w.org\/{rel}","templated":true}]}}