{"id":163,"date":"2018-11-16T09:19:59","date_gmt":"2018-11-16T08:19:59","guid":{"rendered":"http:\/\/assphilateliquelilloise.fr\/?page_id=163"},"modified":"2019-01-04T09:57:43","modified_gmt":"2019-01-04T08:57:43","slug":"3eme-bourse-philatelique-du-12-mai-2013","status":"publish","type":"page","link":"https:\/\/assphilateliquelilloise.fr\/index.php\/3eme-bourse-philatelique-du-12-mai-2013\/","title":{"rendered":"3\u00e8me Bourse Philat\u00e9lique du 12 mai 2013"},"content":{"rendered":"\t\t<div data-elementor-type=\"wp-post\" data-elementor-id=\"163\" class=\"elementor elementor-163 elementor-bc-flex-widget\">\n\t\t\t\t\t\t<section class=\"elementor-section elementor-top-section elementor-element elementor-element-9881fda elementor-section-boxed elementor-section-height-default elementor-section-height-default\" data-id=\"9881fda\" data-element_type=\"section\" data-e-type=\"section\">\n\t\t\t\t\t\t<div class=\"elementor-container elementor-column-gap-default\">\n\t\t\t\t\t<div class=\"elementor-column elementor-col-100 elementor-top-column elementor-element elementor-element-d5bd54\" data-id=\"d5bd54\" data-element_type=\"column\" data-e-type=\"column\">\n\t\t\t<div class=\"elementor-widget-wrap elementor-element-populated\">\n\t\t\t\t\t\t<div class=\"elementor-element elementor-element-ad0ea16 elementor-widget elementor-widget-image\" data-id=\"ad0ea16\" data-element_type=\"widget\" data-e-type=\"widget\" data-widget_type=\"image.default\">\n\t\t\t\t<div class=\"elementor-widget-container\">\n\t\t\t\t\t\t\t\t\t\t\t\t\t\t\t<img fetchpriority=\"high\" decoding=\"async\" width=\"768\" height=\"1028\" src=\"https:\/\/assphilateliquelilloise.fr\/wp-content\/uploads\/2018\/12\/3me-Bourse-12-mai-2013-affiche-fr-768x1028.jpg\" class=\"attachment-medium_large size-medium_large wp-image-246\" alt=\"\" srcset=\"https:\/\/assphilateliquelilloise.fr\/wp-content\/uploads\/2018\/12\/3me-Bourse-12-mai-2013-affiche-fr-768x1028.jpg 768w, https:\/\/assphilateliquelilloise.fr\/wp-content\/uploads\/2018\/12\/3me-Bourse-12-mai-2013-affiche-fr-224x300.jpg 224w, https:\/\/assphilateliquelilloise.fr\/wp-content\/uploads\/2018\/12\/3me-Bourse-12-mai-2013-affiche-fr-765x1024.jpg 765w, https:\/\/assphilateliquelilloise.fr\/wp-content\/uploads\/2018\/12\/3me-Bourse-12-mai-2013-affiche-fr-807x1080.jpg 807w, https:\/\/assphilateliquelilloise.fr\/wp-content\/uploads\/2018\/12\/3me-Bourse-12-mai-2013-affiche-fr.jpg 835w\" sizes=\"(max-width: 768px) 100vw, 768px\" \/>\t\t\t\t\t\t\t\t\t\t\t\t\t\t\t<\/div>\n\t\t\t\t<\/div>\n\t\t\t\t<div class=\"elementor-element elementor-element-353869e elementor-widget elementor-widget-image-gallery\" data-id=\"353869e\" data-element_type=\"widget\" data-e-type=\"widget\" data-widget_type=\"image-gallery.default\">\n\t\t\t\t<div class=\"elementor-widget-container\">\n\t\t\t\t\t\t\t<div class=\"elementor-image-gallery\">\n\t\t\t\n\t\t<style type=\"text\/css\">\n\t\t\t#gallery-1 {\n\t\t\t\tmargin: auto;\n\t\t\t}\n\t\t\t#gallery-1 .gallery-item {\n\t\t\t\tfloat: left;\n\t\t\t\tmargin-top: 10px;\n\t\t\t\ttext-align: center;\n\t\t\t\twidth: 50%;\n\t\t\t}\n\t\t\t#gallery-1 img {\n\t\t\t\tborder: 2px solid #cfcfcf;\n\t\t\t}\n\t\t\t#gallery-1 .gallery-caption {\n\t\t\t\tmargin-left: 0;\n\t\t\t}\n\t\t\t\/* see gallery_shortcode() in wp-includes\/media.php *\/\n\t\t<\/style>\n\t\t<div id='gallery-1' class='gallery galleryid-163 gallery-columns-2 gallery-size-medium_large'><dl class='gallery-item'>\n\t\t\t<dt class='gallery-icon landscape'>\n\t\t\t\t<a data-elementor-open-lightbox=\"yes\" data-elementor-lightbox-slideshow=\"353869e\" data-elementor-lightbox-title=\"Bourse-2013-collector-interieur-Porte-Paris-cote-campagne\" data-e-action-hash=\"#elementor-action%3Aaction%3Dlightbox%26settings%3DeyJpZCI6MzY1LCJ1cmwiOiJodHRwczpcL1wvYXNzcGhpbGF0ZWxpcXVlbGlsbG9pc2UuZnJcL3dwLWNvbnRlbnRcL3VwbG9hZHNcLzIwMTlcLzAxXC9Cb3Vyc2UtMjAxMy1jb2xsZWN0b3ItaW50ZXJpZXVyLVBvcnRlLVBhcmlzLWNvdGUtY2FtcGFnbmUuanBnIiwic2xpZGVzaG93IjoiMzUzODY5ZSJ9\" href='https:\/\/assphilateliquelilloise.fr\/wp-content\/uploads\/2019\/01\/Bourse-2013-collector-interieur-Porte-Paris-cote-campagne.jpg'><img decoding=\"async\" width=\"568\" height=\"455\" src=\"https:\/\/assphilateliquelilloise.fr\/wp-content\/uploads\/2019\/01\/Bourse-2013-collector-interieur-Porte-Paris-cote-campagne.jpg\" class=\"attachment-medium_large size-medium_large\" alt=\"\" srcset=\"https:\/\/assphilateliquelilloise.fr\/wp-content\/uploads\/2019\/01\/Bourse-2013-collector-interieur-Porte-Paris-cote-campagne.jpg 568w, https:\/\/assphilateliquelilloise.fr\/wp-content\/uploads\/2019\/01\/Bourse-2013-collector-interieur-Porte-Paris-cote-campagne-300x240.jpg 300w\" sizes=\"(max-width: 568px) 100vw, 568px\" \/><\/a>\n\t\t\t<\/dt><\/dl><dl class='gallery-item'>\n\t\t\t<dt class='gallery-icon landscape'>\n\t\t\t\t<a data-elementor-open-lightbox=\"yes\" data-elementor-lightbox-slideshow=\"353869e\" data-elementor-lightbox-title=\"Bourse-2013-collector-interieur-Porte-Paris-cote-ville\" data-e-action-hash=\"#elementor-action%3Aaction%3Dlightbox%26settings%3DeyJpZCI6MzY2LCJ1cmwiOiJodHRwczpcL1wvYXNzcGhpbGF0ZWxpcXVlbGlsbG9pc2UuZnJcL3dwLWNvbnRlbnRcL3VwbG9hZHNcLzIwMTlcLzAxXC9Cb3Vyc2UtMjAxMy1jb2xsZWN0b3ItaW50ZXJpZXVyLVBvcnRlLVBhcmlzLWNvdGUtdmlsbGUuanBnIiwic2xpZGVzaG93IjoiMzUzODY5ZSJ9\" href='https:\/\/assphilateliquelilloise.fr\/wp-content\/uploads\/2019\/01\/Bourse-2013-collector-interieur-Porte-Paris-cote-ville.jpg'><img decoding=\"async\" width=\"569\" height=\"458\" src=\"https:\/\/assphilateliquelilloise.fr\/wp-content\/uploads\/2019\/01\/Bourse-2013-collector-interieur-Porte-Paris-cote-ville.jpg\" class=\"attachment-medium_large size-medium_large\" alt=\"\" srcset=\"https:\/\/assphilateliquelilloise.fr\/wp-content\/uploads\/2019\/01\/Bourse-2013-collector-interieur-Porte-Paris-cote-ville.jpg 569w, https:\/\/assphilateliquelilloise.fr\/wp-content\/uploads\/2019\/01\/Bourse-2013-collector-interieur-Porte-Paris-cote-ville-300x241.jpg 300w\" sizes=\"(max-width: 569px) 100vw, 569px\" \/><\/a>\n\t\t\t<\/dt><\/dl><br style=\"clear: both\" \/><dl class='gallery-item'>\n\t\t\t<dt class='gallery-icon landscape'>\n\t\t\t\t<a data-elementor-open-lightbox=\"yes\" data-elementor-lightbox-slideshow=\"353869e\" data-elementor-lightbox-title=\"Bourse-2013-collector-interieur-reduit-768x556\" data-e-action-hash=\"#elementor-action%3Aaction%3Dlightbox%26settings%3DeyJpZCI6MzY3LCJ1cmwiOiJodHRwczpcL1wvYXNzcGhpbGF0ZWxpcXVlbGlsbG9pc2UuZnJcL3dwLWNvbnRlbnRcL3VwbG9hZHNcLzIwMTlcLzAxXC9Cb3Vyc2UtMjAxMy1jb2xsZWN0b3ItaW50ZXJpZXVyLXJlZHVpdC03Njh4NTU2LmpwZyIsInNsaWRlc2hvdyI6IjM1Mzg2OWUifQ%3D%3D\" href='https:\/\/assphilateliquelilloise.fr\/wp-content\/uploads\/2019\/01\/Bourse-2013-collector-interieur-reduit-768x556.jpg'><img loading=\"lazy\" decoding=\"async\" width=\"768\" height=\"556\" src=\"https:\/\/assphilateliquelilloise.fr\/wp-content\/uploads\/2019\/01\/Bourse-2013-collector-interieur-reduit-768x556-768x556.jpg\" class=\"attachment-medium_large size-medium_large\" alt=\"\" srcset=\"https:\/\/assphilateliquelilloise.fr\/wp-content\/uploads\/2019\/01\/Bourse-2013-collector-interieur-reduit-768x556.jpg 768w, https:\/\/assphilateliquelilloise.fr\/wp-content\/uploads\/2019\/01\/Bourse-2013-collector-interieur-reduit-768x556-300x217.jpg 300w\" sizes=\"(max-width: 768px) 100vw, 768px\" \/><\/a>\n\t\t\t<\/dt><\/dl><dl class='gallery-item'>\n\t\t\t<dt class='gallery-icon landscape'>\n\t\t\t\t<a data-elementor-open-lightbox=\"yes\" data-elementor-lightbox-slideshow=\"353869e\" data-elementor-lightbox-title=\"bon_de_commande_Bourse-12-mai-2013-couleur-pdf-1024x724\" data-e-action-hash=\"#elementor-action%3Aaction%3Dlightbox%26settings%3DeyJpZCI6MzY0LCJ1cmwiOiJodHRwczpcL1wvYXNzcGhpbGF0ZWxpcXVlbGlsbG9pc2UuZnJcL3dwLWNvbnRlbnRcL3VwbG9hZHNcLzIwMTlcLzAxXC9ib25fZGVfY29tbWFuZGVfQm91cnNlLTEyLW1haS0yMDEzLWNvdWxldXItcGRmLTEwMjR4NzI0LmpwZyIsInNsaWRlc2hvdyI6IjM1Mzg2OWUifQ%3D%3D\" href='https:\/\/assphilateliquelilloise.fr\/wp-content\/uploads\/2019\/01\/bon_de_commande_Bourse-12-mai-2013-couleur-pdf-1024x724.jpg'><img loading=\"lazy\" decoding=\"async\" width=\"768\" height=\"543\" src=\"https:\/\/assphilateliquelilloise.fr\/wp-content\/uploads\/2019\/01\/bon_de_commande_Bourse-12-mai-2013-couleur-pdf-1024x724-768x543.jpg\" class=\"attachment-medium_large size-medium_large\" alt=\"\" srcset=\"https:\/\/assphilateliquelilloise.fr\/wp-content\/uploads\/2019\/01\/bon_de_commande_Bourse-12-mai-2013-couleur-pdf-1024x724-768x543.jpg 768w, https:\/\/assphilateliquelilloise.fr\/wp-content\/uploads\/2019\/01\/bon_de_commande_Bourse-12-mai-2013-couleur-pdf-1024x724-300x212.jpg 300w, https:\/\/assphilateliquelilloise.fr\/wp-content\/uploads\/2019\/01\/bon_de_commande_Bourse-12-mai-2013-couleur-pdf-1024x724.jpg 1024w\" sizes=\"(max-width: 768px) 100vw, 768px\" \/><\/a>\n\t\t\t<\/dt><\/dl><br style=\"clear: both\" \/>\n\t\t<\/div>\n\t\t<\/div>\n\t\t\t\t\t\t<\/div>\n\t\t\t\t<\/div>\n\t\t\t\t\t<\/div>\n\t\t<\/div>\n\t\t\t\t\t<\/div>\n\t\t<\/section>\n\t\t\t\t<\/div>\n\t\t","protected":false},"excerpt":{"rendered":"","protected":false},"author":2,"featured_media":0,"parent":0,"menu_order":0,"comment_status":"closed","ping_status":"closed","template":"","meta":{"footnotes":""},"class_list":["post-163","page","type-page","status-publish","hentry"],"yoast_head":"<!-- This site is optimized with the Yoast SEO plugin v27.3 - https:\/\/yoast.com\/product\/yoast-seo-wordpress\/ -->\n<title>3\u00e8me Bourse Philat\u00e9lique du 12 mai 2013 - Association Philat\u00e9lique de Lille-Mons et Environs<\/title>\n<meta name=\"robots\" content=\"index, follow, max-snippet:-1, max-image-preview:large, max-video-preview:-1\" \/>\n<link rel=\"canonical\" href=\"https:\/\/assphilateliquelilloise.fr\/index.php\/3eme-bourse-philatelique-du-12-mai-2013\/\" \/>\n<meta property=\"og:locale\" content=\"fr_FR\" \/>\n<meta property=\"og:type\" content=\"article\" \/>\n<meta property=\"og:title\" content=\"3\u00e8me Bourse Philat\u00e9lique du 12 mai 2013 - Association Philat\u00e9lique de Lille-Mons et Environs\" \/>\n<meta property=\"og:url\" content=\"https:\/\/assphilateliquelilloise.fr\/index.php\/3eme-bourse-philatelique-du-12-mai-2013\/\" \/>\n<meta property=\"og:site_name\" content=\"Association Philat\u00e9lique de Lille-Mons et Environs\" \/>\n<meta property=\"article:modified_time\" content=\"2019-01-04T08:57:43+00:00\" \/>\n<meta property=\"og:image\" content=\"http:\/\/assphilateliquelilloise.fr\/wp-content\/uploads\/2018\/12\/3me-Bourse-12-mai-2013-affiche-fr-768x1028.jpg\" \/>\n<meta name=\"twitter:card\" content=\"summary_large_image\" \/>\n<script type=\"application\/ld+json\" class=\"yoast-schema-graph\">{\"@context\":\"https:\\\/\\\/schema.org\",\"@graph\":[{\"@type\":\"WebPage\",\"@id\":\"https:\\\/\\\/assphilateliquelilloise.fr\\\/index.php\\\/3eme-bourse-philatelique-du-12-mai-2013\\\/\",\"url\":\"https:\\\/\\\/assphilateliquelilloise.fr\\\/index.php\\\/3eme-bourse-philatelique-du-12-mai-2013\\\/\",\"name\":\"3\u00e8me Bourse Philat\u00e9lique du 12 mai 2013 - Association Philat\u00e9lique de Lille-Mons et Environs\",\"isPartOf\":{\"@id\":\"https:\\\/\\\/assphilateliquelilloise.fr\\\/#website\"},\"primaryImageOfPage\":{\"@id\":\"https:\\\/\\\/assphilateliquelilloise.fr\\\/index.php\\\/3eme-bourse-philatelique-du-12-mai-2013\\\/#primaryimage\"},\"image\":{\"@id\":\"https:\\\/\\\/assphilateliquelilloise.fr\\\/index.php\\\/3eme-bourse-philatelique-du-12-mai-2013\\\/#primaryimage\"},\"thumbnailUrl\":\"http:\\\/\\\/assphilateliquelilloise.fr\\\/wp-content\\\/uploads\\\/2018\\\/12\\\/3me-Bourse-12-mai-2013-affiche-fr-768x1028.jpg\",\"datePublished\":\"2018-11-16T08:19:59+00:00\",\"dateModified\":\"2019-01-04T08:57:43+00:00\",\"breadcrumb\":{\"@id\":\"https:\\\/\\\/assphilateliquelilloise.fr\\\/index.php\\\/3eme-bourse-philatelique-du-12-mai-2013\\\/#breadcrumb\"},\"inLanguage\":\"fr-FR\",\"potentialAction\":[{\"@type\":\"ReadAction\",\"target\":[\"https:\\\/\\\/assphilateliquelilloise.fr\\\/index.php\\\/3eme-bourse-philatelique-du-12-mai-2013\\\/\"]}]},{\"@type\":\"ImageObject\",\"inLanguage\":\"fr-FR\",\"@id\":\"https:\\\/\\\/assphilateliquelilloise.fr\\\/index.php\\\/3eme-bourse-philatelique-du-12-mai-2013\\\/#primaryimage\",\"url\":\"http:\\\/\\\/assphilateliquelilloise.fr\\\/wp-content\\\/uploads\\\/2018\\\/12\\\/3me-Bourse-12-mai-2013-affiche-fr-768x1028.jpg\",\"contentUrl\":\"http:\\\/\\\/assphilateliquelilloise.fr\\\/wp-content\\\/uploads\\\/2018\\\/12\\\/3me-Bourse-12-mai-2013-affiche-fr-768x1028.jpg\"},{\"@type\":\"BreadcrumbList\",\"@id\":\"https:\\\/\\\/assphilateliquelilloise.fr\\\/index.php\\\/3eme-bourse-philatelique-du-12-mai-2013\\\/#breadcrumb\",\"itemListElement\":[{\"@type\":\"ListItem\",\"position\":1,\"name\":\"Accueil\",\"item\":\"https:\\\/\\\/assphilateliquelilloise.fr\\\/\"},{\"@type\":\"ListItem\",\"position\":2,\"name\":\"3\u00e8me Bourse Philat\u00e9lique du 12 mai 2013\"}]},{\"@type\":\"WebSite\",\"@id\":\"https:\\\/\\\/assphilateliquelilloise.fr\\\/#website\",\"url\":\"https:\\\/\\\/assphilateliquelilloise.fr\\\/\",\"name\":\"Association Philat\u00e9lique de Lille-Mons et Environs\",\"description\":\"Site de l&#039;Association Philat\u00e9lique de Lille-Mons et Environs\",\"publisher\":{\"@id\":\"https:\\\/\\\/assphilateliquelilloise.fr\\\/#organization\"},\"potentialAction\":[{\"@type\":\"SearchAction\",\"target\":{\"@type\":\"EntryPoint\",\"urlTemplate\":\"https:\\\/\\\/assphilateliquelilloise.fr\\\/?s={search_term_string}\"},\"query-input\":{\"@type\":\"PropertyValueSpecification\",\"valueRequired\":true,\"valueName\":\"search_term_string\"}}],\"inLanguage\":\"fr-FR\"},{\"@type\":\"Organization\",\"@id\":\"https:\\\/\\\/assphilateliquelilloise.fr\\\/#organization\",\"name\":\"Association Philat\u00e9lique de Lille-Mons et Environs\",\"url\":\"https:\\\/\\\/assphilateliquelilloise.fr\\\/\",\"logo\":{\"@type\":\"ImageObject\",\"inLanguage\":\"fr-FR\",\"@id\":\"https:\\\/\\\/assphilateliquelilloise.fr\\\/#\\\/schema\\\/logo\\\/image\\\/\",\"url\":\"https:\\\/\\\/assphilateliquelilloise.fr\\\/wp-content\\\/uploads\\\/2024\\\/04\\\/Logo_APLME_Internet5.jpg\",\"contentUrl\":\"https:\\\/\\\/assphilateliquelilloise.fr\\\/wp-content\\\/uploads\\\/2024\\\/04\\\/Logo_APLME_Internet5.jpg\",\"width\":345,\"height\":162,\"caption\":\"Association Philat\u00e9lique de Lille-Mons et Environs\"},\"image\":{\"@id\":\"https:\\\/\\\/assphilateliquelilloise.fr\\\/#\\\/schema\\\/logo\\\/image\\\/\"}}]}<\/script>\n<!-- \/ Yoast SEO plugin. -->","yoast_head_json":{"title":"3\u00e8me Bourse Philat\u00e9lique du 12 mai 2013 - Association Philat\u00e9lique de Lille-Mons et Environs","robots":{"index":"index","follow":"follow","max-snippet":"max-snippet:-1","max-image-preview":"max-image-preview:large","max-video-preview":"max-video-preview:-1"},"canonical":"https:\/\/assphilateliquelilloise.fr\/index.php\/3eme-bourse-philatelique-du-12-mai-2013\/","og_locale":"fr_FR","og_type":"article","og_title":"3\u00e8me Bourse Philat\u00e9lique du 12 mai 2013 - Association Philat\u00e9lique de Lille-Mons et Environs","og_url":"https:\/\/assphilateliquelilloise.fr\/index.php\/3eme-bourse-philatelique-du-12-mai-2013\/","og_site_name":"Association Philat\u00e9lique de Lille-Mons et Environs","article_modified_time":"2019-01-04T08:57:43+00:00","og_image":[{"url":"http:\/\/assphilateliquelilloise.fr\/wp-content\/uploads\/2018\/12\/3me-Bourse-12-mai-2013-affiche-fr-768x1028.jpg","type":"","width":"","height":""}],"twitter_card":"summary_large_image","schema":{"@context":"https:\/\/schema.org","@graph":[{"@type":"WebPage","@id":"https:\/\/assphilateliquelilloise.fr\/index.php\/3eme-bourse-philatelique-du-12-mai-2013\/","url":"https:\/\/assphilateliquelilloise.fr\/index.php\/3eme-bourse-philatelique-du-12-mai-2013\/","name":"3\u00e8me Bourse Philat\u00e9lique du 12 mai 2013 - Association Philat\u00e9lique de Lille-Mons et Environs","isPartOf":{"@id":"https:\/\/assphilateliquelilloise.fr\/#website"},"primaryImageOfPage":{"@id":"https:\/\/assphilateliquelilloise.fr\/index.php\/3eme-bourse-philatelique-du-12-mai-2013\/#primaryimage"},"image":{"@id":"https:\/\/assphilateliquelilloise.fr\/index.php\/3eme-bourse-philatelique-du-12-mai-2013\/#primaryimage"},"thumbnailUrl":"http:\/\/assphilateliquelilloise.fr\/wp-content\/uploads\/2018\/12\/3me-Bourse-12-mai-2013-affiche-fr-768x1028.jpg","datePublished":"2018-11-16T08:19:59+00:00","dateModified":"2019-01-04T08:57:43+00:00","breadcrumb":{"@id":"https:\/\/assphilateliquelilloise.fr\/index.php\/3eme-bourse-philatelique-du-12-mai-2013\/#breadcrumb"},"inLanguage":"fr-FR","potentialAction":[{"@type":"ReadAction","target":["https:\/\/assphilateliquelilloise.fr\/index.php\/3eme-bourse-philatelique-du-12-mai-2013\/"]}]},{"@type":"ImageObject","inLanguage":"fr-FR","@id":"https:\/\/assphilateliquelilloise.fr\/index.php\/3eme-bourse-philatelique-du-12-mai-2013\/#primaryimage","url":"http:\/\/assphilateliquelilloise.fr\/wp-content\/uploads\/2018\/12\/3me-Bourse-12-mai-2013-affiche-fr-768x1028.jpg","contentUrl":"http:\/\/assphilateliquelilloise.fr\/wp-content\/uploads\/2018\/12\/3me-Bourse-12-mai-2013-affiche-fr-768x1028.jpg"},{"@type":"BreadcrumbList","@id":"https:\/\/assphilateliquelilloise.fr\/index.php\/3eme-bourse-philatelique-du-12-mai-2013\/#breadcrumb","itemListElement":[{"@type":"ListItem","position":1,"name":"Accueil","item":"https:\/\/assphilateliquelilloise.fr\/"},{"@type":"ListItem","position":2,"name":"3\u00e8me Bourse Philat\u00e9lique du 12 mai 2013"}]},{"@type":"WebSite","@id":"https:\/\/assphilateliquelilloise.fr\/#website","url":"https:\/\/assphilateliquelilloise.fr\/","name":"Association Philat\u00e9lique de Lille-Mons et Environs","description":"Site de l&#039;Association Philat\u00e9lique de Lille-Mons et Environs","publisher":{"@id":"https:\/\/assphilateliquelilloise.fr\/#organization"},"potentialAction":[{"@type":"SearchAction","target":{"@type":"EntryPoint","urlTemplate":"https:\/\/assphilateliquelilloise.fr\/?s={search_term_string}"},"query-input":{"@type":"PropertyValueSpecification","valueRequired":true,"valueName":"search_term_string"}}],"inLanguage":"fr-FR"},{"@type":"Organization","@id":"https:\/\/assphilateliquelilloise.fr\/#organization","name":"Association Philat\u00e9lique de Lille-Mons et Environs","url":"https:\/\/assphilateliquelilloise.fr\/","logo":{"@type":"ImageObject","inLanguage":"fr-FR","@id":"https:\/\/assphilateliquelilloise.fr\/#\/schema\/logo\/image\/","url":"https:\/\/assphilateliquelilloise.fr\/wp-content\/uploads\/2024\/04\/Logo_APLME_Internet5.jpg","contentUrl":"https:\/\/assphilateliquelilloise.fr\/wp-content\/uploads\/2024\/04\/Logo_APLME_Internet5.jpg","width":345,"height":162,"caption":"Association Philat\u00e9lique de Lille-Mons et Environs"},"image":{"@id":"https:\/\/assphilateliquelilloise.fr\/#\/schema\/logo\/image\/"}}]}},"jetpack_sharing_enabled":true,"_links":{"self":[{"href":"https:\/\/assphilateliquelilloise.fr\/index.php\/wp-json\/wp\/v2\/pages\/163","targetHints":{"allow":["GET"]}}],"collection":[{"href":"https:\/\/assphilateliquelilloise.fr\/index.php\/wp-json\/wp\/v2\/pages"}],"about":[{"href":"https:\/\/assphilateliquelilloise.fr\/index.php\/wp-json\/wp\/v2\/types\/page"}],"author":[{"embeddable":true,"href":"https:\/\/assphilateliquelilloise.fr\/index.php\/wp-json\/wp\/v2\/users\/2"}],"replies":[{"embeddable":true,"href":"https:\/\/assphilateliquelilloise.fr\/index.php\/wp-json\/wp\/v2\/comments?post=163"}],"version-history":[{"count":3,"href":"https:\/\/assphilateliquelilloise.fr\/index.php\/wp-json\/wp\/v2\/pages\/163\/revisions"}],"predecessor-version":[{"id":368,"href":"https:\/\/assphilateliquelilloise.fr\/index.php\/wp-json\/wp\/v2\/pages\/163\/revisions\/368"}],"wp:attachment":[{"href":"https:\/\/assphilateliquelilloise.fr\/index.php\/wp-json\/wp\/v2\/media?parent=163"}],"curies":[{"name":"wp","href":"https:\/\/api.w.org\/{rel}","templated":true}]}}