{"id":169,"date":"2018-11-16T09:21:07","date_gmt":"2018-11-16T08:21:07","guid":{"rendered":"http:\/\/assphilateliquelilloise.fr\/?page_id=169"},"modified":"2019-01-04T09:52:32","modified_gmt":"2019-01-04T08:52:32","slug":"5eme-bourse-philatelique-du-dimanche-17-mai-2015","status":"publish","type":"page","link":"https:\/\/assphilateliquelilloise.fr\/index.php\/5eme-bourse-philatelique-du-dimanche-17-mai-2015\/","title":{"rendered":"5\u00e8me Bourse Philat\u00e9lique du dimanche 17 mai 2015"},"content":{"rendered":"\t\t<div data-elementor-type=\"wp-post\" data-elementor-id=\"169\" class=\"elementor elementor-169 elementor-bc-flex-widget\">\n\t\t\t\t\t\t<section class=\"elementor-section elementor-top-section elementor-element elementor-element-438a1a37 elementor-section-boxed elementor-section-height-default elementor-section-height-default\" data-id=\"438a1a37\" data-element_type=\"section\" data-e-type=\"section\">\n\t\t\t\t\t\t<div class=\"elementor-container elementor-column-gap-default\">\n\t\t\t\t\t<div class=\"elementor-column elementor-col-100 elementor-top-column elementor-element elementor-element-352b027d\" data-id=\"352b027d\" data-element_type=\"column\" data-e-type=\"column\">\n\t\t\t<div class=\"elementor-widget-wrap elementor-element-populated\">\n\t\t\t\t\t\t<div class=\"elementor-element elementor-element-136fe17 elementor-widget elementor-widget-image\" data-id=\"136fe17\" data-element_type=\"widget\" data-e-type=\"widget\" data-widget_type=\"image.default\">\n\t\t\t\t<div class=\"elementor-widget-container\">\n\t\t\t\t\t\t\t\t\t\t\t\t\t\t\t<img fetchpriority=\"high\" decoding=\"async\" width=\"849\" height=\"600\" src=\"https:\/\/assphilateliquelilloise.fr\/wp-content\/uploads\/2019\/01\/Flyers-Bourse-2015-765.jpg\" class=\"attachment-large size-large wp-image-343\" alt=\"\" srcset=\"https:\/\/assphilateliquelilloise.fr\/wp-content\/uploads\/2019\/01\/Flyers-Bourse-2015-765.jpg 849w, https:\/\/assphilateliquelilloise.fr\/wp-content\/uploads\/2019\/01\/Flyers-Bourse-2015-765-300x212.jpg 300w, https:\/\/assphilateliquelilloise.fr\/wp-content\/uploads\/2019\/01\/Flyers-Bourse-2015-765-768x543.jpg 768w\" sizes=\"(max-width: 849px) 100vw, 849px\" \/>\t\t\t\t\t\t\t\t\t\t\t\t\t\t\t<\/div>\n\t\t\t\t<\/div>\n\t\t\t\t<div class=\"elementor-element elementor-element-1229b2e elementor-widget elementor-widget-image-gallery\" data-id=\"1229b2e\" data-element_type=\"widget\" data-e-type=\"widget\" data-widget_type=\"image-gallery.default\">\n\t\t\t\t<div class=\"elementor-widget-container\">\n\t\t\t\t\t\t\t<div class=\"elementor-image-gallery\">\n\t\t\t\n\t\t<style type=\"text\/css\">\n\t\t\t#gallery-1 {\n\t\t\t\tmargin: auto;\n\t\t\t}\n\t\t\t#gallery-1 .gallery-item {\n\t\t\t\tfloat: left;\n\t\t\t\tmargin-top: 10px;\n\t\t\t\ttext-align: center;\n\t\t\t\twidth: 33%;\n\t\t\t}\n\t\t\t#gallery-1 img {\n\t\t\t\tborder: 2px solid #cfcfcf;\n\t\t\t}\n\t\t\t#gallery-1 .gallery-caption {\n\t\t\t\tmargin-left: 0;\n\t\t\t}\n\t\t\t\/* see gallery_shortcode() in wp-includes\/media.php *\/\n\t\t<\/style>\n\t\t<div id='gallery-1' class='gallery galleryid-169 gallery-columns-3 gallery-size-medium'><dl class='gallery-item'>\n\t\t\t<dt class='gallery-icon landscape'>\n\t\t\t\t<a data-elementor-open-lightbox=\"yes\" data-elementor-lightbox-slideshow=\"1229b2e\" data-elementor-lightbox-title=\"P1160679\" data-e-action-hash=\"#elementor-action%3Aaction%3Dlightbox%26settings%3DeyJpZCI6MzQ0LCJ1cmwiOiJodHRwczpcL1wvYXNzcGhpbGF0ZWxpcXVlbGlsbG9pc2UuZnJcL3dwLWNvbnRlbnRcL3VwbG9hZHNcLzIwMTlcLzAxXC9QMTE2MDY3OS5qcGciLCJzbGlkZXNob3ciOiIxMjI5YjJlIn0%3D\" href='https:\/\/assphilateliquelilloise.fr\/wp-content\/uploads\/2019\/01\/P1160679.jpg'><img decoding=\"async\" width=\"300\" height=\"225\" src=\"https:\/\/assphilateliquelilloise.fr\/wp-content\/uploads\/2019\/01\/P1160679-300x225.jpg\" class=\"attachment-medium size-medium\" alt=\"\" srcset=\"https:\/\/assphilateliquelilloise.fr\/wp-content\/uploads\/2019\/01\/P1160679-300x225.jpg 300w, https:\/\/assphilateliquelilloise.fr\/wp-content\/uploads\/2019\/01\/P1160679-768x576.jpg 768w, https:\/\/assphilateliquelilloise.fr\/wp-content\/uploads\/2019\/01\/P1160679.jpg 864w\" sizes=\"(max-width: 300px) 100vw, 300px\" \/><\/a>\n\t\t\t<\/dt><\/dl><dl class='gallery-item'>\n\t\t\t<dt class='gallery-icon landscape'>\n\t\t\t\t<a data-elementor-open-lightbox=\"yes\" data-elementor-lightbox-slideshow=\"1229b2e\" data-elementor-lightbox-title=\"P1160683\" data-e-action-hash=\"#elementor-action%3Aaction%3Dlightbox%26settings%3DeyJpZCI6MzQ1LCJ1cmwiOiJodHRwczpcL1wvYXNzcGhpbGF0ZWxpcXVlbGlsbG9pc2UuZnJcL3dwLWNvbnRlbnRcL3VwbG9hZHNcLzIwMTlcLzAxXC9QMTE2MDY4My5qcGciLCJzbGlkZXNob3ciOiIxMjI5YjJlIn0%3D\" href='https:\/\/assphilateliquelilloise.fr\/wp-content\/uploads\/2019\/01\/P1160683.jpg'><img decoding=\"async\" width=\"300\" height=\"225\" src=\"https:\/\/assphilateliquelilloise.fr\/wp-content\/uploads\/2019\/01\/P1160683-300x225.jpg\" class=\"attachment-medium size-medium\" alt=\"\" srcset=\"https:\/\/assphilateliquelilloise.fr\/wp-content\/uploads\/2019\/01\/P1160683-300x225.jpg 300w, https:\/\/assphilateliquelilloise.fr\/wp-content\/uploads\/2019\/01\/P1160683-768x576.jpg 768w, https:\/\/assphilateliquelilloise.fr\/wp-content\/uploads\/2019\/01\/P1160683.jpg 864w\" sizes=\"(max-width: 300px) 100vw, 300px\" \/><\/a>\n\t\t\t<\/dt><\/dl><dl class='gallery-item'>\n\t\t\t<dt class='gallery-icon landscape'>\n\t\t\t\t<a data-elementor-open-lightbox=\"yes\" data-elementor-lightbox-slideshow=\"1229b2e\" data-elementor-lightbox-title=\"P1160688\" data-e-action-hash=\"#elementor-action%3Aaction%3Dlightbox%26settings%3DeyJpZCI6MzQ2LCJ1cmwiOiJodHRwczpcL1wvYXNzcGhpbGF0ZWxpcXVlbGlsbG9pc2UuZnJcL3dwLWNvbnRlbnRcL3VwbG9hZHNcLzIwMTlcLzAxXC9QMTE2MDY4OC5qcGciLCJzbGlkZXNob3ciOiIxMjI5YjJlIn0%3D\" href='https:\/\/assphilateliquelilloise.fr\/wp-content\/uploads\/2019\/01\/P1160688.jpg'><img loading=\"lazy\" decoding=\"async\" width=\"300\" height=\"225\" src=\"https:\/\/assphilateliquelilloise.fr\/wp-content\/uploads\/2019\/01\/P1160688-300x225.jpg\" class=\"attachment-medium size-medium\" alt=\"\" srcset=\"https:\/\/assphilateliquelilloise.fr\/wp-content\/uploads\/2019\/01\/P1160688-300x225.jpg 300w, https:\/\/assphilateliquelilloise.fr\/wp-content\/uploads\/2019\/01\/P1160688-768x576.jpg 768w, https:\/\/assphilateliquelilloise.fr\/wp-content\/uploads\/2019\/01\/P1160688.jpg 864w\" sizes=\"(max-width: 300px) 100vw, 300px\" \/><\/a>\n\t\t\t<\/dt><\/dl><br style=\"clear: both\" \/><dl class='gallery-item'>\n\t\t\t<dt class='gallery-icon landscape'>\n\t\t\t\t<a data-elementor-open-lightbox=\"yes\" data-elementor-lightbox-slideshow=\"1229b2e\" data-elementor-lightbox-title=\"P1160700\" data-e-action-hash=\"#elementor-action%3Aaction%3Dlightbox%26settings%3DeyJpZCI6MzQ3LCJ1cmwiOiJodHRwczpcL1wvYXNzcGhpbGF0ZWxpcXVlbGlsbG9pc2UuZnJcL3dwLWNvbnRlbnRcL3VwbG9hZHNcLzIwMTlcLzAxXC9QMTE2MDcwMC5qcGciLCJzbGlkZXNob3ciOiIxMjI5YjJlIn0%3D\" href='https:\/\/assphilateliquelilloise.fr\/wp-content\/uploads\/2019\/01\/P1160700.jpg'><img loading=\"lazy\" decoding=\"async\" width=\"300\" height=\"225\" src=\"https:\/\/assphilateliquelilloise.fr\/wp-content\/uploads\/2019\/01\/P1160700-300x225.jpg\" class=\"attachment-medium size-medium\" alt=\"\" srcset=\"https:\/\/assphilateliquelilloise.fr\/wp-content\/uploads\/2019\/01\/P1160700-300x225.jpg 300w, https:\/\/assphilateliquelilloise.fr\/wp-content\/uploads\/2019\/01\/P1160700-768x576.jpg 768w, https:\/\/assphilateliquelilloise.fr\/wp-content\/uploads\/2019\/01\/P1160700.jpg 864w\" sizes=\"(max-width: 300px) 100vw, 300px\" \/><\/a>\n\t\t\t<\/dt><\/dl><dl class='gallery-item'>\n\t\t\t<dt class='gallery-icon landscape'>\n\t\t\t\t<a data-elementor-open-lightbox=\"yes\" data-elementor-lightbox-slideshow=\"1229b2e\" data-elementor-lightbox-title=\"P1160701\" data-e-action-hash=\"#elementor-action%3Aaction%3Dlightbox%26settings%3DeyJpZCI6MzQ4LCJ1cmwiOiJodHRwczpcL1wvYXNzcGhpbGF0ZWxpcXVlbGlsbG9pc2UuZnJcL3dwLWNvbnRlbnRcL3VwbG9hZHNcLzIwMTlcLzAxXC9QMTE2MDcwMS5qcGciLCJzbGlkZXNob3ciOiIxMjI5YjJlIn0%3D\" href='https:\/\/assphilateliquelilloise.fr\/wp-content\/uploads\/2019\/01\/P1160701.jpg'><img loading=\"lazy\" decoding=\"async\" width=\"300\" height=\"225\" src=\"https:\/\/assphilateliquelilloise.fr\/wp-content\/uploads\/2019\/01\/P1160701-300x225.jpg\" class=\"attachment-medium size-medium\" alt=\"\" srcset=\"https:\/\/assphilateliquelilloise.fr\/wp-content\/uploads\/2019\/01\/P1160701-300x225.jpg 300w, https:\/\/assphilateliquelilloise.fr\/wp-content\/uploads\/2019\/01\/P1160701-768x576.jpg 768w, https:\/\/assphilateliquelilloise.fr\/wp-content\/uploads\/2019\/01\/P1160701.jpg 864w\" sizes=\"(max-width: 300px) 100vw, 300px\" \/><\/a>\n\t\t\t<\/dt><\/dl><dl class='gallery-item'>\n\t\t\t<dt class='gallery-icon landscape'>\n\t\t\t\t<a data-elementor-open-lightbox=\"yes\" data-elementor-lightbox-slideshow=\"1229b2e\" data-elementor-lightbox-title=\"P1160710\" data-e-action-hash=\"#elementor-action%3Aaction%3Dlightbox%26settings%3DeyJpZCI6MzQ5LCJ1cmwiOiJodHRwczpcL1wvYXNzcGhpbGF0ZWxpcXVlbGlsbG9pc2UuZnJcL3dwLWNvbnRlbnRcL3VwbG9hZHNcLzIwMTlcLzAxXC9QMTE2MDcxMC5qcGciLCJzbGlkZXNob3ciOiIxMjI5YjJlIn0%3D\" href='https:\/\/assphilateliquelilloise.fr\/wp-content\/uploads\/2019\/01\/P1160710.jpg'><img loading=\"lazy\" decoding=\"async\" width=\"300\" height=\"225\" src=\"https:\/\/assphilateliquelilloise.fr\/wp-content\/uploads\/2019\/01\/P1160710-300x225.jpg\" class=\"attachment-medium size-medium\" alt=\"\" srcset=\"https:\/\/assphilateliquelilloise.fr\/wp-content\/uploads\/2019\/01\/P1160710-300x225.jpg 300w, https:\/\/assphilateliquelilloise.fr\/wp-content\/uploads\/2019\/01\/P1160710-768x576.jpg 768w, https:\/\/assphilateliquelilloise.fr\/wp-content\/uploads\/2019\/01\/P1160710.jpg 864w\" sizes=\"(max-width: 300px) 100vw, 300px\" \/><\/a>\n\t\t\t<\/dt><\/dl><br style=\"clear: both\" \/><dl class='gallery-item'>\n\t\t\t<dt class='gallery-icon landscape'>\n\t\t\t\t<a data-elementor-open-lightbox=\"yes\" data-elementor-lightbox-slideshow=\"1229b2e\" data-elementor-lightbox-title=\"P1160711\" data-e-action-hash=\"#elementor-action%3Aaction%3Dlightbox%26settings%3DeyJpZCI6MzUwLCJ1cmwiOiJodHRwczpcL1wvYXNzcGhpbGF0ZWxpcXVlbGlsbG9pc2UuZnJcL3dwLWNvbnRlbnRcL3VwbG9hZHNcLzIwMTlcLzAxXC9QMTE2MDcxMS5qcGciLCJzbGlkZXNob3ciOiIxMjI5YjJlIn0%3D\" href='https:\/\/assphilateliquelilloise.fr\/wp-content\/uploads\/2019\/01\/P1160711.jpg'><img loading=\"lazy\" decoding=\"async\" width=\"300\" height=\"225\" src=\"https:\/\/assphilateliquelilloise.fr\/wp-content\/uploads\/2019\/01\/P1160711-300x225.jpg\" class=\"attachment-medium size-medium\" alt=\"\" srcset=\"https:\/\/assphilateliquelilloise.fr\/wp-content\/uploads\/2019\/01\/P1160711-300x225.jpg 300w, https:\/\/assphilateliquelilloise.fr\/wp-content\/uploads\/2019\/01\/P1160711-768x576.jpg 768w, https:\/\/assphilateliquelilloise.fr\/wp-content\/uploads\/2019\/01\/P1160711.jpg 864w\" sizes=\"(max-width: 300px) 100vw, 300px\" \/><\/a>\n\t\t\t<\/dt><\/dl><dl class='gallery-item'>\n\t\t\t<dt class='gallery-icon landscape'>\n\t\t\t\t<a data-elementor-open-lightbox=\"yes\" data-elementor-lightbox-slideshow=\"1229b2e\" data-elementor-lightbox-title=\"P1160713\" data-e-action-hash=\"#elementor-action%3Aaction%3Dlightbox%26settings%3DeyJpZCI6MzUxLCJ1cmwiOiJodHRwczpcL1wvYXNzcGhpbGF0ZWxpcXVlbGlsbG9pc2UuZnJcL3dwLWNvbnRlbnRcL3VwbG9hZHNcLzIwMTlcLzAxXC9QMTE2MDcxMy5qcGciLCJzbGlkZXNob3ciOiIxMjI5YjJlIn0%3D\" href='https:\/\/assphilateliquelilloise.fr\/wp-content\/uploads\/2019\/01\/P1160713.jpg'><img loading=\"lazy\" decoding=\"async\" width=\"300\" height=\"225\" src=\"https:\/\/assphilateliquelilloise.fr\/wp-content\/uploads\/2019\/01\/P1160713-300x225.jpg\" class=\"attachment-medium size-medium\" alt=\"\" srcset=\"https:\/\/assphilateliquelilloise.fr\/wp-content\/uploads\/2019\/01\/P1160713-300x225.jpg 300w, https:\/\/assphilateliquelilloise.fr\/wp-content\/uploads\/2019\/01\/P1160713-768x576.jpg 768w, https:\/\/assphilateliquelilloise.fr\/wp-content\/uploads\/2019\/01\/P1160713.jpg 864w\" sizes=\"(max-width: 300px) 100vw, 300px\" \/><\/a>\n\t\t\t<\/dt><\/dl><dl class='gallery-item'>\n\t\t\t<dt class='gallery-icon landscape'>\n\t\t\t\t<a data-elementor-open-lightbox=\"yes\" data-elementor-lightbox-slideshow=\"1229b2e\" data-elementor-lightbox-title=\"P1160718\" data-e-action-hash=\"#elementor-action%3Aaction%3Dlightbox%26settings%3DeyJpZCI6MzUyLCJ1cmwiOiJodHRwczpcL1wvYXNzcGhpbGF0ZWxpcXVlbGlsbG9pc2UuZnJcL3dwLWNvbnRlbnRcL3VwbG9hZHNcLzIwMTlcLzAxXC9QMTE2MDcxOC5qcGciLCJzbGlkZXNob3ciOiIxMjI5YjJlIn0%3D\" href='https:\/\/assphilateliquelilloise.fr\/wp-content\/uploads\/2019\/01\/P1160718.jpg'><img loading=\"lazy\" decoding=\"async\" width=\"300\" height=\"225\" src=\"https:\/\/assphilateliquelilloise.fr\/wp-content\/uploads\/2019\/01\/P1160718-300x225.jpg\" class=\"attachment-medium size-medium\" alt=\"\" srcset=\"https:\/\/assphilateliquelilloise.fr\/wp-content\/uploads\/2019\/01\/P1160718-300x225.jpg 300w, https:\/\/assphilateliquelilloise.fr\/wp-content\/uploads\/2019\/01\/P1160718-768x576.jpg 768w, https:\/\/assphilateliquelilloise.fr\/wp-content\/uploads\/2019\/01\/P1160718.jpg 864w\" sizes=\"(max-width: 300px) 100vw, 300px\" \/><\/a>\n\t\t\t<\/dt><\/dl><br style=\"clear: both\" \/>\n\t\t<\/div>\n\t\t<\/div>\n\t\t\t\t\t\t<\/div>\n\t\t\t\t<\/div>\n\t\t\t\t\t<\/div>\n\t\t<\/div>\n\t\t\t\t\t<\/div>\n\t\t<\/section>\n\t\t\t\t<\/div>\n\t\t","protected":false},"excerpt":{"rendered":"","protected":false},"author":2,"featured_media":0,"parent":0,"menu_order":0,"comment_status":"closed","ping_status":"closed","template":"","meta":{"footnotes":""},"class_list":["post-169","page","type-page","status-publish","hentry"],"yoast_head":"<!-- This site is optimized with the Yoast SEO plugin v27.3 - https:\/\/yoast.com\/product\/yoast-seo-wordpress\/ -->\n<title>5\u00e8me Bourse Philat\u00e9lique du dimanche 17 mai 2015 - Association Philat\u00e9lique de Lille-Mons et Environs<\/title>\n<meta name=\"robots\" content=\"index, follow, max-snippet:-1, max-image-preview:large, max-video-preview:-1\" \/>\n<link rel=\"canonical\" href=\"https:\/\/assphilateliquelilloise.fr\/index.php\/5eme-bourse-philatelique-du-dimanche-17-mai-2015\/\" \/>\n<meta property=\"og:locale\" content=\"fr_FR\" \/>\n<meta property=\"og:type\" content=\"article\" \/>\n<meta property=\"og:title\" content=\"5\u00e8me Bourse Philat\u00e9lique du dimanche 17 mai 2015 - Association Philat\u00e9lique de Lille-Mons et Environs\" \/>\n<meta property=\"og:url\" content=\"https:\/\/assphilateliquelilloise.fr\/index.php\/5eme-bourse-philatelique-du-dimanche-17-mai-2015\/\" \/>\n<meta property=\"og:site_name\" content=\"Association Philat\u00e9lique de Lille-Mons et Environs\" \/>\n<meta property=\"article:modified_time\" content=\"2019-01-04T08:52:32+00:00\" \/>\n<meta property=\"og:image\" content=\"http:\/\/assphilateliquelilloise.fr\/wp-content\/uploads\/2019\/01\/Flyers-Bourse-2015-765.jpg\" \/>\n<meta name=\"twitter:card\" content=\"summary_large_image\" \/>\n<script type=\"application\/ld+json\" class=\"yoast-schema-graph\">{\"@context\":\"https:\\\/\\\/schema.org\",\"@graph\":[{\"@type\":\"WebPage\",\"@id\":\"https:\\\/\\\/assphilateliquelilloise.fr\\\/index.php\\\/5eme-bourse-philatelique-du-dimanche-17-mai-2015\\\/\",\"url\":\"https:\\\/\\\/assphilateliquelilloise.fr\\\/index.php\\\/5eme-bourse-philatelique-du-dimanche-17-mai-2015\\\/\",\"name\":\"5\u00e8me Bourse Philat\u00e9lique du dimanche 17 mai 2015 - Association Philat\u00e9lique de Lille-Mons et Environs\",\"isPartOf\":{\"@id\":\"https:\\\/\\\/assphilateliquelilloise.fr\\\/#website\"},\"primaryImageOfPage\":{\"@id\":\"https:\\\/\\\/assphilateliquelilloise.fr\\\/index.php\\\/5eme-bourse-philatelique-du-dimanche-17-mai-2015\\\/#primaryimage\"},\"image\":{\"@id\":\"https:\\\/\\\/assphilateliquelilloise.fr\\\/index.php\\\/5eme-bourse-philatelique-du-dimanche-17-mai-2015\\\/#primaryimage\"},\"thumbnailUrl\":\"http:\\\/\\\/assphilateliquelilloise.fr\\\/wp-content\\\/uploads\\\/2019\\\/01\\\/Flyers-Bourse-2015-765.jpg\",\"datePublished\":\"2018-11-16T08:21:07+00:00\",\"dateModified\":\"2019-01-04T08:52:32+00:00\",\"breadcrumb\":{\"@id\":\"https:\\\/\\\/assphilateliquelilloise.fr\\\/index.php\\\/5eme-bourse-philatelique-du-dimanche-17-mai-2015\\\/#breadcrumb\"},\"inLanguage\":\"fr-FR\",\"potentialAction\":[{\"@type\":\"ReadAction\",\"target\":[\"https:\\\/\\\/assphilateliquelilloise.fr\\\/index.php\\\/5eme-bourse-philatelique-du-dimanche-17-mai-2015\\\/\"]}]},{\"@type\":\"ImageObject\",\"inLanguage\":\"fr-FR\",\"@id\":\"https:\\\/\\\/assphilateliquelilloise.fr\\\/index.php\\\/5eme-bourse-philatelique-du-dimanche-17-mai-2015\\\/#primaryimage\",\"url\":\"http:\\\/\\\/assphilateliquelilloise.fr\\\/wp-content\\\/uploads\\\/2019\\\/01\\\/Flyers-Bourse-2015-765.jpg\",\"contentUrl\":\"http:\\\/\\\/assphilateliquelilloise.fr\\\/wp-content\\\/uploads\\\/2019\\\/01\\\/Flyers-Bourse-2015-765.jpg\"},{\"@type\":\"BreadcrumbList\",\"@id\":\"https:\\\/\\\/assphilateliquelilloise.fr\\\/index.php\\\/5eme-bourse-philatelique-du-dimanche-17-mai-2015\\\/#breadcrumb\",\"itemListElement\":[{\"@type\":\"ListItem\",\"position\":1,\"name\":\"Accueil\",\"item\":\"https:\\\/\\\/assphilateliquelilloise.fr\\\/\"},{\"@type\":\"ListItem\",\"position\":2,\"name\":\"5\u00e8me Bourse Philat\u00e9lique du dimanche 17 mai 2015\"}]},{\"@type\":\"WebSite\",\"@id\":\"https:\\\/\\\/assphilateliquelilloise.fr\\\/#website\",\"url\":\"https:\\\/\\\/assphilateliquelilloise.fr\\\/\",\"name\":\"Association Philat\u00e9lique de Lille-Mons et Environs\",\"description\":\"Site de l&#039;Association Philat\u00e9lique de Lille-Mons et Environs\",\"publisher\":{\"@id\":\"https:\\\/\\\/assphilateliquelilloise.fr\\\/#organization\"},\"potentialAction\":[{\"@type\":\"SearchAction\",\"target\":{\"@type\":\"EntryPoint\",\"urlTemplate\":\"https:\\\/\\\/assphilateliquelilloise.fr\\\/?s={search_term_string}\"},\"query-input\":{\"@type\":\"PropertyValueSpecification\",\"valueRequired\":true,\"valueName\":\"search_term_string\"}}],\"inLanguage\":\"fr-FR\"},{\"@type\":\"Organization\",\"@id\":\"https:\\\/\\\/assphilateliquelilloise.fr\\\/#organization\",\"name\":\"Association Philat\u00e9lique de Lille-Mons et Environs\",\"url\":\"https:\\\/\\\/assphilateliquelilloise.fr\\\/\",\"logo\":{\"@type\":\"ImageObject\",\"inLanguage\":\"fr-FR\",\"@id\":\"https:\\\/\\\/assphilateliquelilloise.fr\\\/#\\\/schema\\\/logo\\\/image\\\/\",\"url\":\"https:\\\/\\\/assphilateliquelilloise.fr\\\/wp-content\\\/uploads\\\/2024\\\/04\\\/Logo_APLME_Internet5.jpg\",\"contentUrl\":\"https:\\\/\\\/assphilateliquelilloise.fr\\\/wp-content\\\/uploads\\\/2024\\\/04\\\/Logo_APLME_Internet5.jpg\",\"width\":345,\"height\":162,\"caption\":\"Association Philat\u00e9lique de Lille-Mons et Environs\"},\"image\":{\"@id\":\"https:\\\/\\\/assphilateliquelilloise.fr\\\/#\\\/schema\\\/logo\\\/image\\\/\"}}]}<\/script>\n<!-- \/ Yoast SEO plugin. -->","yoast_head_json":{"title":"5\u00e8me Bourse Philat\u00e9lique du dimanche 17 mai 2015 - Association Philat\u00e9lique de Lille-Mons et Environs","robots":{"index":"index","follow":"follow","max-snippet":"max-snippet:-1","max-image-preview":"max-image-preview:large","max-video-preview":"max-video-preview:-1"},"canonical":"https:\/\/assphilateliquelilloise.fr\/index.php\/5eme-bourse-philatelique-du-dimanche-17-mai-2015\/","og_locale":"fr_FR","og_type":"article","og_title":"5\u00e8me Bourse Philat\u00e9lique du dimanche 17 mai 2015 - Association Philat\u00e9lique de Lille-Mons et Environs","og_url":"https:\/\/assphilateliquelilloise.fr\/index.php\/5eme-bourse-philatelique-du-dimanche-17-mai-2015\/","og_site_name":"Association Philat\u00e9lique de Lille-Mons et Environs","article_modified_time":"2019-01-04T08:52:32+00:00","og_image":[{"url":"http:\/\/assphilateliquelilloise.fr\/wp-content\/uploads\/2019\/01\/Flyers-Bourse-2015-765.jpg","type":"","width":"","height":""}],"twitter_card":"summary_large_image","schema":{"@context":"https:\/\/schema.org","@graph":[{"@type":"WebPage","@id":"https:\/\/assphilateliquelilloise.fr\/index.php\/5eme-bourse-philatelique-du-dimanche-17-mai-2015\/","url":"https:\/\/assphilateliquelilloise.fr\/index.php\/5eme-bourse-philatelique-du-dimanche-17-mai-2015\/","name":"5\u00e8me Bourse Philat\u00e9lique du dimanche 17 mai 2015 - Association Philat\u00e9lique de Lille-Mons et Environs","isPartOf":{"@id":"https:\/\/assphilateliquelilloise.fr\/#website"},"primaryImageOfPage":{"@id":"https:\/\/assphilateliquelilloise.fr\/index.php\/5eme-bourse-philatelique-du-dimanche-17-mai-2015\/#primaryimage"},"image":{"@id":"https:\/\/assphilateliquelilloise.fr\/index.php\/5eme-bourse-philatelique-du-dimanche-17-mai-2015\/#primaryimage"},"thumbnailUrl":"http:\/\/assphilateliquelilloise.fr\/wp-content\/uploads\/2019\/01\/Flyers-Bourse-2015-765.jpg","datePublished":"2018-11-16T08:21:07+00:00","dateModified":"2019-01-04T08:52:32+00:00","breadcrumb":{"@id":"https:\/\/assphilateliquelilloise.fr\/index.php\/5eme-bourse-philatelique-du-dimanche-17-mai-2015\/#breadcrumb"},"inLanguage":"fr-FR","potentialAction":[{"@type":"ReadAction","target":["https:\/\/assphilateliquelilloise.fr\/index.php\/5eme-bourse-philatelique-du-dimanche-17-mai-2015\/"]}]},{"@type":"ImageObject","inLanguage":"fr-FR","@id":"https:\/\/assphilateliquelilloise.fr\/index.php\/5eme-bourse-philatelique-du-dimanche-17-mai-2015\/#primaryimage","url":"http:\/\/assphilateliquelilloise.fr\/wp-content\/uploads\/2019\/01\/Flyers-Bourse-2015-765.jpg","contentUrl":"http:\/\/assphilateliquelilloise.fr\/wp-content\/uploads\/2019\/01\/Flyers-Bourse-2015-765.jpg"},{"@type":"BreadcrumbList","@id":"https:\/\/assphilateliquelilloise.fr\/index.php\/5eme-bourse-philatelique-du-dimanche-17-mai-2015\/#breadcrumb","itemListElement":[{"@type":"ListItem","position":1,"name":"Accueil","item":"https:\/\/assphilateliquelilloise.fr\/"},{"@type":"ListItem","position":2,"name":"5\u00e8me Bourse Philat\u00e9lique du dimanche 17 mai 2015"}]},{"@type":"WebSite","@id":"https:\/\/assphilateliquelilloise.fr\/#website","url":"https:\/\/assphilateliquelilloise.fr\/","name":"Association Philat\u00e9lique de Lille-Mons et Environs","description":"Site de l&#039;Association Philat\u00e9lique de Lille-Mons et Environs","publisher":{"@id":"https:\/\/assphilateliquelilloise.fr\/#organization"},"potentialAction":[{"@type":"SearchAction","target":{"@type":"EntryPoint","urlTemplate":"https:\/\/assphilateliquelilloise.fr\/?s={search_term_string}"},"query-input":{"@type":"PropertyValueSpecification","valueRequired":true,"valueName":"search_term_string"}}],"inLanguage":"fr-FR"},{"@type":"Organization","@id":"https:\/\/assphilateliquelilloise.fr\/#organization","name":"Association Philat\u00e9lique de Lille-Mons et Environs","url":"https:\/\/assphilateliquelilloise.fr\/","logo":{"@type":"ImageObject","inLanguage":"fr-FR","@id":"https:\/\/assphilateliquelilloise.fr\/#\/schema\/logo\/image\/","url":"https:\/\/assphilateliquelilloise.fr\/wp-content\/uploads\/2024\/04\/Logo_APLME_Internet5.jpg","contentUrl":"https:\/\/assphilateliquelilloise.fr\/wp-content\/uploads\/2024\/04\/Logo_APLME_Internet5.jpg","width":345,"height":162,"caption":"Association Philat\u00e9lique de Lille-Mons et Environs"},"image":{"@id":"https:\/\/assphilateliquelilloise.fr\/#\/schema\/logo\/image\/"}}]}},"jetpack_sharing_enabled":true,"_links":{"self":[{"href":"https:\/\/assphilateliquelilloise.fr\/index.php\/wp-json\/wp\/v2\/pages\/169","targetHints":{"allow":["GET"]}}],"collection":[{"href":"https:\/\/assphilateliquelilloise.fr\/index.php\/wp-json\/wp\/v2\/pages"}],"about":[{"href":"https:\/\/assphilateliquelilloise.fr\/index.php\/wp-json\/wp\/v2\/types\/page"}],"author":[{"embeddable":true,"href":"https:\/\/assphilateliquelilloise.fr\/index.php\/wp-json\/wp\/v2\/users\/2"}],"replies":[{"embeddable":true,"href":"https:\/\/assphilateliquelilloise.fr\/index.php\/wp-json\/wp\/v2\/comments?post=169"}],"version-history":[{"count":2,"href":"https:\/\/assphilateliquelilloise.fr\/index.php\/wp-json\/wp\/v2\/pages\/169\/revisions"}],"predecessor-version":[{"id":353,"href":"https:\/\/assphilateliquelilloise.fr\/index.php\/wp-json\/wp\/v2\/pages\/169\/revisions\/353"}],"wp:attachment":[{"href":"https:\/\/assphilateliquelilloise.fr\/index.php\/wp-json\/wp\/v2\/media?parent=169"}],"curies":[{"name":"wp","href":"https:\/\/api.w.org\/{rel}","templated":true}]}}