{"id":172,"date":"2018-11-16T09:21:45","date_gmt":"2018-11-16T08:21:45","guid":{"rendered":"http:\/\/assphilateliquelilloise.fr\/?page_id=172"},"modified":"2019-01-04T09:49:40","modified_gmt":"2019-01-04T08:49:40","slug":"6eme-bourse-philatelique-du-dimanche-22-mai-2016","status":"publish","type":"page","link":"https:\/\/assphilateliquelilloise.fr\/index.php\/6eme-bourse-philatelique-du-dimanche-22-mai-2016\/","title":{"rendered":"6\u00e8me Bourse Philat\u00e9lique du dimanche 22 mai 2016"},"content":{"rendered":"\t\t<div data-elementor-type=\"wp-post\" data-elementor-id=\"172\" class=\"elementor elementor-172 elementor-bc-flex-widget\">\n\t\t\t\t\t\t<section class=\"elementor-section elementor-top-section elementor-element elementor-element-27533245 elementor-section-boxed elementor-section-height-default elementor-section-height-default\" data-id=\"27533245\" data-element_type=\"section\" data-e-type=\"section\">\n\t\t\t\t\t\t<div class=\"elementor-container elementor-column-gap-default\">\n\t\t\t\t\t<div class=\"elementor-column elementor-col-100 elementor-top-column elementor-element elementor-element-338abf05\" data-id=\"338abf05\" data-element_type=\"column\" data-e-type=\"column\">\n\t\t\t<div class=\"elementor-widget-wrap elementor-element-populated\">\n\t\t\t\t\t\t<div class=\"elementor-element elementor-element-e91f54b elementor-widget elementor-widget-image-gallery\" data-id=\"e91f54b\" data-element_type=\"widget\" data-e-type=\"widget\" data-widget_type=\"image-gallery.default\">\n\t\t\t\t<div class=\"elementor-widget-container\">\n\t\t\t\t\t\t\t<div class=\"elementor-image-gallery\">\n\t\t\t\n\t\t<style type=\"text\/css\">\n\t\t\t#gallery-1 {\n\t\t\t\tmargin: auto;\n\t\t\t}\n\t\t\t#gallery-1 .gallery-item {\n\t\t\t\tfloat: left;\n\t\t\t\tmargin-top: 10px;\n\t\t\t\ttext-align: center;\n\t\t\t\twidth: 50%;\n\t\t\t}\n\t\t\t#gallery-1 img {\n\t\t\t\tborder: 2px solid #cfcfcf;\n\t\t\t}\n\t\t\t#gallery-1 .gallery-caption {\n\t\t\t\tmargin-left: 0;\n\t\t\t}\n\t\t\t\/* see gallery_shortcode() in wp-includes\/media.php *\/\n\t\t<\/style>\n\t\t<div id='gallery-1' class='gallery galleryid-172 gallery-columns-2 gallery-size-medium_large'><dl class='gallery-item'>\n\t\t\t<dt class='gallery-icon landscape'>\n\t\t\t\t<a data-elementor-open-lightbox=\"yes\" data-elementor-lightbox-slideshow=\"e91f54b\" data-elementor-lightbox-title=\"2016-Flyers-par-4-couleur\" data-e-action-hash=\"#elementor-action%3Aaction%3Dlightbox%26settings%3DeyJpZCI6MzQwLCJ1cmwiOiJodHRwczpcL1wvYXNzcGhpbGF0ZWxpcXVlbGlsbG9pc2UuZnJcL3dwLWNvbnRlbnRcL3VwbG9hZHNcLzIwMTlcLzAxXC8yMDE2LUZseWVycy1wYXItNC1jb3VsZXVyLmpwZyIsInNsaWRlc2hvdyI6ImU5MWY1NGIifQ%3D%3D\" href='https:\/\/assphilateliquelilloise.fr\/wp-content\/uploads\/2019\/01\/2016-Flyers-par-4-couleur.jpg'><img fetchpriority=\"high\" decoding=\"async\" width=\"768\" height=\"545\" src=\"https:\/\/assphilateliquelilloise.fr\/wp-content\/uploads\/2019\/01\/2016-Flyers-par-4-couleur-768x545.jpg\" class=\"attachment-medium_large size-medium_large\" alt=\"\" srcset=\"https:\/\/assphilateliquelilloise.fr\/wp-content\/uploads\/2019\/01\/2016-Flyers-par-4-couleur-768x545.jpg 768w, https:\/\/assphilateliquelilloise.fr\/wp-content\/uploads\/2019\/01\/2016-Flyers-par-4-couleur-300x213.jpg 300w, https:\/\/assphilateliquelilloise.fr\/wp-content\/uploads\/2019\/01\/2016-Flyers-par-4-couleur.jpg 874w\" sizes=\"(max-width: 768px) 100vw, 768px\" \/><\/a>\n\t\t\t<\/dt><\/dl><dl class='gallery-item'>\n\t\t\t<dt class='gallery-icon landscape'>\n\t\t\t\t<a data-elementor-open-lightbox=\"yes\" data-elementor-lightbox-slideshow=\"e91f54b\" data-elementor-lightbox-title=\"Plan-acces-bourse-415\" data-e-action-hash=\"#elementor-action%3Aaction%3Dlightbox%26settings%3DeyJpZCI6MzQxLCJ1cmwiOiJodHRwczpcL1wvYXNzcGhpbGF0ZWxpcXVlbGlsbG9pc2UuZnJcL3dwLWNvbnRlbnRcL3VwbG9hZHNcLzIwMTlcLzAxXC9QbGFuLWFjY2VzLWJvdXJzZS00MTUuanBnIiwic2xpZGVzaG93IjoiZTkxZjU0YiJ9\" href='https:\/\/assphilateliquelilloise.fr\/wp-content\/uploads\/2019\/01\/Plan-acces-bourse-415.jpg'><img decoding=\"async\" width=\"500\" height=\"350\" src=\"https:\/\/assphilateliquelilloise.fr\/wp-content\/uploads\/2019\/01\/Plan-acces-bourse-415.jpg\" class=\"attachment-medium_large size-medium_large\" alt=\"\" srcset=\"https:\/\/assphilateliquelilloise.fr\/wp-content\/uploads\/2019\/01\/Plan-acces-bourse-415.jpg 500w, https:\/\/assphilateliquelilloise.fr\/wp-content\/uploads\/2019\/01\/Plan-acces-bourse-415-300x210.jpg 300w\" sizes=\"(max-width: 500px) 100vw, 500px\" \/><\/a>\n\t\t\t<\/dt><\/dl><br style=\"clear: both\" \/><dl class='gallery-item'>\n\t\t\t<dt class='gallery-icon landscape'>\n\t\t\t\t<a data-elementor-open-lightbox=\"yes\" data-elementor-lightbox-slideshow=\"e91f54b\" data-elementor-lightbox-title=\"Portail\" data-e-action-hash=\"#elementor-action%3Aaction%3Dlightbox%26settings%3DeyJpZCI6MzM4LCJ1cmwiOiJodHRwczpcL1wvYXNzcGhpbGF0ZWxpcXVlbGlsbG9pc2UuZnJcL3dwLWNvbnRlbnRcL3VwbG9hZHNcLzIwMTlcLzAxXC9Qb3J0YWlsLmpwZyIsInNsaWRlc2hvdyI6ImU5MWY1NGIifQ%3D%3D\" href='https:\/\/assphilateliquelilloise.fr\/wp-content\/uploads\/2019\/01\/Portail.jpg'><img decoding=\"async\" width=\"500\" height=\"332\" src=\"https:\/\/assphilateliquelilloise.fr\/wp-content\/uploads\/2019\/01\/Portail.jpg\" class=\"attachment-medium_large size-medium_large\" alt=\"\" srcset=\"https:\/\/assphilateliquelilloise.fr\/wp-content\/uploads\/2019\/01\/Portail.jpg 500w, https:\/\/assphilateliquelilloise.fr\/wp-content\/uploads\/2019\/01\/Portail-300x199.jpg 300w\" sizes=\"(max-width: 500px) 100vw, 500px\" \/><\/a>\n\t\t\t<\/dt><\/dl><dl class='gallery-item'>\n\t\t\t<dt class='gallery-icon landscape'>\n\t\t\t\t<a data-elementor-open-lightbox=\"yes\" data-elementor-lightbox-slideshow=\"e91f54b\" data-elementor-lightbox-title=\"LaSalle\" data-e-action-hash=\"#elementor-action%3Aaction%3Dlightbox%26settings%3DeyJpZCI6MzM3LCJ1cmwiOiJodHRwczpcL1wvYXNzcGhpbGF0ZWxpcXVlbGlsbG9pc2UuZnJcL3dwLWNvbnRlbnRcL3VwbG9hZHNcLzIwMTlcLzAxXC9MYVNhbGxlLmpwZyIsInNsaWRlc2hvdyI6ImU5MWY1NGIifQ%3D%3D\" href='https:\/\/assphilateliquelilloise.fr\/wp-content\/uploads\/2019\/01\/LaSalle.jpg'><img loading=\"lazy\" decoding=\"async\" width=\"500\" height=\"332\" src=\"https:\/\/assphilateliquelilloise.fr\/wp-content\/uploads\/2019\/01\/LaSalle.jpg\" class=\"attachment-medium_large size-medium_large\" alt=\"\" srcset=\"https:\/\/assphilateliquelilloise.fr\/wp-content\/uploads\/2019\/01\/LaSalle.jpg 500w, https:\/\/assphilateliquelilloise.fr\/wp-content\/uploads\/2019\/01\/LaSalle-300x199.jpg 300w\" sizes=\"(max-width: 500px) 100vw, 500px\" \/><\/a>\n\t\t\t<\/dt><\/dl><br style=\"clear: both\" \/><dl class='gallery-item'>\n\t\t\t<dt class='gallery-icon landscape'>\n\t\t\t\t<a data-elementor-open-lightbox=\"yes\" data-elementor-lightbox-slideshow=\"e91f54b\" data-elementor-lightbox-title=\"Entree\" data-e-action-hash=\"#elementor-action%3Aaction%3Dlightbox%26settings%3DeyJpZCI6MzM2LCJ1cmwiOiJodHRwczpcL1wvYXNzcGhpbGF0ZWxpcXVlbGlsbG9pc2UuZnJcL3dwLWNvbnRlbnRcL3VwbG9hZHNcLzIwMTlcLzAxXC9FbnRyZWUuanBnIiwic2xpZGVzaG93IjoiZTkxZjU0YiJ9\" href='https:\/\/assphilateliquelilloise.fr\/wp-content\/uploads\/2019\/01\/Entree.jpg'><img loading=\"lazy\" decoding=\"async\" width=\"500\" height=\"332\" src=\"https:\/\/assphilateliquelilloise.fr\/wp-content\/uploads\/2019\/01\/Entree.jpg\" class=\"attachment-medium_large size-medium_large\" alt=\"\" srcset=\"https:\/\/assphilateliquelilloise.fr\/wp-content\/uploads\/2019\/01\/Entree.jpg 500w, https:\/\/assphilateliquelilloise.fr\/wp-content\/uploads\/2019\/01\/Entree-300x199.jpg 300w\" sizes=\"(max-width: 500px) 100vw, 500px\" \/><\/a>\n\t\t\t<\/dt><\/dl>\n\t\t\t<br style='clear: both' \/>\n\t\t<\/div>\n\t\t<\/div>\n\t\t\t\t\t\t<\/div>\n\t\t\t\t<\/div>\n\t\t\t\t\t<\/div>\n\t\t<\/div>\n\t\t\t\t\t<\/div>\n\t\t<\/section>\n\t\t\t\t<\/div>\n\t\t","protected":false},"excerpt":{"rendered":"","protected":false},"author":2,"featured_media":0,"parent":0,"menu_order":0,"comment_status":"closed","ping_status":"closed","template":"","meta":{"footnotes":""},"class_list":["post-172","page","type-page","status-publish","hentry"],"yoast_head":"<!-- This site is optimized with the Yoast SEO plugin v27.3 - https:\/\/yoast.com\/product\/yoast-seo-wordpress\/ -->\n<title>6\u00e8me Bourse Philat\u00e9lique du dimanche 22 mai 2016 - Association Philat\u00e9lique de Lille-Mons et Environs<\/title>\n<meta name=\"robots\" content=\"index, follow, max-snippet:-1, max-image-preview:large, max-video-preview:-1\" \/>\n<link rel=\"canonical\" href=\"https:\/\/assphilateliquelilloise.fr\/index.php\/6eme-bourse-philatelique-du-dimanche-22-mai-2016\/\" \/>\n<meta property=\"og:locale\" content=\"fr_FR\" \/>\n<meta property=\"og:type\" content=\"article\" \/>\n<meta property=\"og:title\" content=\"6\u00e8me Bourse Philat\u00e9lique du dimanche 22 mai 2016 - Association Philat\u00e9lique de Lille-Mons et Environs\" \/>\n<meta property=\"og:url\" content=\"https:\/\/assphilateliquelilloise.fr\/index.php\/6eme-bourse-philatelique-du-dimanche-22-mai-2016\/\" \/>\n<meta property=\"og:site_name\" content=\"Association Philat\u00e9lique de Lille-Mons et Environs\" \/>\n<meta property=\"article:modified_time\" content=\"2019-01-04T08:49:40+00:00\" \/>\n<meta property=\"og:image\" content=\"http:\/\/assphilateliquelilloise.fr\/wp-content\/uploads\/2019\/01\/2016-Flyers-par-4-couleur-768x545.jpg\" \/>\n<meta name=\"twitter:card\" content=\"summary_large_image\" \/>\n<script type=\"application\/ld+json\" class=\"yoast-schema-graph\">{\"@context\":\"https:\\\/\\\/schema.org\",\"@graph\":[{\"@type\":\"WebPage\",\"@id\":\"https:\\\/\\\/assphilateliquelilloise.fr\\\/index.php\\\/6eme-bourse-philatelique-du-dimanche-22-mai-2016\\\/\",\"url\":\"https:\\\/\\\/assphilateliquelilloise.fr\\\/index.php\\\/6eme-bourse-philatelique-du-dimanche-22-mai-2016\\\/\",\"name\":\"6\u00e8me Bourse Philat\u00e9lique du dimanche 22 mai 2016 - Association Philat\u00e9lique de Lille-Mons et Environs\",\"isPartOf\":{\"@id\":\"https:\\\/\\\/assphilateliquelilloise.fr\\\/#website\"},\"primaryImageOfPage\":{\"@id\":\"https:\\\/\\\/assphilateliquelilloise.fr\\\/index.php\\\/6eme-bourse-philatelique-du-dimanche-22-mai-2016\\\/#primaryimage\"},\"image\":{\"@id\":\"https:\\\/\\\/assphilateliquelilloise.fr\\\/index.php\\\/6eme-bourse-philatelique-du-dimanche-22-mai-2016\\\/#primaryimage\"},\"thumbnailUrl\":\"http:\\\/\\\/assphilateliquelilloise.fr\\\/wp-content\\\/uploads\\\/2019\\\/01\\\/2016-Flyers-par-4-couleur-768x545.jpg\",\"datePublished\":\"2018-11-16T08:21:45+00:00\",\"dateModified\":\"2019-01-04T08:49:40+00:00\",\"breadcrumb\":{\"@id\":\"https:\\\/\\\/assphilateliquelilloise.fr\\\/index.php\\\/6eme-bourse-philatelique-du-dimanche-22-mai-2016\\\/#breadcrumb\"},\"inLanguage\":\"fr-FR\",\"potentialAction\":[{\"@type\":\"ReadAction\",\"target\":[\"https:\\\/\\\/assphilateliquelilloise.fr\\\/index.php\\\/6eme-bourse-philatelique-du-dimanche-22-mai-2016\\\/\"]}]},{\"@type\":\"ImageObject\",\"inLanguage\":\"fr-FR\",\"@id\":\"https:\\\/\\\/assphilateliquelilloise.fr\\\/index.php\\\/6eme-bourse-philatelique-du-dimanche-22-mai-2016\\\/#primaryimage\",\"url\":\"http:\\\/\\\/assphilateliquelilloise.fr\\\/wp-content\\\/uploads\\\/2019\\\/01\\\/2016-Flyers-par-4-couleur-768x545.jpg\",\"contentUrl\":\"http:\\\/\\\/assphilateliquelilloise.fr\\\/wp-content\\\/uploads\\\/2019\\\/01\\\/2016-Flyers-par-4-couleur-768x545.jpg\"},{\"@type\":\"BreadcrumbList\",\"@id\":\"https:\\\/\\\/assphilateliquelilloise.fr\\\/index.php\\\/6eme-bourse-philatelique-du-dimanche-22-mai-2016\\\/#breadcrumb\",\"itemListElement\":[{\"@type\":\"ListItem\",\"position\":1,\"name\":\"Accueil\",\"item\":\"https:\\\/\\\/assphilateliquelilloise.fr\\\/\"},{\"@type\":\"ListItem\",\"position\":2,\"name\":\"6\u00e8me Bourse Philat\u00e9lique du dimanche 22 mai 2016\"}]},{\"@type\":\"WebSite\",\"@id\":\"https:\\\/\\\/assphilateliquelilloise.fr\\\/#website\",\"url\":\"https:\\\/\\\/assphilateliquelilloise.fr\\\/\",\"name\":\"Association Philat\u00e9lique de Lille-Mons et Environs\",\"description\":\"Site de l&#039;Association Philat\u00e9lique de Lille-Mons et Environs\",\"publisher\":{\"@id\":\"https:\\\/\\\/assphilateliquelilloise.fr\\\/#organization\"},\"potentialAction\":[{\"@type\":\"SearchAction\",\"target\":{\"@type\":\"EntryPoint\",\"urlTemplate\":\"https:\\\/\\\/assphilateliquelilloise.fr\\\/?s={search_term_string}\"},\"query-input\":{\"@type\":\"PropertyValueSpecification\",\"valueRequired\":true,\"valueName\":\"search_term_string\"}}],\"inLanguage\":\"fr-FR\"},{\"@type\":\"Organization\",\"@id\":\"https:\\\/\\\/assphilateliquelilloise.fr\\\/#organization\",\"name\":\"Association Philat\u00e9lique de Lille-Mons et Environs\",\"url\":\"https:\\\/\\\/assphilateliquelilloise.fr\\\/\",\"logo\":{\"@type\":\"ImageObject\",\"inLanguage\":\"fr-FR\",\"@id\":\"https:\\\/\\\/assphilateliquelilloise.fr\\\/#\\\/schema\\\/logo\\\/image\\\/\",\"url\":\"https:\\\/\\\/assphilateliquelilloise.fr\\\/wp-content\\\/uploads\\\/2024\\\/04\\\/Logo_APLME_Internet5.jpg\",\"contentUrl\":\"https:\\\/\\\/assphilateliquelilloise.fr\\\/wp-content\\\/uploads\\\/2024\\\/04\\\/Logo_APLME_Internet5.jpg\",\"width\":345,\"height\":162,\"caption\":\"Association Philat\u00e9lique de Lille-Mons et Environs\"},\"image\":{\"@id\":\"https:\\\/\\\/assphilateliquelilloise.fr\\\/#\\\/schema\\\/logo\\\/image\\\/\"}}]}<\/script>\n<!-- \/ Yoast SEO plugin. -->","yoast_head_json":{"title":"6\u00e8me Bourse Philat\u00e9lique du dimanche 22 mai 2016 - Association Philat\u00e9lique de Lille-Mons et Environs","robots":{"index":"index","follow":"follow","max-snippet":"max-snippet:-1","max-image-preview":"max-image-preview:large","max-video-preview":"max-video-preview:-1"},"canonical":"https:\/\/assphilateliquelilloise.fr\/index.php\/6eme-bourse-philatelique-du-dimanche-22-mai-2016\/","og_locale":"fr_FR","og_type":"article","og_title":"6\u00e8me Bourse Philat\u00e9lique du dimanche 22 mai 2016 - Association Philat\u00e9lique de Lille-Mons et Environs","og_url":"https:\/\/assphilateliquelilloise.fr\/index.php\/6eme-bourse-philatelique-du-dimanche-22-mai-2016\/","og_site_name":"Association Philat\u00e9lique de Lille-Mons et Environs","article_modified_time":"2019-01-04T08:49:40+00:00","og_image":[{"url":"http:\/\/assphilateliquelilloise.fr\/wp-content\/uploads\/2019\/01\/2016-Flyers-par-4-couleur-768x545.jpg","type":"","width":"","height":""}],"twitter_card":"summary_large_image","schema":{"@context":"https:\/\/schema.org","@graph":[{"@type":"WebPage","@id":"https:\/\/assphilateliquelilloise.fr\/index.php\/6eme-bourse-philatelique-du-dimanche-22-mai-2016\/","url":"https:\/\/assphilateliquelilloise.fr\/index.php\/6eme-bourse-philatelique-du-dimanche-22-mai-2016\/","name":"6\u00e8me Bourse Philat\u00e9lique du dimanche 22 mai 2016 - Association Philat\u00e9lique de Lille-Mons et Environs","isPartOf":{"@id":"https:\/\/assphilateliquelilloise.fr\/#website"},"primaryImageOfPage":{"@id":"https:\/\/assphilateliquelilloise.fr\/index.php\/6eme-bourse-philatelique-du-dimanche-22-mai-2016\/#primaryimage"},"image":{"@id":"https:\/\/assphilateliquelilloise.fr\/index.php\/6eme-bourse-philatelique-du-dimanche-22-mai-2016\/#primaryimage"},"thumbnailUrl":"http:\/\/assphilateliquelilloise.fr\/wp-content\/uploads\/2019\/01\/2016-Flyers-par-4-couleur-768x545.jpg","datePublished":"2018-11-16T08:21:45+00:00","dateModified":"2019-01-04T08:49:40+00:00","breadcrumb":{"@id":"https:\/\/assphilateliquelilloise.fr\/index.php\/6eme-bourse-philatelique-du-dimanche-22-mai-2016\/#breadcrumb"},"inLanguage":"fr-FR","potentialAction":[{"@type":"ReadAction","target":["https:\/\/assphilateliquelilloise.fr\/index.php\/6eme-bourse-philatelique-du-dimanche-22-mai-2016\/"]}]},{"@type":"ImageObject","inLanguage":"fr-FR","@id":"https:\/\/assphilateliquelilloise.fr\/index.php\/6eme-bourse-philatelique-du-dimanche-22-mai-2016\/#primaryimage","url":"http:\/\/assphilateliquelilloise.fr\/wp-content\/uploads\/2019\/01\/2016-Flyers-par-4-couleur-768x545.jpg","contentUrl":"http:\/\/assphilateliquelilloise.fr\/wp-content\/uploads\/2019\/01\/2016-Flyers-par-4-couleur-768x545.jpg"},{"@type":"BreadcrumbList","@id":"https:\/\/assphilateliquelilloise.fr\/index.php\/6eme-bourse-philatelique-du-dimanche-22-mai-2016\/#breadcrumb","itemListElement":[{"@type":"ListItem","position":1,"name":"Accueil","item":"https:\/\/assphilateliquelilloise.fr\/"},{"@type":"ListItem","position":2,"name":"6\u00e8me Bourse Philat\u00e9lique du dimanche 22 mai 2016"}]},{"@type":"WebSite","@id":"https:\/\/assphilateliquelilloise.fr\/#website","url":"https:\/\/assphilateliquelilloise.fr\/","name":"Association Philat\u00e9lique de Lille-Mons et Environs","description":"Site de l&#039;Association Philat\u00e9lique de Lille-Mons et Environs","publisher":{"@id":"https:\/\/assphilateliquelilloise.fr\/#organization"},"potentialAction":[{"@type":"SearchAction","target":{"@type":"EntryPoint","urlTemplate":"https:\/\/assphilateliquelilloise.fr\/?s={search_term_string}"},"query-input":{"@type":"PropertyValueSpecification","valueRequired":true,"valueName":"search_term_string"}}],"inLanguage":"fr-FR"},{"@type":"Organization","@id":"https:\/\/assphilateliquelilloise.fr\/#organization","name":"Association Philat\u00e9lique de Lille-Mons et Environs","url":"https:\/\/assphilateliquelilloise.fr\/","logo":{"@type":"ImageObject","inLanguage":"fr-FR","@id":"https:\/\/assphilateliquelilloise.fr\/#\/schema\/logo\/image\/","url":"https:\/\/assphilateliquelilloise.fr\/wp-content\/uploads\/2024\/04\/Logo_APLME_Internet5.jpg","contentUrl":"https:\/\/assphilateliquelilloise.fr\/wp-content\/uploads\/2024\/04\/Logo_APLME_Internet5.jpg","width":345,"height":162,"caption":"Association Philat\u00e9lique de Lille-Mons et Environs"},"image":{"@id":"https:\/\/assphilateliquelilloise.fr\/#\/schema\/logo\/image\/"}}]}},"jetpack_sharing_enabled":true,"_links":{"self":[{"href":"https:\/\/assphilateliquelilloise.fr\/index.php\/wp-json\/wp\/v2\/pages\/172","targetHints":{"allow":["GET"]}}],"collection":[{"href":"https:\/\/assphilateliquelilloise.fr\/index.php\/wp-json\/wp\/v2\/pages"}],"about":[{"href":"https:\/\/assphilateliquelilloise.fr\/index.php\/wp-json\/wp\/v2\/types\/page"}],"author":[{"embeddable":true,"href":"https:\/\/assphilateliquelilloise.fr\/index.php\/wp-json\/wp\/v2\/users\/2"}],"replies":[{"embeddable":true,"href":"https:\/\/assphilateliquelilloise.fr\/index.php\/wp-json\/wp\/v2\/comments?post=172"}],"version-history":[{"count":2,"href":"https:\/\/assphilateliquelilloise.fr\/index.php\/wp-json\/wp\/v2\/pages\/172\/revisions"}],"predecessor-version":[{"id":342,"href":"https:\/\/assphilateliquelilloise.fr\/index.php\/wp-json\/wp\/v2\/pages\/172\/revisions\/342"}],"wp:attachment":[{"href":"https:\/\/assphilateliquelilloise.fr\/index.php\/wp-json\/wp\/v2\/media?parent=172"}],"curies":[{"name":"wp","href":"https:\/\/api.w.org\/{rel}","templated":true}]}}