{"id":272,"date":"2018-12-06T17:26:29","date_gmt":"2018-12-06T16:26:29","guid":{"rendered":"http:\/\/assphilateliquelilloise.fr\/?page_id=272"},"modified":"2024-03-18T17:57:20","modified_gmt":"2024-03-18T16:57:20","slug":"adhesion","status":"publish","type":"page","link":"https:\/\/assphilateliquelilloise.fr\/index.php\/adhesion\/","title":{"rendered":"Adh\u00e9sion"},"content":{"rendered":"\t\t<div data-elementor-type=\"wp-post\" data-elementor-id=\"272\" class=\"elementor elementor-272\">\n\t\t\t\t\t\t<section class=\"elementor-section elementor-top-section elementor-element elementor-element-77856df elementor-section-boxed elementor-section-height-default elementor-section-height-default\" data-id=\"77856df\" data-element_type=\"section\" data-e-type=\"section\">\n\t\t\t\t\t\t<div class=\"elementor-container elementor-column-gap-default\">\n\t\t\t\t\t<div class=\"elementor-column elementor-col-100 elementor-top-column elementor-element elementor-element-8397fa0\" data-id=\"8397fa0\" data-element_type=\"column\" data-e-type=\"column\">\n\t\t\t<div class=\"elementor-widget-wrap elementor-element-populated\">\n\t\t\t\t\t\t<div class=\"elementor-element elementor-element-85ed74d elementor-widget elementor-widget-heading\" data-id=\"85ed74d\" data-element_type=\"widget\" data-e-type=\"widget\" data-widget_type=\"heading.default\">\n\t\t\t\t<div class=\"elementor-widget-container\">\n\t\t\t\t\t<h2 class=\"elementor-heading-title elementor-size-default\"><span style=\"color:red\">A<\/span>dh\u00e9sion<\/h2>\t\t\t\t<\/div>\n\t\t\t\t<\/div>\n\t\t\t\t<div class=\"elementor-element elementor-element-4fd4df6 elementor-widget-divider--view-line elementor-widget elementor-widget-divider\" data-id=\"4fd4df6\" data-element_type=\"widget\" data-e-type=\"widget\" data-widget_type=\"divider.default\">\n\t\t\t\t<div class=\"elementor-widget-container\">\n\t\t\t\t\t\t\t<div class=\"elementor-divider\">\n\t\t\t<span class=\"elementor-divider-separator\">\n\t\t\t\t\t\t<\/span>\n\t\t<\/div>\n\t\t\t\t\t\t<\/div>\n\t\t\t\t<\/div>\n\t\t\t\t<div class=\"elementor-element elementor-element-0a44ca0 elementor-drop-cap-yes elementor-drop-cap-view-default elementor-widget elementor-widget-text-editor\" data-id=\"0a44ca0\" data-element_type=\"widget\" data-e-type=\"widget\" data-settings=\"{&quot;drop_cap&quot;:&quot;yes&quot;}\" data-widget_type=\"text-editor.default\">\n\t\t\t\t<div class=\"elementor-widget-container\">\n\t\t\t\t\t\t\t\t\t<h2 style=\"text-align: center;\"><span style=\"color: #ff0000;\"><b><strong>https:\/\/assphilateliquelilloise.fr<\/strong><\/b><\/span><\/h2><p style=\"text-align: center;\"><span style=\"color: #000000;\">\u2013 Cotisation Annuelle\u00a0 *: 26\u20ac\u00a0 comprenant l\u2019envoi de NORTIMBROPHIL journal de l\u2019association<\/span><\/p><p style=\"text-align: center;\"><span style=\"color: #000000;\">(Les adh\u00e9rents \u00e0 la section jeunes \u00e2g\u00e9s de moins de 18 ans paient demi-tarif).<\/span><\/p><p style=\"text-align: center;\"><span style=\"color: #000000;\">* l\u2019ann\u00e9e philat\u00e9lique pour notre association d\u00e9bute le <u>1er janvier<\/u> jusqu\u2019au 31 d\u00e9cembre<\/span><\/p><p style=\"text-align: center;\"><span style=\"color: #000000;\">\u00a0<b><strong>T\u00e9l\u00e9charger\u00a0 \u00a0:\u00a0 <a href=\"https:\/\/assphilateliquelilloise.fr\/wp-content\/uploads\/2019\/06\/bulletin-dadh\u00e9sion-nouveau.pdf\" target=\"_blank\" rel=\"noopener\">Le\u00a0Bulletin\u00a0d\u2019Adh\u00e9sion<\/a><\/strong><\/b><b style=\"color: #000000;\"><strong>,\u00a0<a href=\"http:\/\/assphilateliquelilloise.fr\/wp-content\/uploads\/2019\/05\/STATUTS-1.pdf\" target=\"_blank\" rel=\"noopener\">les statuts<\/a>, <a href=\"http:\/\/assphilateliquelilloise.fr\/wp-content\/uploads\/2019\/09\/r\u00e9glement-int\u00e9rieur-au-07-06-2019.pdf\" target=\"_blank\" rel=\"noopener\">Le r\u00e9glement int\u00e9rieur<\/a>\u00a0<\/strong><\/b><span style=\"color: #000000;\">(mis \u00e0 jour le 07\/06\/2019)<\/span><\/span><\/p>\t\t\t\t\t\t\t\t<\/div>\n\t\t\t\t<\/div>\n\t\t\t\t<div class=\"elementor-element elementor-element-d74a854 elementor-widget elementor-widget-spacer\" data-id=\"d74a854\" data-element_type=\"widget\" data-e-type=\"widget\" data-widget_type=\"spacer.default\">\n\t\t\t\t<div class=\"elementor-widget-container\">\n\t\t\t\t\t\t\t<div class=\"elementor-spacer\">\n\t\t\t<div class=\"elementor-spacer-inner\"><\/div>\n\t\t<\/div>\n\t\t\t\t\t\t<\/div>\n\t\t\t\t<\/div>\n\t\t\t\t<div class=\"elementor-element elementor-element-fe9b717 elementor-widget elementor-widget-image\" data-id=\"fe9b717\" data-element_type=\"widget\" data-e-type=\"widget\" data-widget_type=\"image.default\">\n\t\t\t\t<div class=\"elementor-widget-container\">\n\t\t\t\t\t\t\t\t\t\t\t\t\t\t\t<img decoding=\"async\" src=\"http:\/\/assphilateliquelilloise.fr\/wp-content\/uploads\/2021\/01\/RIB-Credit-Mutuel.jpg\" title=\"\" alt=\"\" loading=\"lazy\" \/>\t\t\t\t\t\t\t\t\t\t\t\t\t\t\t<\/div>\n\t\t\t\t<\/div>\n\t\t\t\t<div class=\"elementor-element elementor-element-04aa8b4 elementor-widget-divider--view-line elementor-widget elementor-widget-divider\" data-id=\"04aa8b4\" data-element_type=\"widget\" data-e-type=\"widget\" data-widget_type=\"divider.default\">\n\t\t\t\t<div class=\"elementor-widget-container\">\n\t\t\t\t\t\t\t<div class=\"elementor-divider\">\n\t\t\t<span class=\"elementor-divider-separator\">\n\t\t\t\t\t\t<\/span>\n\t\t<\/div>\n\t\t\t\t\t\t<\/div>\n\t\t\t\t<\/div>\n\t\t\t\t<div class=\"elementor-element elementor-element-3cf4316 elementor-widget elementor-widget-text-editor\" data-id=\"3cf4316\" data-element_type=\"widget\" data-e-type=\"widget\" data-widget_type=\"text-editor.default\">\n\t\t\t\t<div class=\"elementor-widget-container\">\n\t\t\t\t\t\t\t\t\t<h2 style=\"text-align: center;\"><span style=\"color: #ff0000;\"><strong>Adh\u00e9rer \u00e0 notre association vous permettra de :<\/strong><\/span><\/h2><table class=\" aligncenter\" style=\"width: 1120px;\" width=\"900\"><tbody><tr><td width=\"450\"><span style=\"color: #000000;\">Participer au Tirage d\u2019une Tombola \u00e0 chaque r\u00e9union et aux deux tombolas richement dot\u00e9es qui r\u00e9compensent la fid\u00e9lit\u00e9 aux r\u00e9unions du samedi, et la pr\u00e9sence \u00e0 l\u2019assembl\u00e9e g\u00e9n\u00e9rale annuelle<\/span><\/td><td><span style=\"color: #000000;\">Assister \u00e0 de nombreuses causeries avec projections vid\u00e9o.<\/span><\/td><\/tr><tr><td width=\"450\">\u00a0 \u00a0 \u00a0 \u00a0 \u00a0 \u00a0 \u00a0 \u00a0 \u00a0 \u00a0 \u00a0 \u00a0 \u00a0 \u00a0 \u00a0 \u00a0 \u00a0 \u00a0 \u00a0 \u00a0 \u00a0 \u00a0 \u00a0 \u00a0 \u00a0 \u00a0 \u00a0 \u00a0 \u00a0 \u00a0 \u00a0 \u00a0 \u00a0 \u00a0 \u00a0 \u00a0 \u00a0 \u00a0 \u00a0 \u00a0 \u00a0 \u00a0 \u00a0 \u00a0 \u00a0 \u00a0 \u00a0 \u00a0 \u00a0 \u00a0 \u00a0 \u00a0 \u00a0 \u00a0 \u00a0 \u00a0 \u00a0 \u00a0 \u00a0 \u00a0 \u00a0 \u00a0 \u00a0 \u00a0 \u00a0 \u00a0 \u00a0 \u00a0 \u00a0 \u00a0 \u00a0 \u00a0 \u00a0 \u00a0 \u00a0 \u00a0 \u00a0 \u00a0 \u00a0 \u00a0 \u00a0 \u00a0 \u00a0 \u00a0 \u00a0 \u00a0 \u00a0 \u00a0 \u00a0 \u00a0 \u00a0 \u00a0 \u00a0 \u00a0 \u00a0 \u00a0 \u00a0 \u00a0 \u00a0 \u00a0 \u00a0 \u00a0 \u00a0 \u00a0 \u00a0 \u00a0 \u00a0 \u00a0 \u00a0 \u00a0 \u00a0 \u00a0 \u00a0 \u00a0 \u00a0 \u00a0 \u00a0 \u00a0 \u00a0 \u00a0 \u00a0 \u00a0 \u00a0 \u00a0 \u00a0 \u00a0 \u00a0 \u00a0 \u00a0 \u00a0 \u00a0 \u00a0 \u00a0 \u00a0 \u00a0 \u00a0 \u00a0 \u00a0 \u00a0 \u00a0 \u00a0 \u00a0 \u00a0 \u00a0 \u00a0 \u00a0 \u00a0 \u00a0 \u00a0 \u00a0 \u00a0 \u00a0 \u00a0 \u00a0 \u00a0 \u00a0 \u00a0 \u00a0 \u00a0 \u00a0 \u00a0 \u00a0\u00a0<\/td><td><span style=\"color: #000000;\">vous pouvez passer commande de vos\u00a0<a style=\"color: #000000;\" href=\"http:\/\/assphilateliquelilloise.wifeo.com\/fonctionnement.php\"><u>fournitures philat\u00e9liques<\/u><\/a>\u00a0afin de b\u00e9n\u00e9ficier de la r\u00e9duction club.<\/span><\/td><\/tr><tr><td width=\"450\"><span style=\"color: #000000;\"><u>Service Nouveaut\u00e9s<\/u>\u00a0: souscrire un abonnement aux\u00a0<a style=\"color: #000000;\" href=\"http:\/\/assphilateliquelilloise.wifeo.com\/fonctionnement.php\"><u>nouvelles \u00e9missions<\/u><\/a>\u00a0philat\u00e9liques : Andorre, Monaco, Nations Unies, TAAF, DOM TOM et r\u00e9pondre \u00e0 vos demandes particuli\u00e8res<\/span><br \/><span style=\"color: #000000;\">ainsi que les Timbres PRO, les Souvenirs Philat\u00e9liques \u00e9mis pour la\u00a0 France<\/span><\/td><td><span style=\"color: #000000;\">S\u2019inscrire au service interne des\u00a0<a style=\"color: #000000;\" href=\"http:\/\/assphilateliquelilloise.wifeo.com\/fonctionnement.php\"><u>circulations<\/u><\/a>\u00a0: plus de 700 carnets de timbres \u00e9mis par\/pour les membres de l\u2019association<\/span><\/td><\/tr><tr><td width=\"450\"><span style=\"color: #000000;\">Consulter les ouvrages de\u00a0la\u00a0\u00a0<a style=\"color: #000000;\" href=\"http:\/\/assphilateliquelilloise.wifeo.com\/fonctionnement.php\"><u>Biblioth\u00e8que<\/u><\/a>\u00a0philat\u00e9lique gratuite\u00a0: Echanges, conseils\u2026<\/span><\/td><td><span style=\"color: #000000;\">Recevoir\u00a0NORTIMBROPHIL\u00a0<u>notre revue\u00a0 d\u2019information<\/u>,\u00a0sur la vie du club, participer \u00e0 sa r\u00e9daction en proposant un article, des nouvelles rubriques, etc&#8230;<\/span><\/td><\/tr><tr><td width=\"450\"><span style=\"color: #000000;\">Aider\u00a0<a style=\"color: #000000;\" href=\"http:\/\/assphilateliquelilloise.wifeo.com\/fonctionnement.php\"><u>la section \u00ab\u00a0Jeunes\u00a0\u00bb<\/u><\/a>\u00a0en participant aux travaux du groupe, ateliers, en \u00e9changeant vos connaissances<\/span><\/td><td><span style=\"color: #000000;\">Participer aux Num\u00e9ros Sp\u00e9ciaux de notre revue NORTIMBROPHIL par la r\u00e9daction d\u2019articles sur un th\u00e8me d\u00e9fini pour chaque num\u00e9ro. Le num\u00e9ro 1 est sorti en janvier 2012, le num\u00e9ro 2 en mai 2013,\u00a0 le num\u00e9ro 3 en mai 2014 et le num\u00e9ro 4 en mars 17<\/span><\/td><\/tr><tr><td width=\"450\"><span style=\"color: #000000;\">Pr\u00e9senter, par l\u2019interm\u00e9diaire de l\u2019APL, vos collections et concourir dans les manifestations r\u00e9gionales ou nationales en fonction de leur degr\u00e9 de qualit\u00e9 reconnu par les diff\u00e9rents jurys.<\/span><\/td><td><span style=\"color: #000000;\">Participer \u00e0 l\u2019organisation de manifestations comme\u00a0: tous les ans depuis 1938\u00a0:\u00a0la F\u00eate\u00a0du Timbre, des \u00e9missions 1<sup>er<\/sup>jour\u00a0: en 2010\u00a0\u00ab La Piscine de Roubaix\u00bb,\u00a0en 2009 \u00ab\u00a0Ma France comme j\u2019aime\u00a0\u00bb, en 2008\u00a0: \u00ab\u00a0la Biblioth\u00e8quesonore\u00a0\u00bb, en 2005\u00a0: \u00ab\u00a0Le Petit Quinquin\u00a0\u00bb, en 2004\u00a0: \u00ab\u00a0la Maison\u00a0Folie\u00a0de Wazemmes\u00a0\u00bb \u2026<\/span><\/td><\/tr><tr><td width=\"450\"><span style=\"color: #000000;\">Participation \u00e0 des voyages : expositions philat\u00e9liques (Salon, Paris juin 2010\u00a0\u2013 2012 \u2013 2014) ou \u00e0 des visites (exposition Rubens dans le cadre de Lille 2004, F\u00e9vrier 2006 : Bergues \u2013 exposition philat\u00e9lique et visite guid\u00e9e de la ville)<\/span><\/td><td><span style=\"color: #000000;\">Et surtout de nouer des contacts, \u00e9changer vos connaissances entre adh\u00e9rents, apprendre, \u00eatre inform\u00e9 des actualit\u00e9s philat\u00e9liques \u2026<\/span><\/td><\/tr><\/tbody><\/table>\t\t\t\t\t\t\t\t<\/div>\n\t\t\t\t<\/div>\n\t\t\t\t\t<\/div>\n\t\t<\/div>\n\t\t\t\t\t<\/div>\n\t\t<\/section>\n\t\t\t\t<\/div>\n\t\t","protected":false},"excerpt":{"rendered":"<p>Adh\u00e9sion https:\/\/assphilateliquelilloise.fr \u2013 Cotisation Annuelle\u00a0 *: 26\u20ac\u00a0 comprenant l\u2019envoi de NORTIMBROPHIL journal de l\u2019association (Les adh\u00e9rents \u00e0 la section jeunes \u00e2g\u00e9s de moins de 18 ans paient demi-tarif). * l\u2019ann\u00e9e philat\u00e9lique pour notre association d\u00e9bute le 1er janvier jusqu\u2019au 31 d\u00e9cembre \u00a0T\u00e9l\u00e9charger\u00a0 \u00a0:\u00a0 Le\u00a0Bulletin\u00a0d\u2019Adh\u00e9sion,\u00a0les statuts, Le r\u00e9glement int\u00e9rieur\u00a0(mis \u00e0 jour le 07\/06\/2019) Adh\u00e9rer \u00e0 notre&hellip; <br \/> <a class=\"read-more\" href=\"https:\/\/assphilateliquelilloise.fr\/index.php\/adhesion\/\">Lire la suite<\/a><\/p>\n","protected":false},"author":2,"featured_media":0,"parent":0,"menu_order":0,"comment_status":"closed","ping_status":"closed","template":"","meta":{"footnotes":""},"class_list":["post-272","page","type-page","status-publish","hentry"],"yoast_head":"<!-- This site is optimized with the Yoast SEO plugin v27.3 - https:\/\/yoast.com\/product\/yoast-seo-wordpress\/ -->\n<title>Adh\u00e9sion - Association Philat\u00e9lique de Lille-Mons et Environs<\/title>\n<meta name=\"robots\" content=\"index, follow, max-snippet:-1, max-image-preview:large, max-video-preview:-1\" \/>\n<link rel=\"canonical\" href=\"https:\/\/assphilateliquelilloise.fr\/index.php\/adhesion\/\" \/>\n<meta property=\"og:locale\" content=\"fr_FR\" \/>\n<meta property=\"og:type\" content=\"article\" \/>\n<meta property=\"og:title\" content=\"Adh\u00e9sion - Association Philat\u00e9lique de Lille-Mons et Environs\" \/>\n<meta property=\"og:description\" content=\"Adh\u00e9sion https:\/\/assphilateliquelilloise.fr \u2013 Cotisation Annuelle\u00a0 *: 26\u20ac\u00a0 comprenant l\u2019envoi de NORTIMBROPHIL journal de l\u2019association (Les adh\u00e9rents \u00e0 la section jeunes \u00e2g\u00e9s de moins de 18 ans paient demi-tarif). * l\u2019ann\u00e9e philat\u00e9lique pour notre association d\u00e9bute le 1er janvier jusqu\u2019au 31 d\u00e9cembre \u00a0T\u00e9l\u00e9charger\u00a0 \u00a0:\u00a0 Le\u00a0Bulletin\u00a0d\u2019Adh\u00e9sion,\u00a0les statuts, Le r\u00e9glement int\u00e9rieur\u00a0(mis \u00e0 jour le 07\/06\/2019) Adh\u00e9rer \u00e0 notre&hellip; Lire la suite\" \/>\n<meta property=\"og:url\" content=\"https:\/\/assphilateliquelilloise.fr\/index.php\/adhesion\/\" \/>\n<meta property=\"og:site_name\" content=\"Association Philat\u00e9lique de Lille-Mons et Environs\" \/>\n<meta property=\"article:modified_time\" content=\"2024-03-18T16:57:20+00:00\" \/>\n<meta property=\"og:image\" content=\"http:\/\/assphilateliquelilloise.fr\/wp-content\/uploads\/2021\/01\/RIB-Credit-Mutuel.jpg\" \/>\n<meta name=\"twitter:card\" content=\"summary_large_image\" \/>\n<meta name=\"twitter:label1\" content=\"Dur\u00e9e de lecture estim\u00e9e\" \/>\n\t<meta name=\"twitter:data1\" content=\"3 minutes\" \/>\n<script type=\"application\/ld+json\" class=\"yoast-schema-graph\">{\"@context\":\"https:\\\/\\\/schema.org\",\"@graph\":[{\"@type\":\"WebPage\",\"@id\":\"https:\\\/\\\/assphilateliquelilloise.fr\\\/index.php\\\/adhesion\\\/\",\"url\":\"https:\\\/\\\/assphilateliquelilloise.fr\\\/index.php\\\/adhesion\\\/\",\"name\":\"Adh\u00e9sion - Association Philat\u00e9lique de Lille-Mons et Environs\",\"isPartOf\":{\"@id\":\"https:\\\/\\\/assphilateliquelilloise.fr\\\/#website\"},\"primaryImageOfPage\":{\"@id\":\"https:\\\/\\\/assphilateliquelilloise.fr\\\/index.php\\\/adhesion\\\/#primaryimage\"},\"image\":{\"@id\":\"https:\\\/\\\/assphilateliquelilloise.fr\\\/index.php\\\/adhesion\\\/#primaryimage\"},\"thumbnailUrl\":\"http:\\\/\\\/assphilateliquelilloise.fr\\\/wp-content\\\/uploads\\\/2021\\\/01\\\/RIB-Credit-Mutuel.jpg\",\"datePublished\":\"2018-12-06T16:26:29+00:00\",\"dateModified\":\"2024-03-18T16:57:20+00:00\",\"breadcrumb\":{\"@id\":\"https:\\\/\\\/assphilateliquelilloise.fr\\\/index.php\\\/adhesion\\\/#breadcrumb\"},\"inLanguage\":\"fr-FR\",\"potentialAction\":[{\"@type\":\"ReadAction\",\"target\":[\"https:\\\/\\\/assphilateliquelilloise.fr\\\/index.php\\\/adhesion\\\/\"]}]},{\"@type\":\"ImageObject\",\"inLanguage\":\"fr-FR\",\"@id\":\"https:\\\/\\\/assphilateliquelilloise.fr\\\/index.php\\\/adhesion\\\/#primaryimage\",\"url\":\"http:\\\/\\\/assphilateliquelilloise.fr\\\/wp-content\\\/uploads\\\/2021\\\/01\\\/RIB-Credit-Mutuel.jpg\",\"contentUrl\":\"http:\\\/\\\/assphilateliquelilloise.fr\\\/wp-content\\\/uploads\\\/2021\\\/01\\\/RIB-Credit-Mutuel.jpg\"},{\"@type\":\"BreadcrumbList\",\"@id\":\"https:\\\/\\\/assphilateliquelilloise.fr\\\/index.php\\\/adhesion\\\/#breadcrumb\",\"itemListElement\":[{\"@type\":\"ListItem\",\"position\":1,\"name\":\"Accueil\",\"item\":\"https:\\\/\\\/assphilateliquelilloise.fr\\\/\"},{\"@type\":\"ListItem\",\"position\":2,\"name\":\"Adh\u00e9sion\"}]},{\"@type\":\"WebSite\",\"@id\":\"https:\\\/\\\/assphilateliquelilloise.fr\\\/#website\",\"url\":\"https:\\\/\\\/assphilateliquelilloise.fr\\\/\",\"name\":\"Association Philat\u00e9lique de Lille-Mons et Environs\",\"description\":\"Site de l&#039;Association Philat\u00e9lique de Lille-Mons et Environs\",\"publisher\":{\"@id\":\"https:\\\/\\\/assphilateliquelilloise.fr\\\/#organization\"},\"potentialAction\":[{\"@type\":\"SearchAction\",\"target\":{\"@type\":\"EntryPoint\",\"urlTemplate\":\"https:\\\/\\\/assphilateliquelilloise.fr\\\/?s={search_term_string}\"},\"query-input\":{\"@type\":\"PropertyValueSpecification\",\"valueRequired\":true,\"valueName\":\"search_term_string\"}}],\"inLanguage\":\"fr-FR\"},{\"@type\":\"Organization\",\"@id\":\"https:\\\/\\\/assphilateliquelilloise.fr\\\/#organization\",\"name\":\"Association Philat\u00e9lique de Lille-Mons et Environs\",\"url\":\"https:\\\/\\\/assphilateliquelilloise.fr\\\/\",\"logo\":{\"@type\":\"ImageObject\",\"inLanguage\":\"fr-FR\",\"@id\":\"https:\\\/\\\/assphilateliquelilloise.fr\\\/#\\\/schema\\\/logo\\\/image\\\/\",\"url\":\"https:\\\/\\\/assphilateliquelilloise.fr\\\/wp-content\\\/uploads\\\/2024\\\/04\\\/Logo_APLME_Internet5.jpg\",\"contentUrl\":\"https:\\\/\\\/assphilateliquelilloise.fr\\\/wp-content\\\/uploads\\\/2024\\\/04\\\/Logo_APLME_Internet5.jpg\",\"width\":345,\"height\":162,\"caption\":\"Association Philat\u00e9lique de Lille-Mons et Environs\"},\"image\":{\"@id\":\"https:\\\/\\\/assphilateliquelilloise.fr\\\/#\\\/schema\\\/logo\\\/image\\\/\"}}]}<\/script>\n<!-- \/ Yoast SEO plugin. -->","yoast_head_json":{"title":"Adh\u00e9sion - Association Philat\u00e9lique de Lille-Mons et Environs","robots":{"index":"index","follow":"follow","max-snippet":"max-snippet:-1","max-image-preview":"max-image-preview:large","max-video-preview":"max-video-preview:-1"},"canonical":"https:\/\/assphilateliquelilloise.fr\/index.php\/adhesion\/","og_locale":"fr_FR","og_type":"article","og_title":"Adh\u00e9sion - Association Philat\u00e9lique de Lille-Mons et Environs","og_description":"Adh\u00e9sion https:\/\/assphilateliquelilloise.fr \u2013 Cotisation Annuelle\u00a0 *: 26\u20ac\u00a0 comprenant l\u2019envoi de NORTIMBROPHIL journal de l\u2019association (Les adh\u00e9rents \u00e0 la section jeunes \u00e2g\u00e9s de moins de 18 ans paient demi-tarif). * l\u2019ann\u00e9e philat\u00e9lique pour notre association d\u00e9bute le 1er janvier jusqu\u2019au 31 d\u00e9cembre \u00a0T\u00e9l\u00e9charger\u00a0 \u00a0:\u00a0 Le\u00a0Bulletin\u00a0d\u2019Adh\u00e9sion,\u00a0les statuts, Le r\u00e9glement int\u00e9rieur\u00a0(mis \u00e0 jour le 07\/06\/2019) Adh\u00e9rer \u00e0 notre&hellip; Lire la suite","og_url":"https:\/\/assphilateliquelilloise.fr\/index.php\/adhesion\/","og_site_name":"Association Philat\u00e9lique de Lille-Mons et Environs","article_modified_time":"2024-03-18T16:57:20+00:00","og_image":[{"url":"http:\/\/assphilateliquelilloise.fr\/wp-content\/uploads\/2021\/01\/RIB-Credit-Mutuel.jpg","type":"","width":"","height":""}],"twitter_card":"summary_large_image","twitter_misc":{"Dur\u00e9e de lecture estim\u00e9e":"3 minutes"},"schema":{"@context":"https:\/\/schema.org","@graph":[{"@type":"WebPage","@id":"https:\/\/assphilateliquelilloise.fr\/index.php\/adhesion\/","url":"https:\/\/assphilateliquelilloise.fr\/index.php\/adhesion\/","name":"Adh\u00e9sion - Association Philat\u00e9lique de Lille-Mons et Environs","isPartOf":{"@id":"https:\/\/assphilateliquelilloise.fr\/#website"},"primaryImageOfPage":{"@id":"https:\/\/assphilateliquelilloise.fr\/index.php\/adhesion\/#primaryimage"},"image":{"@id":"https:\/\/assphilateliquelilloise.fr\/index.php\/adhesion\/#primaryimage"},"thumbnailUrl":"http:\/\/assphilateliquelilloise.fr\/wp-content\/uploads\/2021\/01\/RIB-Credit-Mutuel.jpg","datePublished":"2018-12-06T16:26:29+00:00","dateModified":"2024-03-18T16:57:20+00:00","breadcrumb":{"@id":"https:\/\/assphilateliquelilloise.fr\/index.php\/adhesion\/#breadcrumb"},"inLanguage":"fr-FR","potentialAction":[{"@type":"ReadAction","target":["https:\/\/assphilateliquelilloise.fr\/index.php\/adhesion\/"]}]},{"@type":"ImageObject","inLanguage":"fr-FR","@id":"https:\/\/assphilateliquelilloise.fr\/index.php\/adhesion\/#primaryimage","url":"http:\/\/assphilateliquelilloise.fr\/wp-content\/uploads\/2021\/01\/RIB-Credit-Mutuel.jpg","contentUrl":"http:\/\/assphilateliquelilloise.fr\/wp-content\/uploads\/2021\/01\/RIB-Credit-Mutuel.jpg"},{"@type":"BreadcrumbList","@id":"https:\/\/assphilateliquelilloise.fr\/index.php\/adhesion\/#breadcrumb","itemListElement":[{"@type":"ListItem","position":1,"name":"Accueil","item":"https:\/\/assphilateliquelilloise.fr\/"},{"@type":"ListItem","position":2,"name":"Adh\u00e9sion"}]},{"@type":"WebSite","@id":"https:\/\/assphilateliquelilloise.fr\/#website","url":"https:\/\/assphilateliquelilloise.fr\/","name":"Association Philat\u00e9lique de Lille-Mons et Environs","description":"Site de l&#039;Association Philat\u00e9lique de Lille-Mons et Environs","publisher":{"@id":"https:\/\/assphilateliquelilloise.fr\/#organization"},"potentialAction":[{"@type":"SearchAction","target":{"@type":"EntryPoint","urlTemplate":"https:\/\/assphilateliquelilloise.fr\/?s={search_term_string}"},"query-input":{"@type":"PropertyValueSpecification","valueRequired":true,"valueName":"search_term_string"}}],"inLanguage":"fr-FR"},{"@type":"Organization","@id":"https:\/\/assphilateliquelilloise.fr\/#organization","name":"Association Philat\u00e9lique de Lille-Mons et Environs","url":"https:\/\/assphilateliquelilloise.fr\/","logo":{"@type":"ImageObject","inLanguage":"fr-FR","@id":"https:\/\/assphilateliquelilloise.fr\/#\/schema\/logo\/image\/","url":"https:\/\/assphilateliquelilloise.fr\/wp-content\/uploads\/2024\/04\/Logo_APLME_Internet5.jpg","contentUrl":"https:\/\/assphilateliquelilloise.fr\/wp-content\/uploads\/2024\/04\/Logo_APLME_Internet5.jpg","width":345,"height":162,"caption":"Association Philat\u00e9lique de Lille-Mons et Environs"},"image":{"@id":"https:\/\/assphilateliquelilloise.fr\/#\/schema\/logo\/image\/"}}]}},"jetpack_sharing_enabled":true,"_links":{"self":[{"href":"https:\/\/assphilateliquelilloise.fr\/index.php\/wp-json\/wp\/v2\/pages\/272","targetHints":{"allow":["GET"]}}],"collection":[{"href":"https:\/\/assphilateliquelilloise.fr\/index.php\/wp-json\/wp\/v2\/pages"}],"about":[{"href":"https:\/\/assphilateliquelilloise.fr\/index.php\/wp-json\/wp\/v2\/types\/page"}],"author":[{"embeddable":true,"href":"https:\/\/assphilateliquelilloise.fr\/index.php\/wp-json\/wp\/v2\/users\/2"}],"replies":[{"embeddable":true,"href":"https:\/\/assphilateliquelilloise.fr\/index.php\/wp-json\/wp\/v2\/comments?post=272"}],"version-history":[{"count":52,"href":"https:\/\/assphilateliquelilloise.fr\/index.php\/wp-json\/wp\/v2\/pages\/272\/revisions"}],"predecessor-version":[{"id":4030,"href":"https:\/\/assphilateliquelilloise.fr\/index.php\/wp-json\/wp\/v2\/pages\/272\/revisions\/4030"}],"wp:attachment":[{"href":"https:\/\/assphilateliquelilloise.fr\/index.php\/wp-json\/wp\/v2\/media?parent=272"}],"curies":[{"name":"wp","href":"https:\/\/api.w.org\/{rel}","templated":true}]}}