{"id":4262,"date":"2024-06-01T23:40:14","date_gmt":"2024-06-01T21:40:14","guid":{"rendered":"https:\/\/assphilateliquelilloise.fr\/?page_id=4262"},"modified":"2025-01-20T20:21:18","modified_gmt":"2025-01-20T19:21:18","slug":"bourse","status":"publish","type":"page","link":"https:\/\/assphilateliquelilloise.fr\/index.php\/bourse\/","title":{"rendered":"12e bourse philat\u00e9lique et cartophile"},"content":{"rendered":"\t\t<div data-elementor-type=\"wp-page\" data-elementor-id=\"4262\" class=\"elementor elementor-4262\">\n\t\t\t\t\t\t<section class=\"elementor-section elementor-top-section elementor-element elementor-element-7ae4d14 elementor-section-boxed elementor-section-height-default elementor-section-height-default\" data-id=\"7ae4d14\" data-element_type=\"section\" data-e-type=\"section\">\n\t\t\t\t\t\t<div class=\"elementor-container elementor-column-gap-default\">\n\t\t\t\t\t<div class=\"elementor-column elementor-col-100 elementor-top-column elementor-element elementor-element-5e7a6ac\" data-id=\"5e7a6ac\" data-element_type=\"column\" data-e-type=\"column\">\n\t\t\t<div class=\"elementor-widget-wrap elementor-element-populated\">\n\t\t\t\t\t\t<div class=\"elementor-element elementor-element-b43f4a2 elementor-widget elementor-widget-text-editor\" data-id=\"b43f4a2\" data-element_type=\"widget\" data-e-type=\"widget\" data-widget_type=\"text-editor.default\">\n\t\t\t\t<div class=\"elementor-widget-container\">\n\t\t\t\t\t\t\t\t\t<h4>\u00a0<\/h4><h4 style=\"text-align: center;\">Voici quelques photos de notre 12e bourse philat\u00e9lique et cartophile :<\/h4>\t\t\t\t\t\t\t\t<\/div>\n\t\t\t\t<\/div>\n\t\t\t\t\t<\/div>\n\t\t<\/div>\n\t\t\t\t\t<\/div>\n\t\t<\/section>\n\t\t\t\t<section class=\"elementor-section elementor-top-section elementor-element elementor-element-9b3e28a elementor-section-boxed elementor-section-height-default elementor-section-height-default\" data-id=\"9b3e28a\" data-element_type=\"section\" data-e-type=\"section\">\n\t\t\t\t\t\t<div class=\"elementor-container elementor-column-gap-default\">\n\t\t\t\t\t<div class=\"elementor-column elementor-col-100 elementor-top-column elementor-element elementor-element-38bb21e\" data-id=\"38bb21e\" data-element_type=\"column\" data-e-type=\"column\">\n\t\t\t<div class=\"elementor-widget-wrap elementor-element-populated\">\n\t\t\t\t\t\t<div class=\"elementor-element elementor-element-eba03f2 elementor-widget elementor-widget-image-gallery\" data-id=\"eba03f2\" data-element_type=\"widget\" data-e-type=\"widget\" data-widget_type=\"image-gallery.default\">\n\t\t\t\t<div class=\"elementor-widget-container\">\n\t\t\t\t\t\t\t<div class=\"elementor-image-gallery\">\n\t\t\t\n\t\t<style type=\"text\/css\">\n\t\t\t#gallery-1 {\n\t\t\t\tmargin: auto;\n\t\t\t}\n\t\t\t#gallery-1 .gallery-item {\n\t\t\t\tfloat: left;\n\t\t\t\tmargin-top: 10px;\n\t\t\t\ttext-align: center;\n\t\t\t\twidth: 50%;\n\t\t\t}\n\t\t\t#gallery-1 img {\n\t\t\t\tborder: 2px solid #cfcfcf;\n\t\t\t}\n\t\t\t#gallery-1 .gallery-caption {\n\t\t\t\tmargin-left: 0;\n\t\t\t}\n\t\t\t\/* see gallery_shortcode() in wp-includes\/media.php *\/\n\t\t<\/style>\n\t\t<div id='gallery-1' class='gallery galleryid-4262 gallery-columns-2 gallery-size-medium_large'><dl class='gallery-item'>\n\t\t\t<dt class='gallery-icon landscape'>\n\t\t\t\t<a data-elementor-open-lightbox=\"yes\" data-elementor-lightbox-slideshow=\"eba03f2\" data-elementor-lightbox-title=\"Bourse2024_2\" data-e-action-hash=\"#elementor-action%3Aaction%3Dlightbox%26settings%3DeyJpZCI6NDYwNSwidXJsIjoiaHR0cHM6XC9cL2Fzc3BoaWxhdGVsaXF1ZWxpbGxvaXNlLmZyXC93cC1jb250ZW50XC91cGxvYWRzXC8yMDI1XC8wMVwvQm91cnNlMjAyNF8yLmpwZyIsInNsaWRlc2hvdyI6ImViYTAzZjIifQ%3D%3D\" href='https:\/\/assphilateliquelilloise.fr\/wp-content\/uploads\/2025\/01\/Bourse2024_2.jpg'><img fetchpriority=\"high\" decoding=\"async\" width=\"768\" height=\"576\" src=\"https:\/\/assphilateliquelilloise.fr\/wp-content\/uploads\/2025\/01\/Bourse2024_2-768x576.jpg\" class=\"attachment-medium_large size-medium_large\" alt=\"\" srcset=\"https:\/\/assphilateliquelilloise.fr\/wp-content\/uploads\/2025\/01\/Bourse2024_2-768x576.jpg 768w, https:\/\/assphilateliquelilloise.fr\/wp-content\/uploads\/2025\/01\/Bourse2024_2-300x225.jpg 300w, https:\/\/assphilateliquelilloise.fr\/wp-content\/uploads\/2025\/01\/Bourse2024_2.jpg 960w\" sizes=\"(max-width: 768px) 100vw, 768px\" \/><\/a>\n\t\t\t<\/dt><\/dl><dl class='gallery-item'>\n\t\t\t<dt class='gallery-icon landscape'>\n\t\t\t\t<a data-elementor-open-lightbox=\"yes\" data-elementor-lightbox-slideshow=\"eba03f2\" data-elementor-lightbox-title=\"Bourse2024_1\" data-e-action-hash=\"#elementor-action%3Aaction%3Dlightbox%26settings%3DeyJpZCI6NDYwNCwidXJsIjoiaHR0cHM6XC9cL2Fzc3BoaWxhdGVsaXF1ZWxpbGxvaXNlLmZyXC93cC1jb250ZW50XC91cGxvYWRzXC8yMDI1XC8wMVwvQm91cnNlMjAyNF8xLmpwZyIsInNsaWRlc2hvdyI6ImViYTAzZjIifQ%3D%3D\" href='https:\/\/assphilateliquelilloise.fr\/wp-content\/uploads\/2025\/01\/Bourse2024_1.jpg'><img decoding=\"async\" width=\"768\" height=\"576\" src=\"https:\/\/assphilateliquelilloise.fr\/wp-content\/uploads\/2025\/01\/Bourse2024_1-768x576.jpg\" class=\"attachment-medium_large size-medium_large\" alt=\"\" srcset=\"https:\/\/assphilateliquelilloise.fr\/wp-content\/uploads\/2025\/01\/Bourse2024_1-768x576.jpg 768w, https:\/\/assphilateliquelilloise.fr\/wp-content\/uploads\/2025\/01\/Bourse2024_1-300x225.jpg 300w, https:\/\/assphilateliquelilloise.fr\/wp-content\/uploads\/2025\/01\/Bourse2024_1.jpg 960w\" sizes=\"(max-width: 768px) 100vw, 768px\" \/><\/a>\n\t\t\t<\/dt><\/dl><br style=\"clear: both\" \/><dl class='gallery-item'>\n\t\t\t<dt class='gallery-icon landscape'>\n\t\t\t\t<a data-elementor-open-lightbox=\"yes\" data-elementor-lightbox-slideshow=\"eba03f2\" data-elementor-lightbox-title=\"Bourse2024_5\" data-e-action-hash=\"#elementor-action%3Aaction%3Dlightbox%26settings%3DeyJpZCI6NDYwMywidXJsIjoiaHR0cHM6XC9cL2Fzc3BoaWxhdGVsaXF1ZWxpbGxvaXNlLmZyXC93cC1jb250ZW50XC91cGxvYWRzXC8yMDI1XC8wMVwvQm91cnNlMjAyNF81LmpwZyIsInNsaWRlc2hvdyI6ImViYTAzZjIifQ%3D%3D\" href='https:\/\/assphilateliquelilloise.fr\/wp-content\/uploads\/2025\/01\/Bourse2024_5.jpg'><img decoding=\"async\" width=\"768\" height=\"576\" src=\"https:\/\/assphilateliquelilloise.fr\/wp-content\/uploads\/2025\/01\/Bourse2024_5-768x576.jpg\" class=\"attachment-medium_large size-medium_large\" alt=\"\" srcset=\"https:\/\/assphilateliquelilloise.fr\/wp-content\/uploads\/2025\/01\/Bourse2024_5-768x576.jpg 768w, https:\/\/assphilateliquelilloise.fr\/wp-content\/uploads\/2025\/01\/Bourse2024_5-300x225.jpg 300w, https:\/\/assphilateliquelilloise.fr\/wp-content\/uploads\/2025\/01\/Bourse2024_5.jpg 960w\" sizes=\"(max-width: 768px) 100vw, 768px\" \/><\/a>\n\t\t\t<\/dt><\/dl><dl class='gallery-item'>\n\t\t\t<dt class='gallery-icon landscape'>\n\t\t\t\t<a data-elementor-open-lightbox=\"yes\" data-elementor-lightbox-slideshow=\"eba03f2\" data-elementor-lightbox-title=\"Bourse2024_4\" data-e-action-hash=\"#elementor-action%3Aaction%3Dlightbox%26settings%3DeyJpZCI6NDYwMiwidXJsIjoiaHR0cHM6XC9cL2Fzc3BoaWxhdGVsaXF1ZWxpbGxvaXNlLmZyXC93cC1jb250ZW50XC91cGxvYWRzXC8yMDI1XC8wMVwvQm91cnNlMjAyNF80LmpwZyIsInNsaWRlc2hvdyI6ImViYTAzZjIifQ%3D%3D\" href='https:\/\/assphilateliquelilloise.fr\/wp-content\/uploads\/2025\/01\/Bourse2024_4.jpg'><img loading=\"lazy\" decoding=\"async\" width=\"768\" height=\"576\" src=\"https:\/\/assphilateliquelilloise.fr\/wp-content\/uploads\/2025\/01\/Bourse2024_4-768x576.jpg\" class=\"attachment-medium_large size-medium_large\" alt=\"\" srcset=\"https:\/\/assphilateliquelilloise.fr\/wp-content\/uploads\/2025\/01\/Bourse2024_4-768x576.jpg 768w, https:\/\/assphilateliquelilloise.fr\/wp-content\/uploads\/2025\/01\/Bourse2024_4-300x225.jpg 300w, https:\/\/assphilateliquelilloise.fr\/wp-content\/uploads\/2025\/01\/Bourse2024_4.jpg 960w\" sizes=\"(max-width: 768px) 100vw, 768px\" \/><\/a>\n\t\t\t<\/dt><\/dl><br style=\"clear: both\" \/><dl class='gallery-item'>\n\t\t\t<dt class='gallery-icon landscape'>\n\t\t\t\t<a data-elementor-open-lightbox=\"yes\" data-elementor-lightbox-slideshow=\"eba03f2\" data-elementor-lightbox-title=\"Bourse2024_3\" data-e-action-hash=\"#elementor-action%3Aaction%3Dlightbox%26settings%3DeyJpZCI6NDYwMSwidXJsIjoiaHR0cHM6XC9cL2Fzc3BoaWxhdGVsaXF1ZWxpbGxvaXNlLmZyXC93cC1jb250ZW50XC91cGxvYWRzXC8yMDI1XC8wMVwvQm91cnNlMjAyNF8zLmpwZyIsInNsaWRlc2hvdyI6ImViYTAzZjIifQ%3D%3D\" href='https:\/\/assphilateliquelilloise.fr\/wp-content\/uploads\/2025\/01\/Bourse2024_3.jpg'><img loading=\"lazy\" decoding=\"async\" width=\"768\" height=\"576\" src=\"https:\/\/assphilateliquelilloise.fr\/wp-content\/uploads\/2025\/01\/Bourse2024_3-768x576.jpg\" class=\"attachment-medium_large size-medium_large\" alt=\"\" srcset=\"https:\/\/assphilateliquelilloise.fr\/wp-content\/uploads\/2025\/01\/Bourse2024_3-768x576.jpg 768w, https:\/\/assphilateliquelilloise.fr\/wp-content\/uploads\/2025\/01\/Bourse2024_3-300x225.jpg 300w, https:\/\/assphilateliquelilloise.fr\/wp-content\/uploads\/2025\/01\/Bourse2024_3.jpg 960w\" sizes=\"(max-width: 768px) 100vw, 768px\" \/><\/a>\n\t\t\t<\/dt><\/dl>\n\t\t\t<br style='clear: both' \/>\n\t\t<\/div>\n\t\t<\/div>\n\t\t\t\t\t\t<\/div>\n\t\t\t\t<\/div>\n\t\t\t\t\t<\/div>\n\t\t<\/div>\n\t\t\t\t\t<\/div>\n\t\t<\/section>\n\t\t\t\t<section class=\"elementor-section elementor-top-section elementor-element elementor-element-0b8fa64 elementor-section-boxed elementor-section-height-default elementor-section-height-default\" data-id=\"0b8fa64\" data-element_type=\"section\" data-e-type=\"section\">\n\t\t\t\t\t\t<div class=\"elementor-container elementor-column-gap-default\">\n\t\t\t\t\t<div class=\"elementor-column elementor-col-100 elementor-top-column elementor-element elementor-element-80f191a\" data-id=\"80f191a\" data-element_type=\"column\" data-e-type=\"column\">\n\t\t\t<div class=\"elementor-widget-wrap elementor-element-populated\">\n\t\t\t\t\t\t<div class=\"elementor-element elementor-element-3e49951 elementor-widget elementor-widget-image\" data-id=\"3e49951\" data-element_type=\"widget\" data-e-type=\"widget\" data-widget_type=\"image.default\">\n\t\t\t\t<div class=\"elementor-widget-container\">\n\t\t\t\t\t\t\t\t\t\t\t\t\t\t\t<img loading=\"lazy\" decoding=\"async\" width=\"759\" height=\"979\" src=\"https:\/\/assphilateliquelilloise.fr\/wp-content\/uploads\/2024\/06\/Bourse2024_Affiche_francais.jpg\" class=\"attachment-large size-large wp-image-4278\" alt=\"12e bourse philat\u00e9lique et cartophile Mons-en-Baroeul 1er d\u00e9cembre 2024\" srcset=\"https:\/\/assphilateliquelilloise.fr\/wp-content\/uploads\/2024\/06\/Bourse2024_Affiche_francais.jpg 759w, https:\/\/assphilateliquelilloise.fr\/wp-content\/uploads\/2024\/06\/Bourse2024_Affiche_francais-233x300.jpg 233w\" sizes=\"(max-width: 759px) 100vw, 759px\" \/>\t\t\t\t\t\t\t\t\t\t\t\t\t\t\t<\/div>\n\t\t\t\t<\/div>\n\t\t\t\t\t<\/div>\n\t\t<\/div>\n\t\t\t\t\t<\/div>\n\t\t<\/section>\n\t\t\t\t<section class=\"elementor-section elementor-top-section elementor-element elementor-element-cd34096 elementor-section-boxed elementor-section-height-default elementor-section-height-default\" data-id=\"cd34096\" data-element_type=\"section\" data-e-type=\"section\">\n\t\t\t\t\t\t<div class=\"elementor-container elementor-column-gap-default\">\n\t\t\t\t\t<div class=\"elementor-column elementor-col-100 elementor-top-column elementor-element elementor-element-5c1a6db\" data-id=\"5c1a6db\" data-element_type=\"column\" data-e-type=\"column\">\n\t\t\t<div class=\"elementor-widget-wrap\">\n\t\t\t\t\t\t\t<\/div>\n\t\t<\/div>\n\t\t\t\t\t<\/div>\n\t\t<\/section>\n\t\t\t\t<section class=\"elementor-section elementor-top-section elementor-element elementor-element-83135ab elementor-section-boxed elementor-section-height-default elementor-section-height-default\" data-id=\"83135ab\" data-element_type=\"section\" data-e-type=\"section\">\n\t\t\t\t\t\t<div class=\"elementor-container elementor-column-gap-default\">\n\t\t\t\t\t<div class=\"elementor-column elementor-col-100 elementor-top-column elementor-element elementor-element-eeae430\" data-id=\"eeae430\" data-element_type=\"column\" data-e-type=\"column\">\n\t\t\t<div class=\"elementor-widget-wrap elementor-element-populated\">\n\t\t\t\t\t\t<div class=\"elementor-element elementor-element-754e002 elementor-widget elementor-widget-text-editor\" data-id=\"754e002\" data-element_type=\"widget\" data-e-type=\"widget\" data-widget_type=\"text-editor.default\">\n\t\t\t\t<div class=\"elementor-widget-container\">\n\t\t\t\t\t\t\t\t\t<h3><strong>\u00a0<\/strong><\/h3><h3><strong><span style=\"color: #ff0000;\">Les inscriptions pour les vendeurs sont closes.<\/span> <\/strong><\/h3>\t\t\t\t\t\t\t\t<\/div>\n\t\t\t\t<\/div>\n\t\t\t\t\t<\/div>\n\t\t<\/div>\n\t\t\t\t\t<\/div>\n\t\t<\/section>\n\t\t\t\t<section class=\"elementor-section elementor-top-section elementor-element elementor-element-74d87a0 elementor-section-boxed elementor-section-height-default elementor-section-height-default\" data-id=\"74d87a0\" data-element_type=\"section\" data-e-type=\"section\">\n\t\t\t\t\t\t<div class=\"elementor-container elementor-column-gap-default\">\n\t\t\t\t\t<div class=\"elementor-column elementor-col-100 elementor-top-column elementor-element elementor-element-f9c1ef6\" data-id=\"f9c1ef6\" data-element_type=\"column\" data-e-type=\"column\">\n\t\t\t<div class=\"elementor-widget-wrap elementor-element-populated\">\n\t\t\t\t\t\t\t<\/div>\n\t\t<\/div>\n\t\t\t\t\t<\/div>\n\t\t<\/section>\n\t\t\t\t<section class=\"elementor-section elementor-top-section elementor-element elementor-element-8b52259 elementor-section-boxed elementor-section-height-default elementor-section-height-default\" data-id=\"8b52259\" data-element_type=\"section\" data-e-type=\"section\">\n\t\t\t\t\t\t<div class=\"elementor-container elementor-column-gap-default\">\n\t\t\t\t\t<div class=\"elementor-column elementor-col-100 elementor-top-column elementor-element elementor-element-bc7e170\" data-id=\"bc7e170\" data-element_type=\"column\" data-e-type=\"column\">\n\t\t\t<div class=\"elementor-widget-wrap elementor-element-populated\">\n\t\t\t\t\t\t<div class=\"elementor-element elementor-element-c2050f2 elementor-widget elementor-widget-text-editor\" data-id=\"c2050f2\" data-element_type=\"widget\" data-e-type=\"widget\" data-widget_type=\"text-editor.default\">\n\t\t\t\t<div class=\"elementor-widget-container\">\n\t\t\t\t\t\t\t\t\t<p>\u00a0<\/p><p>Pour voir des photos et l\u2019acc\u00e8s \u00e0 la salle, veuillez regarder la page de notre bourse 2023 <a href=\"https:\/\/assphilateliquelilloise.fr\/index.php\/11e-bourse-philatelique-et-cartophile-2023\/\" target=\"_blank\" rel=\"noopener\">==&gt; Voir ici.<\/a><\/p>\t\t\t\t\t\t\t\t<\/div>\n\t\t\t\t<\/div>\n\t\t\t\t\t<\/div>\n\t\t<\/div>\n\t\t\t\t\t<\/div>\n\t\t<\/section>\n\t\t\t\t<\/div>\n\t\t","protected":false},"excerpt":{"rendered":"<p>\u00a0 Voici quelques photos de notre 12e bourse philat\u00e9lique et cartophile : \u00a0 Les inscriptions pour les vendeurs sont closes. \u00a0 Pour voir des photos et l\u2019acc\u00e8s \u00e0 la salle, veuillez regarder la page de notre bourse 2023 ==&gt; Voir ici.<\/p>\n","protected":false},"author":8,"featured_media":0,"parent":0,"menu_order":0,"comment_status":"closed","ping_status":"closed","template":"","meta":{"footnotes":""},"class_list":["post-4262","page","type-page","status-publish","hentry"],"yoast_head":"<!-- This site is optimized with the Yoast SEO plugin v27.3 - https:\/\/yoast.com\/product\/yoast-seo-wordpress\/ -->\n<title>12e bourse philat\u00e9lique et cartophile - Association Philat\u00e9lique de Lille-Mons et Environs<\/title>\n<meta name=\"description\" content=\"12\u00e9me bourse philat\u00e9lique et cartophile de Lille-Mons en Baroeul le 1er d\u00e9cembre 2024\" \/>\n<meta name=\"robots\" content=\"index, follow, max-snippet:-1, max-image-preview:large, max-video-preview:-1\" \/>\n<link rel=\"canonical\" href=\"https:\/\/assphilateliquelilloise.fr\/index.php\/bourse\/\" \/>\n<meta property=\"og:locale\" content=\"fr_FR\" \/>\n<meta property=\"og:type\" content=\"article\" \/>\n<meta property=\"og:title\" content=\"12e bourse philat\u00e9lique et cartophile - Association Philat\u00e9lique de Lille-Mons et Environs\" \/>\n<meta property=\"og:description\" content=\"12\u00e9me bourse philat\u00e9lique et cartophile de Lille-Mons en Baroeul le 1er d\u00e9cembre 2024\" \/>\n<meta property=\"og:url\" content=\"https:\/\/assphilateliquelilloise.fr\/index.php\/bourse\/\" \/>\n<meta property=\"og:site_name\" content=\"Association Philat\u00e9lique de Lille-Mons et Environs\" \/>\n<meta property=\"article:modified_time\" content=\"2025-01-20T19:21:18+00:00\" \/>\n<meta property=\"og:image\" content=\"https:\/\/assphilateliquelilloise.fr\/wp-content\/uploads\/2025\/01\/Bourse2024_2-768x576.jpg\" \/>\n<meta name=\"twitter:card\" content=\"summary_large_image\" \/>\n<meta name=\"twitter:label1\" content=\"Dur\u00e9e de lecture estim\u00e9e\" \/>\n\t<meta name=\"twitter:data1\" content=\"2 minutes\" \/>\n<script type=\"application\/ld+json\" class=\"yoast-schema-graph\">{\"@context\":\"https:\\\/\\\/schema.org\",\"@graph\":[{\"@type\":\"WebPage\",\"@id\":\"https:\\\/\\\/assphilateliquelilloise.fr\\\/index.php\\\/bourse\\\/\",\"url\":\"https:\\\/\\\/assphilateliquelilloise.fr\\\/index.php\\\/bourse\\\/\",\"name\":\"12e bourse philat\u00e9lique et cartophile - Association Philat\u00e9lique de Lille-Mons et Environs\",\"isPartOf\":{\"@id\":\"https:\\\/\\\/assphilateliquelilloise.fr\\\/#website\"},\"primaryImageOfPage\":{\"@id\":\"https:\\\/\\\/assphilateliquelilloise.fr\\\/index.php\\\/bourse\\\/#primaryimage\"},\"image\":{\"@id\":\"https:\\\/\\\/assphilateliquelilloise.fr\\\/index.php\\\/bourse\\\/#primaryimage\"},\"thumbnailUrl\":\"https:\\\/\\\/assphilateliquelilloise.fr\\\/wp-content\\\/uploads\\\/2025\\\/01\\\/Bourse2024_2-768x576.jpg\",\"datePublished\":\"2024-06-01T21:40:14+00:00\",\"dateModified\":\"2025-01-20T19:21:18+00:00\",\"description\":\"12\u00e9me bourse philat\u00e9lique et cartophile de Lille-Mons en Baroeul le 1er d\u00e9cembre 2024\",\"breadcrumb\":{\"@id\":\"https:\\\/\\\/assphilateliquelilloise.fr\\\/index.php\\\/bourse\\\/#breadcrumb\"},\"inLanguage\":\"fr-FR\",\"potentialAction\":[{\"@type\":\"ReadAction\",\"target\":[\"https:\\\/\\\/assphilateliquelilloise.fr\\\/index.php\\\/bourse\\\/\"]}]},{\"@type\":\"ImageObject\",\"inLanguage\":\"fr-FR\",\"@id\":\"https:\\\/\\\/assphilateliquelilloise.fr\\\/index.php\\\/bourse\\\/#primaryimage\",\"url\":\"https:\\\/\\\/assphilateliquelilloise.fr\\\/wp-content\\\/uploads\\\/2025\\\/01\\\/Bourse2024_2.jpg\",\"contentUrl\":\"https:\\\/\\\/assphilateliquelilloise.fr\\\/wp-content\\\/uploads\\\/2025\\\/01\\\/Bourse2024_2.jpg\",\"width\":960,\"height\":720},{\"@type\":\"BreadcrumbList\",\"@id\":\"https:\\\/\\\/assphilateliquelilloise.fr\\\/index.php\\\/bourse\\\/#breadcrumb\",\"itemListElement\":[{\"@type\":\"ListItem\",\"position\":1,\"name\":\"Accueil\",\"item\":\"https:\\\/\\\/assphilateliquelilloise.fr\\\/\"},{\"@type\":\"ListItem\",\"position\":2,\"name\":\"12e bourse philat\u00e9lique et cartophile\"}]},{\"@type\":\"WebSite\",\"@id\":\"https:\\\/\\\/assphilateliquelilloise.fr\\\/#website\",\"url\":\"https:\\\/\\\/assphilateliquelilloise.fr\\\/\",\"name\":\"Association Philat\u00e9lique de Lille-Mons et Environs\",\"description\":\"Site de l&#039;Association Philat\u00e9lique de Lille-Mons et Environs\",\"publisher\":{\"@id\":\"https:\\\/\\\/assphilateliquelilloise.fr\\\/#organization\"},\"potentialAction\":[{\"@type\":\"SearchAction\",\"target\":{\"@type\":\"EntryPoint\",\"urlTemplate\":\"https:\\\/\\\/assphilateliquelilloise.fr\\\/?s={search_term_string}\"},\"query-input\":{\"@type\":\"PropertyValueSpecification\",\"valueRequired\":true,\"valueName\":\"search_term_string\"}}],\"inLanguage\":\"fr-FR\"},{\"@type\":\"Organization\",\"@id\":\"https:\\\/\\\/assphilateliquelilloise.fr\\\/#organization\",\"name\":\"Association Philat\u00e9lique de Lille-Mons et Environs\",\"url\":\"https:\\\/\\\/assphilateliquelilloise.fr\\\/\",\"logo\":{\"@type\":\"ImageObject\",\"inLanguage\":\"fr-FR\",\"@id\":\"https:\\\/\\\/assphilateliquelilloise.fr\\\/#\\\/schema\\\/logo\\\/image\\\/\",\"url\":\"https:\\\/\\\/assphilateliquelilloise.fr\\\/wp-content\\\/uploads\\\/2024\\\/04\\\/Logo_APLME_Internet5.jpg\",\"contentUrl\":\"https:\\\/\\\/assphilateliquelilloise.fr\\\/wp-content\\\/uploads\\\/2024\\\/04\\\/Logo_APLME_Internet5.jpg\",\"width\":345,\"height\":162,\"caption\":\"Association Philat\u00e9lique de Lille-Mons et Environs\"},\"image\":{\"@id\":\"https:\\\/\\\/assphilateliquelilloise.fr\\\/#\\\/schema\\\/logo\\\/image\\\/\"}}]}<\/script>\n<!-- \/ Yoast SEO plugin. -->","yoast_head_json":{"title":"12e bourse philat\u00e9lique et cartophile - Association Philat\u00e9lique de Lille-Mons et Environs","description":"12\u00e9me bourse philat\u00e9lique et cartophile de Lille-Mons en Baroeul le 1er d\u00e9cembre 2024","robots":{"index":"index","follow":"follow","max-snippet":"max-snippet:-1","max-image-preview":"max-image-preview:large","max-video-preview":"max-video-preview:-1"},"canonical":"https:\/\/assphilateliquelilloise.fr\/index.php\/bourse\/","og_locale":"fr_FR","og_type":"article","og_title":"12e bourse philat\u00e9lique et cartophile - Association Philat\u00e9lique de Lille-Mons et Environs","og_description":"12\u00e9me bourse philat\u00e9lique et cartophile de Lille-Mons en Baroeul le 1er d\u00e9cembre 2024","og_url":"https:\/\/assphilateliquelilloise.fr\/index.php\/bourse\/","og_site_name":"Association Philat\u00e9lique de Lille-Mons et Environs","article_modified_time":"2025-01-20T19:21:18+00:00","og_image":[{"url":"https:\/\/assphilateliquelilloise.fr\/wp-content\/uploads\/2025\/01\/Bourse2024_2-768x576.jpg","type":"","width":"","height":""}],"twitter_card":"summary_large_image","twitter_misc":{"Dur\u00e9e de lecture estim\u00e9e":"2 minutes"},"schema":{"@context":"https:\/\/schema.org","@graph":[{"@type":"WebPage","@id":"https:\/\/assphilateliquelilloise.fr\/index.php\/bourse\/","url":"https:\/\/assphilateliquelilloise.fr\/index.php\/bourse\/","name":"12e bourse philat\u00e9lique et cartophile - Association Philat\u00e9lique de Lille-Mons et Environs","isPartOf":{"@id":"https:\/\/assphilateliquelilloise.fr\/#website"},"primaryImageOfPage":{"@id":"https:\/\/assphilateliquelilloise.fr\/index.php\/bourse\/#primaryimage"},"image":{"@id":"https:\/\/assphilateliquelilloise.fr\/index.php\/bourse\/#primaryimage"},"thumbnailUrl":"https:\/\/assphilateliquelilloise.fr\/wp-content\/uploads\/2025\/01\/Bourse2024_2-768x576.jpg","datePublished":"2024-06-01T21:40:14+00:00","dateModified":"2025-01-20T19:21:18+00:00","description":"12\u00e9me bourse philat\u00e9lique et cartophile de Lille-Mons en Baroeul le 1er d\u00e9cembre 2024","breadcrumb":{"@id":"https:\/\/assphilateliquelilloise.fr\/index.php\/bourse\/#breadcrumb"},"inLanguage":"fr-FR","potentialAction":[{"@type":"ReadAction","target":["https:\/\/assphilateliquelilloise.fr\/index.php\/bourse\/"]}]},{"@type":"ImageObject","inLanguage":"fr-FR","@id":"https:\/\/assphilateliquelilloise.fr\/index.php\/bourse\/#primaryimage","url":"https:\/\/assphilateliquelilloise.fr\/wp-content\/uploads\/2025\/01\/Bourse2024_2.jpg","contentUrl":"https:\/\/assphilateliquelilloise.fr\/wp-content\/uploads\/2025\/01\/Bourse2024_2.jpg","width":960,"height":720},{"@type":"BreadcrumbList","@id":"https:\/\/assphilateliquelilloise.fr\/index.php\/bourse\/#breadcrumb","itemListElement":[{"@type":"ListItem","position":1,"name":"Accueil","item":"https:\/\/assphilateliquelilloise.fr\/"},{"@type":"ListItem","position":2,"name":"12e bourse philat\u00e9lique et cartophile"}]},{"@type":"WebSite","@id":"https:\/\/assphilateliquelilloise.fr\/#website","url":"https:\/\/assphilateliquelilloise.fr\/","name":"Association Philat\u00e9lique de Lille-Mons et Environs","description":"Site de l&#039;Association Philat\u00e9lique de Lille-Mons et Environs","publisher":{"@id":"https:\/\/assphilateliquelilloise.fr\/#organization"},"potentialAction":[{"@type":"SearchAction","target":{"@type":"EntryPoint","urlTemplate":"https:\/\/assphilateliquelilloise.fr\/?s={search_term_string}"},"query-input":{"@type":"PropertyValueSpecification","valueRequired":true,"valueName":"search_term_string"}}],"inLanguage":"fr-FR"},{"@type":"Organization","@id":"https:\/\/assphilateliquelilloise.fr\/#organization","name":"Association Philat\u00e9lique de Lille-Mons et Environs","url":"https:\/\/assphilateliquelilloise.fr\/","logo":{"@type":"ImageObject","inLanguage":"fr-FR","@id":"https:\/\/assphilateliquelilloise.fr\/#\/schema\/logo\/image\/","url":"https:\/\/assphilateliquelilloise.fr\/wp-content\/uploads\/2024\/04\/Logo_APLME_Internet5.jpg","contentUrl":"https:\/\/assphilateliquelilloise.fr\/wp-content\/uploads\/2024\/04\/Logo_APLME_Internet5.jpg","width":345,"height":162,"caption":"Association Philat\u00e9lique de Lille-Mons et Environs"},"image":{"@id":"https:\/\/assphilateliquelilloise.fr\/#\/schema\/logo\/image\/"}}]}},"jetpack_sharing_enabled":true,"_links":{"self":[{"href":"https:\/\/assphilateliquelilloise.fr\/index.php\/wp-json\/wp\/v2\/pages\/4262","targetHints":{"allow":["GET"]}}],"collection":[{"href":"https:\/\/assphilateliquelilloise.fr\/index.php\/wp-json\/wp\/v2\/pages"}],"about":[{"href":"https:\/\/assphilateliquelilloise.fr\/index.php\/wp-json\/wp\/v2\/types\/page"}],"author":[{"embeddable":true,"href":"https:\/\/assphilateliquelilloise.fr\/index.php\/wp-json\/wp\/v2\/users\/8"}],"replies":[{"embeddable":true,"href":"https:\/\/assphilateliquelilloise.fr\/index.php\/wp-json\/wp\/v2\/comments?post=4262"}],"version-history":[{"count":82,"href":"https:\/\/assphilateliquelilloise.fr\/index.php\/wp-json\/wp\/v2\/pages\/4262\/revisions"}],"predecessor-version":[{"id":4615,"href":"https:\/\/assphilateliquelilloise.fr\/index.php\/wp-json\/wp\/v2\/pages\/4262\/revisions\/4615"}],"wp:attachment":[{"href":"https:\/\/assphilateliquelilloise.fr\/index.php\/wp-json\/wp\/v2\/media?parent=4262"}],"curies":[{"name":"wp","href":"https:\/\/api.w.org\/{rel}","templated":true}]}}