{"id":539,"date":"2019-01-20T17:55:10","date_gmt":"2019-01-20T16:55:10","guid":{"rendered":"http:\/\/assphilateliquelilloise.fr\/?page_id=539"},"modified":"2019-01-20T18:07:24","modified_gmt":"2019-01-20T17:07:24","slug":"lille-et-ses-quartiers","status":"publish","type":"page","link":"https:\/\/assphilateliquelilloise.fr\/index.php\/lille-et-ses-quartiers\/","title":{"rendered":"Lille et ses quartiers"},"content":{"rendered":"\t\t<div data-elementor-type=\"wp-post\" data-elementor-id=\"539\" class=\"elementor elementor-539 elementor-bc-flex-widget\">\n\t\t\t\t\t\t<section class=\"elementor-section elementor-top-section elementor-element elementor-element-4306562 elementor-section-boxed elementor-section-height-default elementor-section-height-default\" data-id=\"4306562\" data-element_type=\"section\" data-e-type=\"section\">\n\t\t\t\t\t\t<div class=\"elementor-container elementor-column-gap-default\">\n\t\t\t\t\t<div class=\"elementor-column elementor-col-100 elementor-top-column elementor-element elementor-element-9c4f610\" data-id=\"9c4f610\" data-element_type=\"column\" data-e-type=\"column\">\n\t\t\t<div class=\"elementor-widget-wrap elementor-element-populated\">\n\t\t\t\t\t\t<div class=\"elementor-element elementor-element-b9092ac elementor-widget elementor-widget-heading\" data-id=\"b9092ac\" data-element_type=\"widget\" data-e-type=\"widget\" data-widget_type=\"heading.default\">\n\t\t\t\t<div class=\"elementor-widget-container\">\n\t\t\t\t\t<h2 class=\"elementor-heading-title elementor-size-default\"><span style=\"color:red\">L<\/span>ille et ses quartiers<\/h2>\t\t\t\t<\/div>\n\t\t\t\t<\/div>\n\t\t\t\t<div class=\"elementor-element elementor-element-7c20a57 elementor-widget-divider--view-line elementor-widget elementor-widget-divider\" data-id=\"7c20a57\" data-element_type=\"widget\" data-e-type=\"widget\" data-widget_type=\"divider.default\">\n\t\t\t\t<div class=\"elementor-widget-container\">\n\t\t\t\t\t\t\t<div class=\"elementor-divider\">\n\t\t\t<span class=\"elementor-divider-separator\">\n\t\t\t\t\t\t<\/span>\n\t\t<\/div>\n\t\t\t\t\t\t<\/div>\n\t\t\t\t<\/div>\n\t\t\t\t<div class=\"elementor-element elementor-element-7e1d3fe elementor-widget elementor-widget-text-editor\" data-id=\"7e1d3fe\" data-element_type=\"widget\" data-e-type=\"widget\" data-widget_type=\"text-editor.default\">\n\t\t\t\t<div class=\"elementor-widget-container\">\n\t\t\t\t\t\t\t\t\t<h1 style=\"text-align: center;\"><img decoding=\"async\" class=\"wp-image-542 alignleft\" src=\"http:\/\/assphilateliquelilloise.fr\/wp-content\/uploads\/2019\/01\/545px-Blason_Nord-Pas-De-Calais.svg_.png\" alt=\"\" width=\"97\" height=\"107\" srcset=\"https:\/\/assphilateliquelilloise.fr\/wp-content\/uploads\/2019\/01\/545px-Blason_Nord-Pas-De-Calais.svg_.png 545w, https:\/\/assphilateliquelilloise.fr\/wp-content\/uploads\/2019\/01\/545px-Blason_Nord-Pas-De-Calais.svg_-273x300.png 273w\" sizes=\"(max-width: 97px) 100vw, 97px\" \/>\u00a0<span style=\"font-size:65px;\">Lille<\/span> <img decoding=\"async\" class=\"wp-image-543 alignright\" src=\"http:\/\/assphilateliquelilloise.fr\/wp-content\/uploads\/2019\/01\/Blason-Lille.jpg\" alt=\"\" width=\"97\" height=\"107\" \/><\/h1>\t\t\t\t\t\t\t\t<\/div>\n\t\t\t\t<\/div>\n\t\t\t\t\t<\/div>\n\t\t<\/div>\n\t\t\t\t\t<\/div>\n\t\t<\/section>\n\t\t\t\t<section class=\"elementor-section elementor-top-section elementor-element elementor-element-f738097 elementor-section-boxed elementor-section-height-default elementor-section-height-default\" data-id=\"f738097\" data-element_type=\"section\" data-e-type=\"section\">\n\t\t\t\t\t\t<div class=\"elementor-container elementor-column-gap-default\">\n\t\t\t\t\t<div class=\"elementor-column elementor-col-100 elementor-top-column elementor-element elementor-element-d11994a\" data-id=\"d11994a\" data-element_type=\"column\" data-e-type=\"column\">\n\t\t\t<div class=\"elementor-widget-wrap elementor-element-populated\">\n\t\t\t\t\t\t<div class=\"elementor-element elementor-element-67e5c08 elementor-widget elementor-widget-text-editor\" data-id=\"67e5c08\" data-element_type=\"widget\" data-e-type=\"widget\" data-widget_type=\"text-editor.default\">\n\t\t\t\t<div class=\"elementor-widget-container\">\n\t\t\t\t\t\t\t\t\t<p style=\"font-weight: 400;\"><a href=\"http:\/\/www.mairie-lille.fr\/cms\/accueil\/culture-lille\/patrimoine-culturel\">Lille<\/a>, pr\u00e9fecture du d\u00e9partement du Nord, chef-lieu de la r\u00e9gion Nord-Pas-de-Calais est surnomm\u00e9e la \u00ab\u00a0Capitale de Flandre\u00a0\u00bb<\/p><p style=\"font-weight: 400;\">Son nom en ancien fran\u00e7ais (L\u2019Isle), ou en Flamand (Ryssel) (Rijsel en n\u00e9erlandais, de \u00ab\u00a0ter Yssel\u00a0\u00bb) proviend\u00a0\u00a0de son \u00e9tablissement sur une \u00eele de la vall\u00e9e de\u00a0la De\u00fble.<\/p><p style=\"font-weight: 400;\">Lille est fran\u00e7aise depuis la guerre de Succession d\u2019Espagne sous le r\u00e8gne de Louis XIV.<\/p><p style=\"font-weight: 400;\">Cit\u00e9 marchande depuis ses origines, manufacturi\u00e8re depuis le\u00a0XVI<sup>e<\/sup>\u00a0si\u00e8cle, la r\u00e9volution industrielle en fera une grande capitale industrielle autour des industries textiles et m\u00e9caniques.<\/p><p style=\"font-weight: 400;\">Le classement Ville d\u2019art et d\u2019histoire en 2004 et les manifestations de Lille 2004, Capitale europ\u00e9enne de la culture, constituent les principaux symboles du renouveau de Lille.<\/p><p style=\"font-weight: 400; text-align: center;\"><a href=\"https:\/\/www.lilletourism.com\/\">Site de l&rsquo;Office de Tourisme de Lille<\/a><br \/><a href=\"http:\/\/signvm.free.fr\/LilleHeraldique.htm\">http:\/\/signvm.free.fr\/LilleHeraldique.htm<\/a><br \/><a href=\"http:\/\/fbecuwe.free.fr\/blasonLille.htm\">http:\/\/fbecuwe.free.fr\/blasonLille.htm<\/a><br \/><a href=\"http:\/\/www.lilledantan.com\/\">http:\/\/www.lilledantan.com<\/a><\/p><h1 style=\"text-align: center;\">Le Quartier du Vieux-Lille<\/h1><p style=\"font-weight: 400;\">Le\u00a0<b><strong>Vieux-Lille<\/strong><\/b>\u00a0est un quartier situ\u00e9 au nord de la ville. De nombreuses constructions sont ant\u00e9rieures au\u00a0XIX<sup>e<\/sup>\u00a0si\u00e8cle. Il conserve encore de nombreuses rues pav\u00e9es et quelques traces des canaux qui sillonnaient la ville aux si\u00e8cles pass\u00e9s. Ce quartier regroupe aujourd&rsquo;hui les commerces de luxe et de nombreux Restaurants et bars.<\/p><p style=\"font-weight: 400;\">Paradoxalement, la majeure partie du \u00ab\u00a0Vieux-Lille\u00a0\u00bb date de l&rsquo;agrandissement de 1670 d\u00e9cid\u00e9 par Vauban. Les rues se caract\u00e9risent par leur trac\u00e9 lin\u00e9aire et leur plan r\u00e9gulier.<\/p><p style=\"font-weight: 400;\">Les rues les plus anciennes (la rue de\u00a0la Clef, rue de\u00a0la Grande-Chauss\u00e9e, rue des Chats-Bossus, place aux Oignons, rue Basse, etc.) sont des t\u00e9moins du Lille du XVIII\u00e8me si\u00e8cle avec ses rangs de maisons, de ses h\u00f4tels particuliers et de ses imposants \u00e9difices.<\/p>\t\t\t\t\t\t\t\t<\/div>\n\t\t\t\t<\/div>\n\t\t\t\t\t<\/div>\n\t\t<\/div>\n\t\t\t\t\t<\/div>\n\t\t<\/section>\n\t\t\t\t<section class=\"elementor-section elementor-top-section elementor-element elementor-element-1147193 elementor-section-boxed elementor-section-height-default elementor-section-height-default\" data-id=\"1147193\" data-element_type=\"section\" data-e-type=\"section\">\n\t\t\t\t\t\t<div class=\"elementor-container elementor-column-gap-default\">\n\t\t\t\t\t<div class=\"elementor-column elementor-col-100 elementor-top-column elementor-element elementor-element-5392bb5\" data-id=\"5392bb5\" data-element_type=\"column\" data-e-type=\"column\">\n\t\t\t<div class=\"elementor-widget-wrap elementor-element-populated\">\n\t\t\t\t\t\t<div class=\"elementor-element elementor-element-fdf2517 elementor-widget elementor-widget-image-gallery\" data-id=\"fdf2517\" data-element_type=\"widget\" data-e-type=\"widget\" data-widget_type=\"image-gallery.default\">\n\t\t\t\t<div class=\"elementor-widget-container\">\n\t\t\t\t\t\t\t<div class=\"elementor-image-gallery\">\n\t\t\t\n\t\t<style type=\"text\/css\">\n\t\t\t#gallery-1 {\n\t\t\t\tmargin: auto;\n\t\t\t}\n\t\t\t#gallery-1 .gallery-item {\n\t\t\t\tfloat: left;\n\t\t\t\tmargin-top: 10px;\n\t\t\t\ttext-align: center;\n\t\t\t\twidth: 33%;\n\t\t\t}\n\t\t\t#gallery-1 img {\n\t\t\t\tborder: 2px solid #cfcfcf;\n\t\t\t}\n\t\t\t#gallery-1 .gallery-caption {\n\t\t\t\tmargin-left: 0;\n\t\t\t}\n\t\t\t\/* see gallery_shortcode() in wp-includes\/media.php *\/\n\t\t<\/style>\n\t\t<div id='gallery-1' class='gallery galleryid-539 gallery-columns-3 gallery-size-medium'><dl class='gallery-item'>\n\t\t\t<dt class='gallery-icon landscape'>\n\t\t\t\t<a data-elementor-open-lightbox=\"yes\" data-elementor-lightbox-slideshow=\"fdf2517\" data-elementor-lightbox-title=\"800px-Lille_maison_de_gille_le_boe\" data-e-action-hash=\"#elementor-action%3Aaction%3Dlightbox%26settings%3DeyJpZCI6NTQ0LCJ1cmwiOiJodHRwczpcL1wvYXNzcGhpbGF0ZWxpcXVlbGlsbG9pc2UuZnJcL3dwLWNvbnRlbnRcL3VwbG9hZHNcLzIwMTlcLzAxXC84MDBweC1MaWxsZV9tYWlzb25fZGVfZ2lsbGVfbGVfYm9lLmpwZyIsInNsaWRlc2hvdyI6ImZkZjI1MTcifQ%3D%3D\" href='https:\/\/assphilateliquelilloise.fr\/wp-content\/uploads\/2019\/01\/800px-Lille_maison_de_gille_le_boe.jpg'><img fetchpriority=\"high\" decoding=\"async\" width=\"300\" height=\"194\" src=\"https:\/\/assphilateliquelilloise.fr\/wp-content\/uploads\/2019\/01\/800px-Lille_maison_de_gille_le_boe-300x194.jpg\" class=\"attachment-medium size-medium\" alt=\"\" srcset=\"https:\/\/assphilateliquelilloise.fr\/wp-content\/uploads\/2019\/01\/800px-Lille_maison_de_gille_le_boe-300x194.jpg 300w, https:\/\/assphilateliquelilloise.fr\/wp-content\/uploads\/2019\/01\/800px-Lille_maison_de_gille_le_boe.jpg 500w\" sizes=\"(max-width: 300px) 100vw, 300px\" \/><\/a>\n\t\t\t<\/dt><\/dl><dl class='gallery-item'>\n\t\t\t<dt class='gallery-icon landscape'>\n\t\t\t\t<a data-elementor-open-lightbox=\"yes\" data-elementor-lightbox-slideshow=\"fdf2517\" data-elementor-lightbox-title=\"800px-Lille_place_aux_oignons\" data-e-action-hash=\"#elementor-action%3Aaction%3Dlightbox%26settings%3DeyJpZCI6NTQ1LCJ1cmwiOiJodHRwczpcL1wvYXNzcGhpbGF0ZWxpcXVlbGlsbG9pc2UuZnJcL3dwLWNvbnRlbnRcL3VwbG9hZHNcLzIwMTlcLzAxXC84MDBweC1MaWxsZV9wbGFjZV9hdXhfb2lnbm9ucy5qcGciLCJzbGlkZXNob3ciOiJmZGYyNTE3In0%3D\" href='https:\/\/assphilateliquelilloise.fr\/wp-content\/uploads\/2019\/01\/800px-Lille_place_aux_oignons.jpg'><img loading=\"lazy\" decoding=\"async\" width=\"300\" height=\"127\" src=\"https:\/\/assphilateliquelilloise.fr\/wp-content\/uploads\/2019\/01\/800px-Lille_place_aux_oignons-300x127.jpg\" class=\"attachment-medium size-medium\" alt=\"\" srcset=\"https:\/\/assphilateliquelilloise.fr\/wp-content\/uploads\/2019\/01\/800px-Lille_place_aux_oignons-300x127.jpg 300w, https:\/\/assphilateliquelilloise.fr\/wp-content\/uploads\/2019\/01\/800px-Lille_place_aux_oignons.jpg 500w\" sizes=\"(max-width: 300px) 100vw, 300px\" \/><\/a>\n\t\t\t<\/dt><\/dl><dl class='gallery-item'>\n\t\t\t<dt class='gallery-icon landscape'>\n\t\t\t\t<a data-elementor-open-lightbox=\"yes\" data-elementor-lightbox-slideshow=\"fdf2517\" data-elementor-lightbox-title=\"maisons_espagnoles\" data-e-action-hash=\"#elementor-action%3Aaction%3Dlightbox%26settings%3DeyJpZCI6NTQ2LCJ1cmwiOiJodHRwczpcL1wvYXNzcGhpbGF0ZWxpcXVlbGlsbG9pc2UuZnJcL3dwLWNvbnRlbnRcL3VwbG9hZHNcLzIwMTlcLzAxXC9tYWlzb25zX2VzcGFnbm9sZXMucG5nIiwic2xpZGVzaG93IjoiZmRmMjUxNyJ9\" href='https:\/\/assphilateliquelilloise.fr\/wp-content\/uploads\/2019\/01\/maisons_espagnoles.png'><img loading=\"lazy\" decoding=\"async\" width=\"300\" height=\"194\" src=\"https:\/\/assphilateliquelilloise.fr\/wp-content\/uploads\/2019\/01\/maisons_espagnoles-300x194.png\" class=\"attachment-medium size-medium\" alt=\"\" srcset=\"https:\/\/assphilateliquelilloise.fr\/wp-content\/uploads\/2019\/01\/maisons_espagnoles-300x194.png 300w, https:\/\/assphilateliquelilloise.fr\/wp-content\/uploads\/2019\/01\/maisons_espagnoles.png 524w\" sizes=\"(max-width: 300px) 100vw, 300px\" \/><\/a>\n\t\t\t<\/dt><\/dl><br style=\"clear: both\" \/>\n\t\t<\/div>\n\t\t<\/div>\n\t\t\t\t\t\t<\/div>\n\t\t\t\t<\/div>\n\t\t\t\t\t<\/div>\n\t\t<\/div>\n\t\t\t\t\t<\/div>\n\t\t<\/section>\n\t\t\t\t<section class=\"elementor-section elementor-top-section elementor-element elementor-element-6dadd16 elementor-section-boxed elementor-section-height-default elementor-section-height-default\" data-id=\"6dadd16\" data-element_type=\"section\" data-e-type=\"section\">\n\t\t\t\t\t\t<div class=\"elementor-container elementor-column-gap-default\">\n\t\t\t\t\t<div class=\"elementor-column elementor-col-100 elementor-top-column elementor-element elementor-element-055ecbc\" data-id=\"055ecbc\" data-element_type=\"column\" data-e-type=\"column\">\n\t\t\t<div class=\"elementor-widget-wrap elementor-element-populated\">\n\t\t\t\t\t\t<div class=\"elementor-element elementor-element-3cecbca elementor-widget elementor-widget-text-editor\" data-id=\"3cecbca\" data-element_type=\"widget\" data-e-type=\"widget\" data-widget_type=\"text-editor.default\">\n\t\t\t\t<div class=\"elementor-widget-container\">\n\t\t\t\t\t\t\t\t\t<p style=\"text-align: center;\"><a href=\"http:\/\/assphilateliquelilloise.fr\/wp-content\/uploads\/2019\/01\/la-Halle-aux-sucres.pdf\">La Halle\u00a0aux sucres\u00a0<\/a><\/p><p style=\"text-align: center;\"><a href=\"http:\/\/assphilateliquelilloise.fr\/wp-content\/uploads\/2019\/01\/le-Muse-Maison-natale-de-Charles-de-Gaulle.pdf\">Le Mus\u00e9e Maison natale de Charles de Gaulle<\/a>\u00a0<\/p><p style=\"text-align: center;\"><a href=\"http:\/\/assphilateliquelilloise.fr\/wp-content\/uploads\/2019\/01\/Basilique-ND-de-la-Treille.pdf\">La cath\u00e9drale-basilique Notre-Dame de la Treille.<\/a><\/p><p style=\"text-align: center;\"><a href=\"http:\/\/assphilateliquelilloise.fr\/wp-content\/uploads\/2019\/01\/LHospice-Comtesse.pdf\">L&rsquo;Hospice Comtesse\u00a0<\/a>.<\/p><p style=\"text-align: center;\"><a href=\"http:\/\/assphilateliquelilloise.fr\/wp-content\/uploads\/2019\/01\/Porte-de-Gand.pdf\">La Porte de Gand.<\/a><\/p><p style=\"text-align: center;\"><a href=\"http:\/\/assphilateliquelilloise.fr\/wp-content\/uploads\/2019\/01\/Avenue-du-Peuple.pdf\">L&rsquo;avenue du Peuple-Belge<\/a><\/p><p style=\"text-align: center;\"><a href=\"http:\/\/assphilateliquelilloise.fr\/wp-content\/uploads\/2019\/01\/Le-Pont-Neuf.pdf\">Le Pont-Neuf<\/a>\u00a0<\/p><p style=\"text-align: center;\"><a href=\"http:\/\/assphilateliquelilloise.fr\/wp-content\/uploads\/2019\/01\/petite-histoire-du-pont-napoleon.pdf\">La petite histoire du Pont Napol\u00e9on<\/a><\/p>\t\t\t\t\t\t\t\t<\/div>\n\t\t\t\t<\/div>\n\t\t\t\t\t<\/div>\n\t\t<\/div>\n\t\t\t\t\t<\/div>\n\t\t<\/section>\n\t\t\t\t<\/div>\n\t\t","protected":false},"excerpt":{"rendered":"<p>Lille et ses quartiers \u00a0Lille Lille, pr\u00e9fecture du d\u00e9partement du Nord, chef-lieu de la r\u00e9gion Nord-Pas-de-Calais est surnomm\u00e9e la \u00ab\u00a0Capitale de Flandre\u00a0\u00bb Son nom en ancien fran\u00e7ais (L\u2019Isle), ou en Flamand (Ryssel) (Rijsel en n\u00e9erlandais, de \u00ab\u00a0ter Yssel\u00a0\u00bb) proviend\u00a0\u00a0de son \u00e9tablissement sur une \u00eele de la vall\u00e9e de\u00a0la De\u00fble. Lille est fran\u00e7aise depuis la guerre&hellip; <br \/> <a class=\"read-more\" href=\"https:\/\/assphilateliquelilloise.fr\/index.php\/lille-et-ses-quartiers\/\">Lire la suite<\/a><\/p>\n","protected":false},"author":2,"featured_media":0,"parent":0,"menu_order":0,"comment_status":"closed","ping_status":"closed","template":"","meta":{"footnotes":""},"class_list":["post-539","page","type-page","status-publish","hentry"],"yoast_head":"<!-- This site is optimized with the Yoast SEO plugin v27.3 - https:\/\/yoast.com\/product\/yoast-seo-wordpress\/ -->\n<title>Lille et ses quartiers - Association Philat\u00e9lique de Lille-Mons et Environs<\/title>\n<meta name=\"robots\" content=\"index, follow, max-snippet:-1, max-image-preview:large, max-video-preview:-1\" \/>\n<link rel=\"canonical\" href=\"https:\/\/assphilateliquelilloise.fr\/index.php\/lille-et-ses-quartiers\/\" \/>\n<meta property=\"og:locale\" content=\"fr_FR\" \/>\n<meta property=\"og:type\" content=\"article\" \/>\n<meta property=\"og:title\" content=\"Lille et ses quartiers - Association Philat\u00e9lique de Lille-Mons et Environs\" \/>\n<meta property=\"og:description\" content=\"Lille et ses quartiers \u00a0Lille Lille, pr\u00e9fecture du d\u00e9partement du Nord, chef-lieu de la r\u00e9gion Nord-Pas-de-Calais est surnomm\u00e9e la \u00ab\u00a0Capitale de Flandre\u00a0\u00bb Son nom en ancien fran\u00e7ais (L\u2019Isle), ou en Flamand (Ryssel) (Rijsel en n\u00e9erlandais, de \u00ab\u00a0ter Yssel\u00a0\u00bb) proviend\u00a0\u00a0de son \u00e9tablissement sur une \u00eele de la vall\u00e9e de\u00a0la De\u00fble. Lille est fran\u00e7aise depuis la guerre&hellip; Lire la suite\" \/>\n<meta property=\"og:url\" content=\"https:\/\/assphilateliquelilloise.fr\/index.php\/lille-et-ses-quartiers\/\" \/>\n<meta property=\"og:site_name\" content=\"Association Philat\u00e9lique de Lille-Mons et Environs\" \/>\n<meta property=\"article:modified_time\" content=\"2019-01-20T17:07:24+00:00\" \/>\n<meta property=\"og:image\" content=\"http:\/\/assphilateliquelilloise.fr\/wp-content\/uploads\/2019\/01\/545px-Blason_Nord-Pas-De-Calais.svg_.png\" \/>\n<meta name=\"twitter:card\" content=\"summary_large_image\" \/>\n<meta name=\"twitter:label1\" content=\"Dur\u00e9e de lecture estim\u00e9e\" \/>\n\t<meta name=\"twitter:data1\" content=\"2 minutes\" \/>\n<script type=\"application\/ld+json\" class=\"yoast-schema-graph\">{\"@context\":\"https:\\\/\\\/schema.org\",\"@graph\":[{\"@type\":\"WebPage\",\"@id\":\"https:\\\/\\\/assphilateliquelilloise.fr\\\/index.php\\\/lille-et-ses-quartiers\\\/\",\"url\":\"https:\\\/\\\/assphilateliquelilloise.fr\\\/index.php\\\/lille-et-ses-quartiers\\\/\",\"name\":\"Lille et ses quartiers - Association Philat\u00e9lique de Lille-Mons et Environs\",\"isPartOf\":{\"@id\":\"https:\\\/\\\/assphilateliquelilloise.fr\\\/#website\"},\"primaryImageOfPage\":{\"@id\":\"https:\\\/\\\/assphilateliquelilloise.fr\\\/index.php\\\/lille-et-ses-quartiers\\\/#primaryimage\"},\"image\":{\"@id\":\"https:\\\/\\\/assphilateliquelilloise.fr\\\/index.php\\\/lille-et-ses-quartiers\\\/#primaryimage\"},\"thumbnailUrl\":\"http:\\\/\\\/assphilateliquelilloise.fr\\\/wp-content\\\/uploads\\\/2019\\\/01\\\/545px-Blason_Nord-Pas-De-Calais.svg_.png\",\"datePublished\":\"2019-01-20T16:55:10+00:00\",\"dateModified\":\"2019-01-20T17:07:24+00:00\",\"breadcrumb\":{\"@id\":\"https:\\\/\\\/assphilateliquelilloise.fr\\\/index.php\\\/lille-et-ses-quartiers\\\/#breadcrumb\"},\"inLanguage\":\"fr-FR\",\"potentialAction\":[{\"@type\":\"ReadAction\",\"target\":[\"https:\\\/\\\/assphilateliquelilloise.fr\\\/index.php\\\/lille-et-ses-quartiers\\\/\"]}]},{\"@type\":\"ImageObject\",\"inLanguage\":\"fr-FR\",\"@id\":\"https:\\\/\\\/assphilateliquelilloise.fr\\\/index.php\\\/lille-et-ses-quartiers\\\/#primaryimage\",\"url\":\"https:\\\/\\\/assphilateliquelilloise.fr\\\/wp-content\\\/uploads\\\/2019\\\/01\\\/545px-Blason_Nord-Pas-De-Calais.svg_.png\",\"contentUrl\":\"https:\\\/\\\/assphilateliquelilloise.fr\\\/wp-content\\\/uploads\\\/2019\\\/01\\\/545px-Blason_Nord-Pas-De-Calais.svg_.png\",\"width\":545,\"height\":600},{\"@type\":\"BreadcrumbList\",\"@id\":\"https:\\\/\\\/assphilateliquelilloise.fr\\\/index.php\\\/lille-et-ses-quartiers\\\/#breadcrumb\",\"itemListElement\":[{\"@type\":\"ListItem\",\"position\":1,\"name\":\"Accueil\",\"item\":\"https:\\\/\\\/assphilateliquelilloise.fr\\\/\"},{\"@type\":\"ListItem\",\"position\":2,\"name\":\"Lille et ses quartiers\"}]},{\"@type\":\"WebSite\",\"@id\":\"https:\\\/\\\/assphilateliquelilloise.fr\\\/#website\",\"url\":\"https:\\\/\\\/assphilateliquelilloise.fr\\\/\",\"name\":\"Association Philat\u00e9lique de Lille-Mons et Environs\",\"description\":\"Site de l&#039;Association Philat\u00e9lique de Lille-Mons et Environs\",\"publisher\":{\"@id\":\"https:\\\/\\\/assphilateliquelilloise.fr\\\/#organization\"},\"potentialAction\":[{\"@type\":\"SearchAction\",\"target\":{\"@type\":\"EntryPoint\",\"urlTemplate\":\"https:\\\/\\\/assphilateliquelilloise.fr\\\/?s={search_term_string}\"},\"query-input\":{\"@type\":\"PropertyValueSpecification\",\"valueRequired\":true,\"valueName\":\"search_term_string\"}}],\"inLanguage\":\"fr-FR\"},{\"@type\":\"Organization\",\"@id\":\"https:\\\/\\\/assphilateliquelilloise.fr\\\/#organization\",\"name\":\"Association Philat\u00e9lique de Lille-Mons et Environs\",\"url\":\"https:\\\/\\\/assphilateliquelilloise.fr\\\/\",\"logo\":{\"@type\":\"ImageObject\",\"inLanguage\":\"fr-FR\",\"@id\":\"https:\\\/\\\/assphilateliquelilloise.fr\\\/#\\\/schema\\\/logo\\\/image\\\/\",\"url\":\"https:\\\/\\\/assphilateliquelilloise.fr\\\/wp-content\\\/uploads\\\/2024\\\/04\\\/Logo_APLME_Internet5.jpg\",\"contentUrl\":\"https:\\\/\\\/assphilateliquelilloise.fr\\\/wp-content\\\/uploads\\\/2024\\\/04\\\/Logo_APLME_Internet5.jpg\",\"width\":345,\"height\":162,\"caption\":\"Association Philat\u00e9lique de Lille-Mons et Environs\"},\"image\":{\"@id\":\"https:\\\/\\\/assphilateliquelilloise.fr\\\/#\\\/schema\\\/logo\\\/image\\\/\"}}]}<\/script>\n<!-- \/ Yoast SEO plugin. -->","yoast_head_json":{"title":"Lille et ses quartiers - Association Philat\u00e9lique de Lille-Mons et Environs","robots":{"index":"index","follow":"follow","max-snippet":"max-snippet:-1","max-image-preview":"max-image-preview:large","max-video-preview":"max-video-preview:-1"},"canonical":"https:\/\/assphilateliquelilloise.fr\/index.php\/lille-et-ses-quartiers\/","og_locale":"fr_FR","og_type":"article","og_title":"Lille et ses quartiers - Association Philat\u00e9lique de Lille-Mons et Environs","og_description":"Lille et ses quartiers \u00a0Lille Lille, pr\u00e9fecture du d\u00e9partement du Nord, chef-lieu de la r\u00e9gion Nord-Pas-de-Calais est surnomm\u00e9e la \u00ab\u00a0Capitale de Flandre\u00a0\u00bb Son nom en ancien fran\u00e7ais (L\u2019Isle), ou en Flamand (Ryssel) (Rijsel en n\u00e9erlandais, de \u00ab\u00a0ter Yssel\u00a0\u00bb) proviend\u00a0\u00a0de son \u00e9tablissement sur une \u00eele de la vall\u00e9e de\u00a0la De\u00fble. Lille est fran\u00e7aise depuis la guerre&hellip; Lire la suite","og_url":"https:\/\/assphilateliquelilloise.fr\/index.php\/lille-et-ses-quartiers\/","og_site_name":"Association Philat\u00e9lique de Lille-Mons et Environs","article_modified_time":"2019-01-20T17:07:24+00:00","og_image":[{"url":"http:\/\/assphilateliquelilloise.fr\/wp-content\/uploads\/2019\/01\/545px-Blason_Nord-Pas-De-Calais.svg_.png","type":"","width":"","height":""}],"twitter_card":"summary_large_image","twitter_misc":{"Dur\u00e9e de lecture estim\u00e9e":"2 minutes"},"schema":{"@context":"https:\/\/schema.org","@graph":[{"@type":"WebPage","@id":"https:\/\/assphilateliquelilloise.fr\/index.php\/lille-et-ses-quartiers\/","url":"https:\/\/assphilateliquelilloise.fr\/index.php\/lille-et-ses-quartiers\/","name":"Lille et ses quartiers - Association Philat\u00e9lique de Lille-Mons et Environs","isPartOf":{"@id":"https:\/\/assphilateliquelilloise.fr\/#website"},"primaryImageOfPage":{"@id":"https:\/\/assphilateliquelilloise.fr\/index.php\/lille-et-ses-quartiers\/#primaryimage"},"image":{"@id":"https:\/\/assphilateliquelilloise.fr\/index.php\/lille-et-ses-quartiers\/#primaryimage"},"thumbnailUrl":"http:\/\/assphilateliquelilloise.fr\/wp-content\/uploads\/2019\/01\/545px-Blason_Nord-Pas-De-Calais.svg_.png","datePublished":"2019-01-20T16:55:10+00:00","dateModified":"2019-01-20T17:07:24+00:00","breadcrumb":{"@id":"https:\/\/assphilateliquelilloise.fr\/index.php\/lille-et-ses-quartiers\/#breadcrumb"},"inLanguage":"fr-FR","potentialAction":[{"@type":"ReadAction","target":["https:\/\/assphilateliquelilloise.fr\/index.php\/lille-et-ses-quartiers\/"]}]},{"@type":"ImageObject","inLanguage":"fr-FR","@id":"https:\/\/assphilateliquelilloise.fr\/index.php\/lille-et-ses-quartiers\/#primaryimage","url":"https:\/\/assphilateliquelilloise.fr\/wp-content\/uploads\/2019\/01\/545px-Blason_Nord-Pas-De-Calais.svg_.png","contentUrl":"https:\/\/assphilateliquelilloise.fr\/wp-content\/uploads\/2019\/01\/545px-Blason_Nord-Pas-De-Calais.svg_.png","width":545,"height":600},{"@type":"BreadcrumbList","@id":"https:\/\/assphilateliquelilloise.fr\/index.php\/lille-et-ses-quartiers\/#breadcrumb","itemListElement":[{"@type":"ListItem","position":1,"name":"Accueil","item":"https:\/\/assphilateliquelilloise.fr\/"},{"@type":"ListItem","position":2,"name":"Lille et ses quartiers"}]},{"@type":"WebSite","@id":"https:\/\/assphilateliquelilloise.fr\/#website","url":"https:\/\/assphilateliquelilloise.fr\/","name":"Association Philat\u00e9lique de Lille-Mons et Environs","description":"Site de l&#039;Association Philat\u00e9lique de Lille-Mons et Environs","publisher":{"@id":"https:\/\/assphilateliquelilloise.fr\/#organization"},"potentialAction":[{"@type":"SearchAction","target":{"@type":"EntryPoint","urlTemplate":"https:\/\/assphilateliquelilloise.fr\/?s={search_term_string}"},"query-input":{"@type":"PropertyValueSpecification","valueRequired":true,"valueName":"search_term_string"}}],"inLanguage":"fr-FR"},{"@type":"Organization","@id":"https:\/\/assphilateliquelilloise.fr\/#organization","name":"Association Philat\u00e9lique de Lille-Mons et Environs","url":"https:\/\/assphilateliquelilloise.fr\/","logo":{"@type":"ImageObject","inLanguage":"fr-FR","@id":"https:\/\/assphilateliquelilloise.fr\/#\/schema\/logo\/image\/","url":"https:\/\/assphilateliquelilloise.fr\/wp-content\/uploads\/2024\/04\/Logo_APLME_Internet5.jpg","contentUrl":"https:\/\/assphilateliquelilloise.fr\/wp-content\/uploads\/2024\/04\/Logo_APLME_Internet5.jpg","width":345,"height":162,"caption":"Association Philat\u00e9lique de Lille-Mons et Environs"},"image":{"@id":"https:\/\/assphilateliquelilloise.fr\/#\/schema\/logo\/image\/"}}]}},"jetpack_sharing_enabled":true,"_links":{"self":[{"href":"https:\/\/assphilateliquelilloise.fr\/index.php\/wp-json\/wp\/v2\/pages\/539","targetHints":{"allow":["GET"]}}],"collection":[{"href":"https:\/\/assphilateliquelilloise.fr\/index.php\/wp-json\/wp\/v2\/pages"}],"about":[{"href":"https:\/\/assphilateliquelilloise.fr\/index.php\/wp-json\/wp\/v2\/types\/page"}],"author":[{"embeddable":true,"href":"https:\/\/assphilateliquelilloise.fr\/index.php\/wp-json\/wp\/v2\/users\/2"}],"replies":[{"embeddable":true,"href":"https:\/\/assphilateliquelilloise.fr\/index.php\/wp-json\/wp\/v2\/comments?post=539"}],"version-history":[{"count":4,"href":"https:\/\/assphilateliquelilloise.fr\/index.php\/wp-json\/wp\/v2\/pages\/539\/revisions"}],"predecessor-version":[{"id":557,"href":"https:\/\/assphilateliquelilloise.fr\/index.php\/wp-json\/wp\/v2\/pages\/539\/revisions\/557"}],"wp:attachment":[{"href":"https:\/\/assphilateliquelilloise.fr\/index.php\/wp-json\/wp\/v2\/media?parent=539"}],"curies":[{"name":"wp","href":"https:\/\/api.w.org\/{rel}","templated":true}]}}