{"id":592,"date":"2019-01-20T18:56:02","date_gmt":"2019-01-20T17:56:02","guid":{"rendered":"http:\/\/assphilateliquelilloise.fr\/?page_id=592"},"modified":"2024-04-11T09:27:37","modified_gmt":"2024-04-11T07:27:37","slug":"contact","status":"publish","type":"page","link":"https:\/\/assphilateliquelilloise.fr\/index.php\/contact\/","title":{"rendered":"Contact"},"content":{"rendered":"\t\t<div data-elementor-type=\"wp-post\" data-elementor-id=\"592\" class=\"elementor elementor-592\">\n\t\t\t\t\t\t<section class=\"elementor-section elementor-top-section elementor-element elementor-element-ce9a483 elementor-section-boxed elementor-section-height-default elementor-section-height-default\" data-id=\"ce9a483\" data-element_type=\"section\" data-e-type=\"section\">\n\t\t\t\t\t\t<div class=\"elementor-container elementor-column-gap-default\">\n\t\t\t\t\t<div class=\"elementor-column elementor-col-100 elementor-top-column elementor-element elementor-element-158d46b\" data-id=\"158d46b\" data-element_type=\"column\" data-e-type=\"column\">\n\t\t\t<div class=\"elementor-widget-wrap elementor-element-populated\">\n\t\t\t\t\t\t<div class=\"elementor-element elementor-element-043d17b elementor-widget elementor-widget-heading\" data-id=\"043d17b\" data-element_type=\"widget\" data-e-type=\"widget\" data-widget_type=\"heading.default\">\n\t\t\t\t<div class=\"elementor-widget-container\">\n\t\t\t\t\t<h2 class=\"elementor-heading-title elementor-size-default\"><span style=\"color:red\">N<\/span>ous contacter<\/h2>\t\t\t\t<\/div>\n\t\t\t\t<\/div>\n\t\t\t\t<div class=\"elementor-element elementor-element-019c289 elementor-widget-divider--view-line elementor-widget elementor-widget-divider\" data-id=\"019c289\" data-element_type=\"widget\" data-e-type=\"widget\" data-widget_type=\"divider.default\">\n\t\t\t\t<div class=\"elementor-widget-container\">\n\t\t\t\t\t\t\t<div class=\"elementor-divider\">\n\t\t\t<span class=\"elementor-divider-separator\">\n\t\t\t\t\t\t<\/span>\n\t\t<\/div>\n\t\t\t\t\t\t<\/div>\n\t\t\t\t<\/div>\n\t\t\t\t\t<\/div>\n\t\t<\/div>\n\t\t\t\t\t<\/div>\n\t\t<\/section>\n\t\t\t\t<section class=\"elementor-section elementor-top-section elementor-element elementor-element-49a6f4c elementor-section-boxed elementor-section-height-default elementor-section-height-default\" data-id=\"49a6f4c\" data-element_type=\"section\" data-e-type=\"section\">\n\t\t\t\t\t\t<div class=\"elementor-container elementor-column-gap-default\">\n\t\t\t\t\t<div class=\"elementor-column elementor-col-100 elementor-top-column elementor-element elementor-element-a22a5dd\" data-id=\"a22a5dd\" data-element_type=\"column\" data-e-type=\"column\">\n\t\t\t<div class=\"elementor-widget-wrap elementor-element-populated\">\n\t\t\t\t\t\t<section class=\"elementor-section elementor-inner-section elementor-element elementor-element-d54522b elementor-section-boxed elementor-section-height-default elementor-section-height-default\" data-id=\"d54522b\" data-element_type=\"section\" data-e-type=\"section\">\n\t\t\t\t\t\t<div class=\"elementor-container elementor-column-gap-default\">\n\t\t\t\t\t<div class=\"elementor-column elementor-col-50 elementor-inner-column elementor-element elementor-element-ff3be36\" data-id=\"ff3be36\" data-element_type=\"column\" data-e-type=\"column\">\n\t\t\t<div class=\"elementor-widget-wrap elementor-element-populated\">\n\t\t\t\t\t\t<div class=\"elementor-element elementor-element-03e0e9b elementor-drop-cap-yes elementor-drop-cap-view-default elementor-widget elementor-widget-text-editor\" data-id=\"03e0e9b\" data-element_type=\"widget\" data-e-type=\"widget\" data-settings=\"{&quot;drop_cap&quot;:&quot;yes&quot;}\" data-widget_type=\"text-editor.default\">\n\t\t\t\t<div class=\"elementor-widget-container\">\n\t\t\t\t\t\t\t\t\t<div class=\"mep_standard1\"><h1><span style=\"font-size: large;\">Vous souhaitez nous contacter :<\/span><\/h1><\/div><div class=\"mep_standard1\"><div class=\"mepw-bloc\" data-mepwifeo=\"1\"><div class=\"row mepw-row\"><div class=\"col mepw-cell\"><div class=\"inner-col-w\"><div>&#8211; pour nous communiquer un \u00e9v\u00e9nement philat\u00e9lique que vous organisez, qui vous tient \u00e0 coeur &#8230;.<br \/>&#8211; pour d\u00e9poser une petite annonce d&rsquo;\u00e9changes ou de recherches de timbres<br \/>&#8211; pour nous demander des renseignements que vous n&rsquo;avez pas trouver sur ce site<br \/>&#8211; pour r\u00e9pondre \u00e0 une annonce trouv\u00e9e sur ce site- pour nous faire part de vos suggestions<\/div><div>\u00a0<\/div><div>Vous pouvez contacter la pr\u00e9sidente, Brigitte Vansteendam, par mail<br \/><a href=\"mailto:isatis.van@laposte.net\"><span style=\"color: #0000ff;\">isatis.van@laposte.net<\/span><\/a> ou par t\u00e9l\u00e9phone :\u00a0 <span style=\"color: #0000ff;\">06 79 69 16 68<\/span>\u00a0<\/div><\/div><\/div><\/div><\/div><\/div>\t\t\t\t\t\t\t\t<\/div>\n\t\t\t\t<\/div>\n\t\t\t\t\t<\/div>\n\t\t<\/div>\n\t\t\t\t<div class=\"elementor-column elementor-col-50 elementor-inner-column elementor-element elementor-element-bd5a5d2\" data-id=\"bd5a5d2\" data-element_type=\"column\" data-e-type=\"column\">\n\t\t\t<div class=\"elementor-widget-wrap elementor-element-populated\">\n\t\t\t\t\t\t<div class=\"elementor-element elementor-element-58cf130 elementor-widget elementor-widget-spacer\" data-id=\"58cf130\" data-element_type=\"widget\" data-e-type=\"widget\" data-widget_type=\"spacer.default\">\n\t\t\t\t<div class=\"elementor-widget-container\">\n\t\t\t\t\t\t\t<div class=\"elementor-spacer\">\n\t\t\t<div class=\"elementor-spacer-inner\"><\/div>\n\t\t<\/div>\n\t\t\t\t\t\t<\/div>\n\t\t\t\t<\/div>\n\t\t\t\t<div class=\"elementor-element elementor-element-e8123f5 elementor-widget elementor-widget-image\" data-id=\"e8123f5\" data-element_type=\"widget\" data-e-type=\"widget\" data-widget_type=\"image.default\">\n\t\t\t\t<div class=\"elementor-widget-container\">\n\t\t\t\t\t\t\t\t\t\t\t\t\t\t\t<img fetchpriority=\"high\" decoding=\"async\" width=\"169\" height=\"300\" src=\"https:\/\/assphilateliquelilloise.fr\/wp-content\/uploads\/2018\/11\/Brigitte-169x300.jpg\" class=\"attachment-medium size-medium wp-image-140\" alt=\"\" srcset=\"https:\/\/assphilateliquelilloise.fr\/wp-content\/uploads\/2018\/11\/Brigitte-169x300.jpg 169w, https:\/\/assphilateliquelilloise.fr\/wp-content\/uploads\/2018\/11\/Brigitte-e1542899804629-84x150.jpg 84w, https:\/\/assphilateliquelilloise.fr\/wp-content\/uploads\/2018\/11\/Brigitte-576x1024.jpg 576w, https:\/\/assphilateliquelilloise.fr\/wp-content\/uploads\/2018\/11\/Brigitte-608x1080.jpg 608w, https:\/\/assphilateliquelilloise.fr\/wp-content\/uploads\/2018\/11\/Brigitte-e1542899833541.jpg 563w\" sizes=\"(max-width: 169px) 100vw, 169px\" \/>\t\t\t\t\t\t\t\t\t\t\t\t\t\t\t<\/div>\n\t\t\t\t<\/div>\n\t\t\t\t\t<\/div>\n\t\t<\/div>\n\t\t\t\t\t<\/div>\n\t\t<\/section>\n\t\t\t\t<div class=\"elementor-element elementor-element-7a32e01 elementor-widget elementor-widget-spacer\" data-id=\"7a32e01\" data-element_type=\"widget\" data-e-type=\"widget\" data-widget_type=\"spacer.default\">\n\t\t\t\t<div class=\"elementor-widget-container\">\n\t\t\t\t\t\t\t<div class=\"elementor-spacer\">\n\t\t\t<div class=\"elementor-spacer-inner\"><\/div>\n\t\t<\/div>\n\t\t\t\t\t\t<\/div>\n\t\t\t\t<\/div>\n\t\t\t\t<section class=\"elementor-section elementor-inner-section elementor-element elementor-element-6117383 elementor-section-boxed elementor-section-height-default elementor-section-height-default\" data-id=\"6117383\" data-element_type=\"section\" data-e-type=\"section\">\n\t\t\t\t\t\t<div class=\"elementor-container elementor-column-gap-default\">\n\t\t\t\t\t<div class=\"elementor-column elementor-col-50 elementor-inner-column elementor-element elementor-element-41b9844\" data-id=\"41b9844\" data-element_type=\"column\" data-e-type=\"column\">\n\t\t\t<div class=\"elementor-widget-wrap elementor-element-populated\">\n\t\t\t\t\t\t<div class=\"elementor-element elementor-element-1840bc7 elementor-widget elementor-widget-spacer\" data-id=\"1840bc7\" data-element_type=\"widget\" data-e-type=\"widget\" data-widget_type=\"spacer.default\">\n\t\t\t\t<div class=\"elementor-widget-container\">\n\t\t\t\t\t\t\t<div class=\"elementor-spacer\">\n\t\t\t<div class=\"elementor-spacer-inner\"><\/div>\n\t\t<\/div>\n\t\t\t\t\t\t<\/div>\n\t\t\t\t<\/div>\n\t\t\t\t<div class=\"elementor-element elementor-element-d1b230d elementor-widget elementor-widget-image\" data-id=\"d1b230d\" data-element_type=\"widget\" data-e-type=\"widget\" data-widget_type=\"image.default\">\n\t\t\t\t<div class=\"elementor-widget-container\">\n\t\t\t\t\t\t\t\t\t\t\t\t\t\t\t<img decoding=\"async\" width=\"152\" height=\"204\" src=\"https:\/\/assphilateliquelilloise.fr\/wp-content\/uploads\/2018\/11\/PhilippeSavary.jpg\" class=\"attachment-large size-large wp-image-144\" alt=\"\" \/>\t\t\t\t\t\t\t\t\t\t\t\t\t\t\t<\/div>\n\t\t\t\t<\/div>\n\t\t\t\t\t<\/div>\n\t\t<\/div>\n\t\t\t\t<div class=\"elementor-column elementor-col-50 elementor-inner-column elementor-element elementor-element-f9301db\" data-id=\"f9301db\" data-element_type=\"column\" data-e-type=\"column\">\n\t\t\t<div class=\"elementor-widget-wrap elementor-element-populated\">\n\t\t\t\t\t\t<div class=\"elementor-element elementor-element-a2781cd elementor-widget elementor-widget-text-editor\" data-id=\"a2781cd\" data-element_type=\"widget\" data-e-type=\"widget\" data-widget_type=\"text-editor.default\">\n\t\t\t\t<div class=\"elementor-widget-container\">\n\t\t\t\t\t\t\t\t\t<p>Philippe Savary vous contactera<\/p><ol><li>afin de vous donner des indications sur la valeur de votre (vos) collection(s)<\/li><li>comment la pr\u00e9senter pour la mise en vente<\/li><li>vous mettre en relation avec des adh\u00e9rents de notre association sp\u00e9cialis\u00e9s dans un pays ou une p\u00e9riode de votre collection<\/li><li>mettre en \u00e9vidence les points forts, et les points faibles \u00e9galement, de votre collection<\/li><li>vous mettre en relation avec des acheteurs potentiels dont nous connaissons le s\u00e9rieux<\/li><li>vous conseiller et vous aiguiller vers des acheteurs professionnels s\u00e9rieux<\/li><\/ol><p>et nous esp\u00e9rons vous aider \u00e0 \u00e9viter tous les pi\u00e8ges qui jalonneront votre d\u00e9marche et respecter la passion de la personne qui vous a transmis cette collection et qui a du y passer des heures de loisirs \u00e0 rassembler ces petites vignettes.<\/p><p>Pour le contacter : par mail : &lt;<a href=\"mailto:ph-savary@hotmail.fr\">ph-savary@hotmail.fr<\/a>&gt; ou par t\u00e9l\u00e9phone :\u00a0 \u00a0 \u00a0 \u00a0 09 53 61 65 96<\/p>\t\t\t\t\t\t\t\t<\/div>\n\t\t\t\t<\/div>\n\t\t\t\t\t<\/div>\n\t\t<\/div>\n\t\t\t\t\t<\/div>\n\t\t<\/section>\n\t\t\t\t\t<\/div>\n\t\t<\/div>\n\t\t\t\t\t<\/div>\n\t\t<\/section>\n\t\t\t\t<section class=\"elementor-section elementor-top-section elementor-element elementor-element-b731729 elementor-section-boxed elementor-section-height-default elementor-section-height-default\" data-id=\"b731729\" data-element_type=\"section\" data-e-type=\"section\">\n\t\t\t\t\t\t<div class=\"elementor-container elementor-column-gap-default\">\n\t\t\t\t\t<div class=\"elementor-column elementor-col-100 elementor-top-column elementor-element elementor-element-c23c9c2\" data-id=\"c23c9c2\" data-element_type=\"column\" data-e-type=\"column\">\n\t\t\t<div class=\"elementor-widget-wrap elementor-element-populated\">\n\t\t\t\t\t\t<div class=\"elementor-element elementor-element-916608c elementor-widget elementor-widget-text-editor\" data-id=\"916608c\" data-element_type=\"widget\" data-e-type=\"widget\" data-widget_type=\"text-editor.default\">\n\t\t\t\t<div class=\"elementor-widget-container\">\n\t\t\t\t\t\t\t\t\t<p>\u00a0<img decoding=\"async\" class=\"size-full wp-image-3275 aligncenter\" src=\"https:\/\/assphilateliquelilloise.fr\/wp-content\/uploads\/2023\/07\/Dialogue_2509.jpg\" alt=\"\" width=\"129\" height=\"152\" \/><\/p><h3 style=\"text-align: center;\"><span style=\"color: #ff0000;\"><strong>OU<\/strong><\/span> vous pouvez utiliser la page de notre site consacr\u00e9e <span style=\"color: #000000;\">aux<\/span> \u00e9changes. veuillez <span style=\"text-decoration: underline; color: #3366ff;\"><a style=\"color: #3366ff; text-decoration: underline;\" href=\"https:\/\/assphilateliquelilloise.fr\/index.php\/2023\/07\/03\/elementor-3263\/\">cliquez ici<\/a><\/span> pour y acc\u00e9der.<\/h3>\t\t\t\t\t\t\t\t<\/div>\n\t\t\t\t<\/div>\n\t\t\t\t\t<\/div>\n\t\t<\/div>\n\t\t\t\t\t<\/div>\n\t\t<\/section>\n\t\t\t\t<\/div>\n\t\t","protected":false},"excerpt":{"rendered":"<p>Nous contacter Vous souhaitez nous contacter : &#8211; pour nous communiquer un \u00e9v\u00e9nement philat\u00e9lique que vous organisez, qui vous tient \u00e0 coeur &#8230;.&#8211; pour d\u00e9poser une petite annonce d&rsquo;\u00e9changes ou de recherches de timbres&#8211; pour nous demander des renseignements que vous n&rsquo;avez pas trouver sur ce site&#8211; pour r\u00e9pondre \u00e0 une annonce trouv\u00e9e sur ce&hellip; <br \/> <a class=\"read-more\" href=\"https:\/\/assphilateliquelilloise.fr\/index.php\/contact\/\">Lire la suite<\/a><\/p>\n","protected":false},"author":2,"featured_media":0,"parent":0,"menu_order":0,"comment_status":"closed","ping_status":"closed","template":"","meta":{"footnotes":""},"class_list":["post-592","page","type-page","status-publish","hentry"],"yoast_head":"<!-- This site is optimized with the Yoast SEO plugin v27.3 - https:\/\/yoast.com\/product\/yoast-seo-wordpress\/ -->\n<title>Contact - Association Philat\u00e9lique de Lille-Mons et Environs<\/title>\n<meta name=\"robots\" content=\"index, follow, max-snippet:-1, max-image-preview:large, max-video-preview:-1\" \/>\n<link rel=\"canonical\" href=\"https:\/\/assphilateliquelilloise.fr\/index.php\/contact\/\" \/>\n<meta property=\"og:locale\" content=\"fr_FR\" \/>\n<meta property=\"og:type\" content=\"article\" \/>\n<meta property=\"og:title\" content=\"Contact - Association Philat\u00e9lique de Lille-Mons et Environs\" \/>\n<meta property=\"og:description\" content=\"Nous contacter Vous souhaitez nous contacter : &#8211; pour nous communiquer un \u00e9v\u00e9nement philat\u00e9lique que vous organisez, qui vous tient \u00e0 coeur &#8230;.&#8211; pour d\u00e9poser une petite annonce d&rsquo;\u00e9changes ou de recherches de timbres&#8211; pour nous demander des renseignements que vous n&rsquo;avez pas trouver sur ce site&#8211; pour r\u00e9pondre \u00e0 une annonce trouv\u00e9e sur ce&hellip; Lire la suite\" \/>\n<meta property=\"og:url\" content=\"https:\/\/assphilateliquelilloise.fr\/index.php\/contact\/\" \/>\n<meta property=\"og:site_name\" content=\"Association Philat\u00e9lique de Lille-Mons et Environs\" \/>\n<meta property=\"article:modified_time\" content=\"2024-04-11T07:27:37+00:00\" \/>\n<meta property=\"og:image\" content=\"https:\/\/assphilateliquelilloise.fr\/wp-content\/uploads\/2018\/11\/Brigitte-169x300.jpg\" \/>\n<meta name=\"twitter:card\" content=\"summary_large_image\" \/>\n<meta name=\"twitter:label1\" content=\"Dur\u00e9e de lecture estim\u00e9e\" \/>\n\t<meta name=\"twitter:data1\" content=\"2 minutes\" \/>\n<script type=\"application\/ld+json\" class=\"yoast-schema-graph\">{\"@context\":\"https:\\\/\\\/schema.org\",\"@graph\":[{\"@type\":\"WebPage\",\"@id\":\"https:\\\/\\\/assphilateliquelilloise.fr\\\/index.php\\\/contact\\\/\",\"url\":\"https:\\\/\\\/assphilateliquelilloise.fr\\\/index.php\\\/contact\\\/\",\"name\":\"Contact - Association Philat\u00e9lique de Lille-Mons et Environs\",\"isPartOf\":{\"@id\":\"https:\\\/\\\/assphilateliquelilloise.fr\\\/#website\"},\"primaryImageOfPage\":{\"@id\":\"https:\\\/\\\/assphilateliquelilloise.fr\\\/index.php\\\/contact\\\/#primaryimage\"},\"image\":{\"@id\":\"https:\\\/\\\/assphilateliquelilloise.fr\\\/index.php\\\/contact\\\/#primaryimage\"},\"thumbnailUrl\":\"https:\\\/\\\/assphilateliquelilloise.fr\\\/wp-content\\\/uploads\\\/2018\\\/11\\\/Brigitte-169x300.jpg\",\"datePublished\":\"2019-01-20T17:56:02+00:00\",\"dateModified\":\"2024-04-11T07:27:37+00:00\",\"breadcrumb\":{\"@id\":\"https:\\\/\\\/assphilateliquelilloise.fr\\\/index.php\\\/contact\\\/#breadcrumb\"},\"inLanguage\":\"fr-FR\",\"potentialAction\":[{\"@type\":\"ReadAction\",\"target\":[\"https:\\\/\\\/assphilateliquelilloise.fr\\\/index.php\\\/contact\\\/\"]}]},{\"@type\":\"ImageObject\",\"inLanguage\":\"fr-FR\",\"@id\":\"https:\\\/\\\/assphilateliquelilloise.fr\\\/index.php\\\/contact\\\/#primaryimage\",\"url\":\"https:\\\/\\\/assphilateliquelilloise.fr\\\/wp-content\\\/uploads\\\/2018\\\/11\\\/Brigitte-169x300.jpg\",\"contentUrl\":\"https:\\\/\\\/assphilateliquelilloise.fr\\\/wp-content\\\/uploads\\\/2018\\\/11\\\/Brigitte-169x300.jpg\"},{\"@type\":\"BreadcrumbList\",\"@id\":\"https:\\\/\\\/assphilateliquelilloise.fr\\\/index.php\\\/contact\\\/#breadcrumb\",\"itemListElement\":[{\"@type\":\"ListItem\",\"position\":1,\"name\":\"Accueil\",\"item\":\"https:\\\/\\\/assphilateliquelilloise.fr\\\/\"},{\"@type\":\"ListItem\",\"position\":2,\"name\":\"Contact\"}]},{\"@type\":\"WebSite\",\"@id\":\"https:\\\/\\\/assphilateliquelilloise.fr\\\/#website\",\"url\":\"https:\\\/\\\/assphilateliquelilloise.fr\\\/\",\"name\":\"Association Philat\u00e9lique de Lille-Mons et Environs\",\"description\":\"Site de l&#039;Association Philat\u00e9lique de Lille-Mons et Environs\",\"publisher\":{\"@id\":\"https:\\\/\\\/assphilateliquelilloise.fr\\\/#organization\"},\"potentialAction\":[{\"@type\":\"SearchAction\",\"target\":{\"@type\":\"EntryPoint\",\"urlTemplate\":\"https:\\\/\\\/assphilateliquelilloise.fr\\\/?s={search_term_string}\"},\"query-input\":{\"@type\":\"PropertyValueSpecification\",\"valueRequired\":true,\"valueName\":\"search_term_string\"}}],\"inLanguage\":\"fr-FR\"},{\"@type\":\"Organization\",\"@id\":\"https:\\\/\\\/assphilateliquelilloise.fr\\\/#organization\",\"name\":\"Association Philat\u00e9lique de Lille-Mons et Environs\",\"url\":\"https:\\\/\\\/assphilateliquelilloise.fr\\\/\",\"logo\":{\"@type\":\"ImageObject\",\"inLanguage\":\"fr-FR\",\"@id\":\"https:\\\/\\\/assphilateliquelilloise.fr\\\/#\\\/schema\\\/logo\\\/image\\\/\",\"url\":\"https:\\\/\\\/assphilateliquelilloise.fr\\\/wp-content\\\/uploads\\\/2024\\\/04\\\/Logo_APLME_Internet5.jpg\",\"contentUrl\":\"https:\\\/\\\/assphilateliquelilloise.fr\\\/wp-content\\\/uploads\\\/2024\\\/04\\\/Logo_APLME_Internet5.jpg\",\"width\":345,\"height\":162,\"caption\":\"Association Philat\u00e9lique de Lille-Mons et Environs\"},\"image\":{\"@id\":\"https:\\\/\\\/assphilateliquelilloise.fr\\\/#\\\/schema\\\/logo\\\/image\\\/\"}}]}<\/script>\n<!-- \/ Yoast SEO plugin. -->","yoast_head_json":{"title":"Contact - Association Philat\u00e9lique de Lille-Mons et Environs","robots":{"index":"index","follow":"follow","max-snippet":"max-snippet:-1","max-image-preview":"max-image-preview:large","max-video-preview":"max-video-preview:-1"},"canonical":"https:\/\/assphilateliquelilloise.fr\/index.php\/contact\/","og_locale":"fr_FR","og_type":"article","og_title":"Contact - Association Philat\u00e9lique de Lille-Mons et Environs","og_description":"Nous contacter Vous souhaitez nous contacter : &#8211; pour nous communiquer un \u00e9v\u00e9nement philat\u00e9lique que vous organisez, qui vous tient \u00e0 coeur &#8230;.&#8211; pour d\u00e9poser une petite annonce d&rsquo;\u00e9changes ou de recherches de timbres&#8211; pour nous demander des renseignements que vous n&rsquo;avez pas trouver sur ce site&#8211; pour r\u00e9pondre \u00e0 une annonce trouv\u00e9e sur ce&hellip; Lire la suite","og_url":"https:\/\/assphilateliquelilloise.fr\/index.php\/contact\/","og_site_name":"Association Philat\u00e9lique de Lille-Mons et Environs","article_modified_time":"2024-04-11T07:27:37+00:00","og_image":[{"url":"https:\/\/assphilateliquelilloise.fr\/wp-content\/uploads\/2018\/11\/Brigitte-169x300.jpg","type":"","width":"","height":""}],"twitter_card":"summary_large_image","twitter_misc":{"Dur\u00e9e de lecture estim\u00e9e":"2 minutes"},"schema":{"@context":"https:\/\/schema.org","@graph":[{"@type":"WebPage","@id":"https:\/\/assphilateliquelilloise.fr\/index.php\/contact\/","url":"https:\/\/assphilateliquelilloise.fr\/index.php\/contact\/","name":"Contact - Association Philat\u00e9lique de Lille-Mons et Environs","isPartOf":{"@id":"https:\/\/assphilateliquelilloise.fr\/#website"},"primaryImageOfPage":{"@id":"https:\/\/assphilateliquelilloise.fr\/index.php\/contact\/#primaryimage"},"image":{"@id":"https:\/\/assphilateliquelilloise.fr\/index.php\/contact\/#primaryimage"},"thumbnailUrl":"https:\/\/assphilateliquelilloise.fr\/wp-content\/uploads\/2018\/11\/Brigitte-169x300.jpg","datePublished":"2019-01-20T17:56:02+00:00","dateModified":"2024-04-11T07:27:37+00:00","breadcrumb":{"@id":"https:\/\/assphilateliquelilloise.fr\/index.php\/contact\/#breadcrumb"},"inLanguage":"fr-FR","potentialAction":[{"@type":"ReadAction","target":["https:\/\/assphilateliquelilloise.fr\/index.php\/contact\/"]}]},{"@type":"ImageObject","inLanguage":"fr-FR","@id":"https:\/\/assphilateliquelilloise.fr\/index.php\/contact\/#primaryimage","url":"https:\/\/assphilateliquelilloise.fr\/wp-content\/uploads\/2018\/11\/Brigitte-169x300.jpg","contentUrl":"https:\/\/assphilateliquelilloise.fr\/wp-content\/uploads\/2018\/11\/Brigitte-169x300.jpg"},{"@type":"BreadcrumbList","@id":"https:\/\/assphilateliquelilloise.fr\/index.php\/contact\/#breadcrumb","itemListElement":[{"@type":"ListItem","position":1,"name":"Accueil","item":"https:\/\/assphilateliquelilloise.fr\/"},{"@type":"ListItem","position":2,"name":"Contact"}]},{"@type":"WebSite","@id":"https:\/\/assphilateliquelilloise.fr\/#website","url":"https:\/\/assphilateliquelilloise.fr\/","name":"Association Philat\u00e9lique de Lille-Mons et Environs","description":"Site de l&#039;Association Philat\u00e9lique de Lille-Mons et Environs","publisher":{"@id":"https:\/\/assphilateliquelilloise.fr\/#organization"},"potentialAction":[{"@type":"SearchAction","target":{"@type":"EntryPoint","urlTemplate":"https:\/\/assphilateliquelilloise.fr\/?s={search_term_string}"},"query-input":{"@type":"PropertyValueSpecification","valueRequired":true,"valueName":"search_term_string"}}],"inLanguage":"fr-FR"},{"@type":"Organization","@id":"https:\/\/assphilateliquelilloise.fr\/#organization","name":"Association Philat\u00e9lique de Lille-Mons et Environs","url":"https:\/\/assphilateliquelilloise.fr\/","logo":{"@type":"ImageObject","inLanguage":"fr-FR","@id":"https:\/\/assphilateliquelilloise.fr\/#\/schema\/logo\/image\/","url":"https:\/\/assphilateliquelilloise.fr\/wp-content\/uploads\/2024\/04\/Logo_APLME_Internet5.jpg","contentUrl":"https:\/\/assphilateliquelilloise.fr\/wp-content\/uploads\/2024\/04\/Logo_APLME_Internet5.jpg","width":345,"height":162,"caption":"Association Philat\u00e9lique de Lille-Mons et Environs"},"image":{"@id":"https:\/\/assphilateliquelilloise.fr\/#\/schema\/logo\/image\/"}}]}},"jetpack_sharing_enabled":true,"_links":{"self":[{"href":"https:\/\/assphilateliquelilloise.fr\/index.php\/wp-json\/wp\/v2\/pages\/592","targetHints":{"allow":["GET"]}}],"collection":[{"href":"https:\/\/assphilateliquelilloise.fr\/index.php\/wp-json\/wp\/v2\/pages"}],"about":[{"href":"https:\/\/assphilateliquelilloise.fr\/index.php\/wp-json\/wp\/v2\/types\/page"}],"author":[{"embeddable":true,"href":"https:\/\/assphilateliquelilloise.fr\/index.php\/wp-json\/wp\/v2\/users\/2"}],"replies":[{"embeddable":true,"href":"https:\/\/assphilateliquelilloise.fr\/index.php\/wp-json\/wp\/v2\/comments?post=592"}],"version-history":[{"count":19,"href":"https:\/\/assphilateliquelilloise.fr\/index.php\/wp-json\/wp\/v2\/pages\/592\/revisions"}],"predecessor-version":[{"id":4113,"href":"https:\/\/assphilateliquelilloise.fr\/index.php\/wp-json\/wp\/v2\/pages\/592\/revisions\/4113"}],"wp:attachment":[{"href":"https:\/\/assphilateliquelilloise.fr\/index.php\/wp-json\/wp\/v2\/media?parent=592"}],"curies":[{"name":"wp","href":"https:\/\/api.w.org\/{rel}","templated":true}]}}