{"id":95,"date":"2018-11-13T16:36:58","date_gmt":"2018-11-13T15:36:58","guid":{"rendered":"http:\/\/assphilateliquelilloise.fr\/?page_id=95"},"modified":"2019-01-04T11:36:01","modified_gmt":"2019-01-04T10:36:01","slug":"fete-du-timbre-2018","status":"publish","type":"page","link":"https:\/\/assphilateliquelilloise.fr\/index.php\/fete-du-timbre-2018\/","title":{"rendered":"F\u00eate du timbre 2018"},"content":{"rendered":"\t\t<div data-elementor-type=\"wp-post\" data-elementor-id=\"95\" class=\"elementor elementor-95 elementor-bc-flex-widget\">\n\t\t\t\t\t\t<section class=\"elementor-section elementor-top-section elementor-element elementor-element-d1e83e6 elementor-section-boxed elementor-section-height-default elementor-section-height-default\" data-id=\"d1e83e6\" data-element_type=\"section\" data-e-type=\"section\">\n\t\t\t\t\t\t<div class=\"elementor-container elementor-column-gap-default\">\n\t\t\t\t\t<div class=\"elementor-column elementor-col-100 elementor-top-column elementor-element elementor-element-cacc9ed\" data-id=\"cacc9ed\" data-element_type=\"column\" data-e-type=\"column\">\n\t\t\t<div class=\"elementor-widget-wrap elementor-element-populated\">\n\t\t\t\t\t\t<div class=\"elementor-element elementor-element-747210d elementor-widget elementor-widget-heading\" data-id=\"747210d\" data-element_type=\"widget\" data-e-type=\"widget\" data-widget_type=\"heading.default\">\n\t\t\t\t<div class=\"elementor-widget-container\">\n\t\t\t\t\t<h2 class=\"elementor-heading-title elementor-size-default\"><span style=\"color:red\">F<\/span>\u00eate du timbre 2018<\/h2>\t\t\t\t<\/div>\n\t\t\t\t<\/div>\n\t\t\t\t<div class=\"elementor-element elementor-element-bcfc725 elementor-widget-divider--view-line elementor-widget elementor-widget-divider\" data-id=\"bcfc725\" data-element_type=\"widget\" data-e-type=\"widget\" data-widget_type=\"divider.default\">\n\t\t\t\t<div class=\"elementor-widget-container\">\n\t\t\t\t\t\t\t<div class=\"elementor-divider\">\n\t\t\t<span class=\"elementor-divider-separator\">\n\t\t\t\t\t\t<\/span>\n\t\t<\/div>\n\t\t\t\t\t\t<\/div>\n\t\t\t\t<\/div>\n\t\t\t\t\t<\/div>\n\t\t<\/div>\n\t\t\t\t\t<\/div>\n\t\t<\/section>\n\t\t\t\t<section class=\"elementor-section elementor-top-section elementor-element elementor-element-4f2835d elementor-section-boxed elementor-section-height-default elementor-section-height-default\" data-id=\"4f2835d\" data-element_type=\"section\" data-e-type=\"section\">\n\t\t\t\t\t\t<div class=\"elementor-container elementor-column-gap-default\">\n\t\t\t\t\t<div class=\"elementor-column elementor-col-100 elementor-top-column elementor-element elementor-element-4c6b0b7\" data-id=\"4c6b0b7\" data-element_type=\"column\" data-e-type=\"column\">\n\t\t\t<div class=\"elementor-widget-wrap elementor-element-populated\">\n\t\t\t\t\t\t<div class=\"elementor-element elementor-element-af14495 elementor-widget elementor-widget-image\" data-id=\"af14495\" data-element_type=\"widget\" data-e-type=\"widget\" data-widget_type=\"image.default\">\n\t\t\t\t<div class=\"elementor-widget-container\">\n\t\t\t\t\t\t\t\t\t\t\t\t\t\t\t<img decoding=\"async\" width=\"107\" height=\"71\" src=\"https:\/\/assphilateliquelilloise.fr\/wp-content\/uploads\/2019\/01\/AutomobileCollection2.jpg\" class=\"attachment-mesmerize-full-hd size-mesmerize-full-hd wp-image-419\" alt=\"\" \/>\t\t\t\t\t\t\t\t\t\t\t\t\t\t\t<\/div>\n\t\t\t\t<\/div>\n\t\t\t\t\t<\/div>\n\t\t<\/div>\n\t\t\t\t\t<\/div>\n\t\t<\/section>\n\t\t\t\t<\/div>\n\t\t","protected":false},"excerpt":{"rendered":"<p>F\u00eate du timbre 2018<\/p>\n","protected":false},"author":2,"featured_media":0,"parent":0,"menu_order":0,"comment_status":"closed","ping_status":"closed","template":"","meta":{"footnotes":""},"class_list":["post-95","page","type-page","status-publish","hentry"],"yoast_head":"<!-- This site is optimized with the Yoast SEO plugin v27.3 - https:\/\/yoast.com\/product\/yoast-seo-wordpress\/ -->\n<title>F\u00eate du timbre 2018 - Association Philat\u00e9lique de Lille-Mons et Environs<\/title>\n<meta name=\"robots\" content=\"index, follow, max-snippet:-1, max-image-preview:large, max-video-preview:-1\" \/>\n<link rel=\"canonical\" href=\"https:\/\/assphilateliquelilloise.fr\/index.php\/fete-du-timbre-2018\/\" \/>\n<meta property=\"og:locale\" content=\"fr_FR\" \/>\n<meta property=\"og:type\" content=\"article\" \/>\n<meta property=\"og:title\" content=\"F\u00eate du timbre 2018 - Association Philat\u00e9lique de Lille-Mons et Environs\" \/>\n<meta property=\"og:description\" content=\"F\u00eate du timbre 2018\" \/>\n<meta property=\"og:url\" content=\"https:\/\/assphilateliquelilloise.fr\/index.php\/fete-du-timbre-2018\/\" \/>\n<meta property=\"og:site_name\" content=\"Association Philat\u00e9lique de Lille-Mons et Environs\" \/>\n<meta property=\"article:modified_time\" content=\"2019-01-04T10:36:01+00:00\" \/>\n<meta property=\"og:image\" content=\"http:\/\/assphilateliquelilloise.fr\/wp-content\/uploads\/2019\/01\/AutomobileCollection2.jpg\" \/>\n<meta name=\"twitter:card\" content=\"summary_large_image\" \/>\n<script type=\"application\/ld+json\" class=\"yoast-schema-graph\">{\"@context\":\"https:\\\/\\\/schema.org\",\"@graph\":[{\"@type\":\"WebPage\",\"@id\":\"https:\\\/\\\/assphilateliquelilloise.fr\\\/index.php\\\/fete-du-timbre-2018\\\/\",\"url\":\"https:\\\/\\\/assphilateliquelilloise.fr\\\/index.php\\\/fete-du-timbre-2018\\\/\",\"name\":\"F\u00eate du timbre 2018 - Association Philat\u00e9lique de Lille-Mons et Environs\",\"isPartOf\":{\"@id\":\"https:\\\/\\\/assphilateliquelilloise.fr\\\/#website\"},\"primaryImageOfPage\":{\"@id\":\"https:\\\/\\\/assphilateliquelilloise.fr\\\/index.php\\\/fete-du-timbre-2018\\\/#primaryimage\"},\"image\":{\"@id\":\"https:\\\/\\\/assphilateliquelilloise.fr\\\/index.php\\\/fete-du-timbre-2018\\\/#primaryimage\"},\"thumbnailUrl\":\"http:\\\/\\\/assphilateliquelilloise.fr\\\/wp-content\\\/uploads\\\/2019\\\/01\\\/AutomobileCollection2.jpg\",\"datePublished\":\"2018-11-13T15:36:58+00:00\",\"dateModified\":\"2019-01-04T10:36:01+00:00\",\"breadcrumb\":{\"@id\":\"https:\\\/\\\/assphilateliquelilloise.fr\\\/index.php\\\/fete-du-timbre-2018\\\/#breadcrumb\"},\"inLanguage\":\"fr-FR\",\"potentialAction\":[{\"@type\":\"ReadAction\",\"target\":[\"https:\\\/\\\/assphilateliquelilloise.fr\\\/index.php\\\/fete-du-timbre-2018\\\/\"]}]},{\"@type\":\"ImageObject\",\"inLanguage\":\"fr-FR\",\"@id\":\"https:\\\/\\\/assphilateliquelilloise.fr\\\/index.php\\\/fete-du-timbre-2018\\\/#primaryimage\",\"url\":\"http:\\\/\\\/assphilateliquelilloise.fr\\\/wp-content\\\/uploads\\\/2019\\\/01\\\/AutomobileCollection2.jpg\",\"contentUrl\":\"http:\\\/\\\/assphilateliquelilloise.fr\\\/wp-content\\\/uploads\\\/2019\\\/01\\\/AutomobileCollection2.jpg\"},{\"@type\":\"BreadcrumbList\",\"@id\":\"https:\\\/\\\/assphilateliquelilloise.fr\\\/index.php\\\/fete-du-timbre-2018\\\/#breadcrumb\",\"itemListElement\":[{\"@type\":\"ListItem\",\"position\":1,\"name\":\"Accueil\",\"item\":\"https:\\\/\\\/assphilateliquelilloise.fr\\\/\"},{\"@type\":\"ListItem\",\"position\":2,\"name\":\"F\u00eate du timbre 2018\"}]},{\"@type\":\"WebSite\",\"@id\":\"https:\\\/\\\/assphilateliquelilloise.fr\\\/#website\",\"url\":\"https:\\\/\\\/assphilateliquelilloise.fr\\\/\",\"name\":\"Association Philat\u00e9lique de Lille-Mons et Environs\",\"description\":\"Site de l&#039;Association Philat\u00e9lique de Lille-Mons et Environs\",\"publisher\":{\"@id\":\"https:\\\/\\\/assphilateliquelilloise.fr\\\/#organization\"},\"potentialAction\":[{\"@type\":\"SearchAction\",\"target\":{\"@type\":\"EntryPoint\",\"urlTemplate\":\"https:\\\/\\\/assphilateliquelilloise.fr\\\/?s={search_term_string}\"},\"query-input\":{\"@type\":\"PropertyValueSpecification\",\"valueRequired\":true,\"valueName\":\"search_term_string\"}}],\"inLanguage\":\"fr-FR\"},{\"@type\":\"Organization\",\"@id\":\"https:\\\/\\\/assphilateliquelilloise.fr\\\/#organization\",\"name\":\"Association Philat\u00e9lique de Lille-Mons et Environs\",\"url\":\"https:\\\/\\\/assphilateliquelilloise.fr\\\/\",\"logo\":{\"@type\":\"ImageObject\",\"inLanguage\":\"fr-FR\",\"@id\":\"https:\\\/\\\/assphilateliquelilloise.fr\\\/#\\\/schema\\\/logo\\\/image\\\/\",\"url\":\"https:\\\/\\\/assphilateliquelilloise.fr\\\/wp-content\\\/uploads\\\/2024\\\/04\\\/Logo_APLME_Internet5.jpg\",\"contentUrl\":\"https:\\\/\\\/assphilateliquelilloise.fr\\\/wp-content\\\/uploads\\\/2024\\\/04\\\/Logo_APLME_Internet5.jpg\",\"width\":345,\"height\":162,\"caption\":\"Association Philat\u00e9lique de Lille-Mons et Environs\"},\"image\":{\"@id\":\"https:\\\/\\\/assphilateliquelilloise.fr\\\/#\\\/schema\\\/logo\\\/image\\\/\"}}]}<\/script>\n<!-- \/ Yoast SEO plugin. -->","yoast_head_json":{"title":"F\u00eate du timbre 2018 - Association Philat\u00e9lique de Lille-Mons et Environs","robots":{"index":"index","follow":"follow","max-snippet":"max-snippet:-1","max-image-preview":"max-image-preview:large","max-video-preview":"max-video-preview:-1"},"canonical":"https:\/\/assphilateliquelilloise.fr\/index.php\/fete-du-timbre-2018\/","og_locale":"fr_FR","og_type":"article","og_title":"F\u00eate du timbre 2018 - Association Philat\u00e9lique de Lille-Mons et Environs","og_description":"F\u00eate du timbre 2018","og_url":"https:\/\/assphilateliquelilloise.fr\/index.php\/fete-du-timbre-2018\/","og_site_name":"Association Philat\u00e9lique de Lille-Mons et Environs","article_modified_time":"2019-01-04T10:36:01+00:00","og_image":[{"url":"http:\/\/assphilateliquelilloise.fr\/wp-content\/uploads\/2019\/01\/AutomobileCollection2.jpg","type":"","width":"","height":""}],"twitter_card":"summary_large_image","schema":{"@context":"https:\/\/schema.org","@graph":[{"@type":"WebPage","@id":"https:\/\/assphilateliquelilloise.fr\/index.php\/fete-du-timbre-2018\/","url":"https:\/\/assphilateliquelilloise.fr\/index.php\/fete-du-timbre-2018\/","name":"F\u00eate du timbre 2018 - Association Philat\u00e9lique de Lille-Mons et Environs","isPartOf":{"@id":"https:\/\/assphilateliquelilloise.fr\/#website"},"primaryImageOfPage":{"@id":"https:\/\/assphilateliquelilloise.fr\/index.php\/fete-du-timbre-2018\/#primaryimage"},"image":{"@id":"https:\/\/assphilateliquelilloise.fr\/index.php\/fete-du-timbre-2018\/#primaryimage"},"thumbnailUrl":"http:\/\/assphilateliquelilloise.fr\/wp-content\/uploads\/2019\/01\/AutomobileCollection2.jpg","datePublished":"2018-11-13T15:36:58+00:00","dateModified":"2019-01-04T10:36:01+00:00","breadcrumb":{"@id":"https:\/\/assphilateliquelilloise.fr\/index.php\/fete-du-timbre-2018\/#breadcrumb"},"inLanguage":"fr-FR","potentialAction":[{"@type":"ReadAction","target":["https:\/\/assphilateliquelilloise.fr\/index.php\/fete-du-timbre-2018\/"]}]},{"@type":"ImageObject","inLanguage":"fr-FR","@id":"https:\/\/assphilateliquelilloise.fr\/index.php\/fete-du-timbre-2018\/#primaryimage","url":"http:\/\/assphilateliquelilloise.fr\/wp-content\/uploads\/2019\/01\/AutomobileCollection2.jpg","contentUrl":"http:\/\/assphilateliquelilloise.fr\/wp-content\/uploads\/2019\/01\/AutomobileCollection2.jpg"},{"@type":"BreadcrumbList","@id":"https:\/\/assphilateliquelilloise.fr\/index.php\/fete-du-timbre-2018\/#breadcrumb","itemListElement":[{"@type":"ListItem","position":1,"name":"Accueil","item":"https:\/\/assphilateliquelilloise.fr\/"},{"@type":"ListItem","position":2,"name":"F\u00eate du timbre 2018"}]},{"@type":"WebSite","@id":"https:\/\/assphilateliquelilloise.fr\/#website","url":"https:\/\/assphilateliquelilloise.fr\/","name":"Association Philat\u00e9lique de Lille-Mons et Environs","description":"Site de l&#039;Association Philat\u00e9lique de Lille-Mons et Environs","publisher":{"@id":"https:\/\/assphilateliquelilloise.fr\/#organization"},"potentialAction":[{"@type":"SearchAction","target":{"@type":"EntryPoint","urlTemplate":"https:\/\/assphilateliquelilloise.fr\/?s={search_term_string}"},"query-input":{"@type":"PropertyValueSpecification","valueRequired":true,"valueName":"search_term_string"}}],"inLanguage":"fr-FR"},{"@type":"Organization","@id":"https:\/\/assphilateliquelilloise.fr\/#organization","name":"Association Philat\u00e9lique de Lille-Mons et Environs","url":"https:\/\/assphilateliquelilloise.fr\/","logo":{"@type":"ImageObject","inLanguage":"fr-FR","@id":"https:\/\/assphilateliquelilloise.fr\/#\/schema\/logo\/image\/","url":"https:\/\/assphilateliquelilloise.fr\/wp-content\/uploads\/2024\/04\/Logo_APLME_Internet5.jpg","contentUrl":"https:\/\/assphilateliquelilloise.fr\/wp-content\/uploads\/2024\/04\/Logo_APLME_Internet5.jpg","width":345,"height":162,"caption":"Association Philat\u00e9lique de Lille-Mons et Environs"},"image":{"@id":"https:\/\/assphilateliquelilloise.fr\/#\/schema\/logo\/image\/"}}]}},"jetpack_sharing_enabled":true,"_links":{"self":[{"href":"https:\/\/assphilateliquelilloise.fr\/index.php\/wp-json\/wp\/v2\/pages\/95","targetHints":{"allow":["GET"]}}],"collection":[{"href":"https:\/\/assphilateliquelilloise.fr\/index.php\/wp-json\/wp\/v2\/pages"}],"about":[{"href":"https:\/\/assphilateliquelilloise.fr\/index.php\/wp-json\/wp\/v2\/types\/page"}],"author":[{"embeddable":true,"href":"https:\/\/assphilateliquelilloise.fr\/index.php\/wp-json\/wp\/v2\/users\/2"}],"replies":[{"embeddable":true,"href":"https:\/\/assphilateliquelilloise.fr\/index.php\/wp-json\/wp\/v2\/comments?post=95"}],"version-history":[{"count":2,"href":"https:\/\/assphilateliquelilloise.fr\/index.php\/wp-json\/wp\/v2\/pages\/95\/revisions"}],"predecessor-version":[{"id":420,"href":"https:\/\/assphilateliquelilloise.fr\/index.php\/wp-json\/wp\/v2\/pages\/95\/revisions\/420"}],"wp:attachment":[{"href":"https:\/\/assphilateliquelilloise.fr\/index.php\/wp-json\/wp\/v2\/media?parent=95"}],"curies":[{"name":"wp","href":"https:\/\/api.w.org\/{rel}","templated":true}]}}